{"id":2204,"date":"2014-10-08T13:08:56","date_gmt":"2014-10-08T13:08:56","guid":{"rendered":"http:\/\/coraldebilbao.com\/quienes-somos\/ediciones-y-publicaciones\/"},"modified":"2025-06-27T10:39:59","modified_gmt":"2025-06-27T08:39:59","slug":"ediciones-y-publicaciones","status":"publish","type":"page","link":"https:\/\/www.coraldebilbao.com\/fr\/quienes-somos\/ediciones-y-publicaciones\/","title":{"rendered":"Communiqu\u00e9s et publications"},"content":{"rendered":"<h2>Communiqu\u00e9s et publications<\/h2>\n<div  class='column dt-sc-one-half   first' ><div class='dt-sc-toggle-frame-set'><div class=\"dt-sc-toggle-frame\">\t<h5 class='dt-sc-toggle-accordion '><a href='#'>LIDE TA IXIDOR<\/a><\/h5>\t<div class=\"dt-sc-toggle-content\" style=\"display: none;\">\t\t<div class=\"block\"><img loading=\"lazy\" class=\"wp-image-25512 size-full alignright\" src=\"https:\/\/www.coraldebilbao.com\/wp-content\/uploads\/2025\/06\/lide-ta-ixidor-portada-2.jpg\" alt=\"Lide eta Ixidor\" width=\"150\" height=\"129\" \/><\/p>\n<h4>Lide ta Ixidor<\/h4>\n<p>Grabaci\u00f3n realizada en 2021\t\t<\/div>\t<\/div><\/div>\n<div  class='column dt-sc-one-half   first' ><\/div><div class='dt-sc-toggle-frame-set'><\/div><div class=\"dt-sc-toggle-frame\">\t<h5 class='dt-sc-toggle-accordion '><a href='#'>KANTA DAGIGUN DANOK<\/a><\/h5>\t<div class=\"dt-sc-toggle-content\" style=\"display: none;\">\t\t<div class=\"block\"><img loading=\"lazy\" class=\"wp-image-25518 size-full alignright\" src=\"https:\/\/www.coraldebilbao.com\/wp-content\/uploads\/2025\/06\/Kanta-dagigun-danok-portada.jpg\" alt=\"Kanta dagigun danok\" width=\"150\" height=\"113\" \/><\/p>\n<h4>Kanta dagigun danok<\/h4>\n<p>Grabaci\u00f3n realizada en 2021\t\t<\/div>\t<\/div><\/div>\n<div  class='column dt-sc-one-half   first' ><\/div><div class='dt-sc-toggle-frame-set'><\/div><div class=\"dt-sc-toggle-frame\">\t<h5 class='dt-sc-toggle-accordion '><a href='#'>MAITENA<\/a><\/h5>\t<div class=\"dt-sc-toggle-content\" style=\"display: none;\">\t\t<div class=\"block\"><img class=\"alignright\" src=\"https:\/\/www.coraldebilbao.com\/wp-content\/uploads\/2022\/06\/maitena-cover-coral-de-bilbao.jpg\" \/><\/p>\n<h4>Maitena<\/h4>\n<p>Grabaci\u00f3n realizada en 2020\t\t<\/div>\t<\/div><\/div>\n<div  class='column dt-sc-one-half   first' ><\/div><div class='dt-sc-toggle-frame-set'><\/div><div class=\"dt-sc-toggle-frame\">\t<h5 class='dt-sc-toggle-accordion '><a href='#'>ARGI HASTIAN<\/a><\/h5>\t<div class=\"dt-sc-toggle-content\" style=\"display: none;\">\t\t<div class=\"block\"><img class=\"alignright\" src=\"https:\/\/www.coraldebilbao.com\/wp-content\/uploads\/2022\/06\/argi-hastian-coral-de-bilbao.jpg\" \/><\/p>\n<h4>Argi hastian<\/h4>\n<p>Grabaci\u00f3n realizada en 2020\t\t<\/div>\t<\/div><\/div>\n<div class=\"dt-sc-toggle-frame\">\t<h5 class='dt-sc-toggle-accordion '><a href='#'>VELATIA<\/a><\/h5>\t<div class=\"dt-sc-toggle-content\" style=\"display: none;\">\t\t<div class=\"block\"><img loading=\"lazy\" class=\"alignright size-full wp-image-2215\" src=\"https:\/\/www.coraldebilbao.com\/wp-content\/uploads\/2014\/10\/velatia.jpg\" alt=\"velatia\" width=\"150\" height=\"136\" \/><\/p>\n<h4>VELATIA<\/h4>\n<p><strong>Plusieurs auteurs<\/strong>\n\u0152uvres choisies de la musique pop. \u00c9dition Exclusive Velatia<\/p>\n<p>Piano: Anus Cividian \u2013 Guitare: XabierM\u00e9ndez \u2013Organe Hammond: Juan Ortiz \u2013 Chorale Euskeria de la Chorale de Bilbao \u2013 UrkoSangr\u00f3niz, directeur<\/p>\n<p>Enregistr\u00e9 dans la salle de r\u00e9p\u00e9tition de la chorale de Bilbao du 22 au 24 Juin 2012<\/p>\n<p>D\u00e9p.L\u00e9gal Bi\/1886\/2012\t\t<\/div>\t<\/div><\/div>\n<div class=\"dt-sc-toggle-frame\">\t<h5 class='dt-sc-toggle-accordion '><a href='#'>Cantando durant 125 ans<\/a><\/h5>\t<div class=\"dt-sc-toggle-content\" style=\"display: none;\">\t\t<div class=\"block\"><img loading=\"lazy\" class=\"alignright size-thumbnail wp-image-1791\" src=\"https:\/\/www.coraldebilbao.com\/wp-content\/uploads\/2014\/10\/125-Urte-Kantuan-150x150.jpg\" alt=\"125 Urte Kantuan\" width=\"150\" height=\"150\" \/><\/p>\n<h4>Cantando durant 125 ans<\/h4>\n<p><strong>Divers auteurs<\/strong>\nProduction cr\u00e9\u00e9e pour comm\u00e9morer le 125e anniversaire de la Soci\u00e9t\u00e9 Chorale de Bilbao<\/p>\n<p>Bande Municipal de Bilbao \u2013 Chorale de Bilbao, Chorale Euskeria de la Choral de Bilbao et Chorale du Conservatoire de la Chorale de Bilbao \u2013 I\u00f1akiUrkizu, directeur<\/p>\n<p>Enregistr\u00e9 dans les locaux de EITB \u00e0 Bilbao en Juillet 2011<\/p>\n<p>EL CORREO\/2011\t\t<\/div>\t<\/div><\/div>\n<div class=\"dt-sc-toggle-frame\">\t<h5 class='dt-sc-toggle-accordion '><a href='#'>Concert de No\u00ebl BBVA<\/a><\/h5>\t<div class=\"dt-sc-toggle-content\" style=\"display: none;\">\t\t<div class=\"block\"><img loading=\"lazy\" class=\"alignright size-full wp-image-2224\" src=\"https:\/\/www.coraldebilbao.com\/wp-content\/uploads\/2014\/10\/concierto-navidad-bbva.jpg\" alt=\"concierto-navidad-bbva\" width=\"150\" height=\"134\" \/><\/p>\n<h4>Concert de No\u00ebl BBVA-125e anniversaire Soci\u00e9t\u00e9 Chorale Bilbao<\/h4>\n<p><strong>Divers auteurs<\/strong><\/p>\n<p>Bande Municipal de Bilbao &#8211; Soci\u00e9t\u00e9 Chorale Bilbao, Ch\u0153ur de la Chorale de Bilbao Euskeria Conservatoire Chorale de la chorale de Bilbao &#8211; I\u00f1akiUrkizu, directeur<\/p>\n<p>D\u00e9p.L\u00e9gal: BI-3181\/2011\nBBVA\t\t<\/div>\t<\/div><\/div>\n<div class=\"dt-sc-toggle-frame\">\t<h5 class='dt-sc-toggle-accordion '><a href='#'>Pablo Sorozabal<\/a><\/h5>\t<div class=\"dt-sc-toggle-content\" style=\"display: none;\">\t\t<div class=\"block\"><img loading=\"lazy\" class=\"alignright size-thumbnail wp-image-1779\" src=\"https:\/\/www.coraldebilbao.com\/wp-content\/uploads\/2014\/10\/21Sorozabal-150x150.jpg\" alt=\"21Sorozabal\" width=\"150\" height=\"150\" srcset=\"https:\/\/www.coraldebilbao.com\/wp-content\/uploads\/2014\/10\/21Sorozabal-150x150.jpg 150w, https:\/\/www.coraldebilbao.com\/wp-content\/uploads\/2014\/10\/21Sorozabal.jpg 190w\" sizes=\"(max-width: 150px) 100vw, 150px\" \/><\/p>\n<h4>Pablo Sorozabal<\/h4>\n<p><strong>Pablo Sorozabal (1897-1988)<\/strong>\n(Divers oeuvres)<\/p>\n<p>MaiteArruabarrena, soprano \u2013 Orchestre Symphonique d&#8217;Euskadi &#8211; Soci\u00e9t\u00e9 Chorale de Bilbao \u2013 CristianMandeal, directeur<\/p>\n<p>Basque Music Collection, Vol. VI\nClaves Records CD50-2205<\/p>\n<p>R\u00e9\u00e9dition: collection \u201cM\u00fasica Vasca-Euskal Musika\u201d\n2008 International Livre\nDep. Legal S-1057-2008<\/p>\t\t<\/div>\t<\/div><\/div>\n<div class=\"dt-sc-toggle-frame\">\t<h5 class='dt-sc-toggle-accordion '><a href='#'>KATIUSKA<\/a><\/h5>\t<div class=\"dt-sc-toggle-content\" style=\"display: none;\">\t\t<div class=\"block\"><img loading=\"lazy\" class=\"alignright size-thumbnail wp-image-1788\" src=\"https:\/\/www.coraldebilbao.com\/wp-content\/uploads\/2014\/10\/katiuska_edited-150x150.jpg\" alt=\"katiuska_edited\" width=\"150\" height=\"150\" \/><\/p>\n<h4>KATIUSKA<\/h4>\n<p><strong>Pablo Soroz\u00e1bal (1897-1988)<\/strong>\nZarzuela en un acte, original de Emilio Gonz\u00e1lez del Castillo et Manuel Martinalonso\nEdition Critique de Pablo Sorozabal G\u00f3mez<\/p>\n<p>Katiuska: MaiteAlberola, soprano \u2013 Pedro Starkof: \u00c1ngelOdena, bar\u00edtono \u2013 Pr\u00edncipe Sergio: Jon Plazaola, t\u00e9nor \u2013 Coronel Brunovich: Enrique Baquerizo, bar\u00edtono \u2013 Olga: Milagros Mart\u00edn, soprano \u2013 Tatiana: Trinidad Iglesias, actrice \u2013 Boni: MikeldiAtxalandabaso, t\u00e9nor \u2013 Amadeo Pich: Lander Iglesias, acteur<\/p>\n<p>Orchestre Symphonique d&#8217;Bilbao &#8211; Soci\u00e9t\u00e9 Chorale de Bilbao \u2013 David Gim\u00e9nezCarreras, directeur musical \u2013 Emilio Sagi, directeur de sc\u00e8ne.<\/p>\n<p>Nouvelle production du Teatro Arriaga, en coproduction avec le Th\u00e9\u00e2treCalderon \u00e0 Valladolid, Th\u00e9\u00e2tre Campoamor d&#8217;Oviedo et Th\u00e9\u00e2tre espagnol Madrid\nEnregistr\u00e9 au Teatro Arriaga de Bilbao du 24 au 29 Septembre 2008<\/p>\n<p>2009 Fundation de la Zarzuela Espagnoleet Sello Auteur SA01625\nDep. Legal M-19657-2009- S.G.A.E.- DVD<\/p>\t\t<\/div>\t<\/div><\/div>\n<div class=\"dt-sc-toggle-frame\">\t<h5 class='dt-sc-toggle-accordion '><a href='#'>Music of the spheres<\/a><\/h5>\t<div class=\"dt-sc-toggle-content\" style=\"display: none;\">\t\t<div class=\"block\"><img loading=\"lazy\" class=\"alignright size-full wp-image-2219\" src=\"https:\/\/www.coraldebilbao.com\/wp-content\/uploads\/2014\/10\/Mike-Oldfield.jpg\" alt=\"Mike Oldfield\" width=\"160\" height=\"160\" srcset=\"https:\/\/www.coraldebilbao.com\/wp-content\/uploads\/2014\/10\/Mike-Oldfield.jpg 160w, https:\/\/www.coraldebilbao.com\/wp-content\/uploads\/2014\/10\/Mike-Oldfield-150x150.jpg 150w\" sizes=\"(max-width: 160px) 100vw, 160px\" \/><\/p>\n<h4>Music of the spheres<\/h4>\n<p><strong>Mikel Oldfield (1953-)<\/strong><\/p>\n<p>Available on CD for first time\n2 CD limited Edition\nCD 2 &#8211; Bonus Disc featuring \u201cLive at the Guggenheim\u201d performance (07.03.08)<\/p>\n<p>Hayley Westenra, soprano \u2013 MikelOldfield, guitare \u2013 Orchestre Symphonique d&#8217;Euskadi &#8211; Soci\u00e9t\u00e9 Chorale de Bilbao (choral f\u00e9minin) \u2013 Enrique Ugarte, directeur<\/p>\n<p>Mercury Records Limited under exclusive licence to Universal Music Classics and Jazz a division of Universal Operations Limited\nMade in EU. BIEM\/SABAM.00028947669708\nwww.mikeoldfield.com<\/p>\t\t<\/div>\t<\/div><\/div>\n<div class=\"dt-sc-toggle-frame\">\t<h5 class='dt-sc-toggle-accordion '><a href='#'>GERNIKA<\/a><\/h5>\t<div class=\"dt-sc-toggle-content\" style=\"display: none;\">\t\t<div class=\"block\"><img loading=\"lazy\" class=\"alignright size-thumbnail wp-image-1776\" src=\"https:\/\/www.coraldebilbao.com\/wp-content\/uploads\/2014\/10\/gernika-150x150.jpg\" alt=\"gernika\" width=\"150\" height=\"150\" srcset=\"https:\/\/www.coraldebilbao.com\/wp-content\/uploads\/2014\/10\/gernika-150x150.jpg 150w, https:\/\/www.coraldebilbao.com\/wp-content\/uploads\/2014\/10\/gernika.jpg 190w\" sizes=\"(max-width: 150px) 100vw, 150px\" \/><\/p>\n<h4>Guernica, op\u00e9ra en quatre actes<\/h4>\n<p><strong>Francisco Escudero (1912-2002)<\/strong><\/p>\n<p>Ordonnance rendue par la Soci\u00e9t\u00e9 Chorale de Bilbao en 1979\nLivret: Francis Escudero invoqu\u00e9 sur une histoire par Luis Iriondo<\/p>\n<p>Guernica: Ana Maria Sanchez, soprano &#8211; Podium: Manuel Lanza, baryton &#8211; Gogor: Gustavo Pe\u00f1a, t\u00e9nor &#8211; Aitona: Alfonso Echevarria, bas &#8211; le roi Enrique Baquerizo, baryton &#8211; Publius: Fernando Cobo, t\u00e9nor &#8211; Aitor \/ Honneurs 2: GorkaGerrikabeitia t\u00e9nor (*) &#8211; Aritz Luis Maria Uriarte, t\u00e9nor (*) &#8211; Arkaitz J\u00e9sus Arranz, (*) &#8211; honoraire 1: ImanolNebreda, t\u00e9nor (*) &#8211; Herald \/ chef de troupe: UrkoSangroniz, baryton (*) &#8211; Soeur: Loli Hernandez, soprano (*)\n(*) Les composantes de la chorale<\/p>\n<p>Orchestre Symphonique d&#8217;Euskadi &#8211; Soci\u00e9t\u00e9 Chorale de Bilbao &#8211; Jose Ramon Oaks, Directeur\nEnregistr\u00e9 en Novembre et D\u00e9cembre 2007 au si\u00e8ge de l&#8217;Orchestre Symphonique d&#8217;Euskadi en Miramon, Donostia-San S\u00e9bastian.<\/p>\n<p>DECCA 0028947667957. GERNIKA. Francisco Escudero 2 CDs<\/p>\t\t<\/div>\t<\/div><\/div><\/div><\/div>\n<div  class='column dt-sc-one-half   ' ><div class='dt-sc-toggle-frame-set'><div class=\"dt-sc-toggle-frame\">\t<h5 class='dt-sc-toggle-accordion '><a href='#'>Arrupe<\/a><\/h5>\t<div class=\"dt-sc-toggle-content\" style=\"display: none;\">\t\t<div class=\"block\"><img loading=\"lazy\" class=\"alignright size-full wp-image-2218\" src=\"https:\/\/www.coraldebilbao.com\/wp-content\/uploads\/2014\/10\/arrupe.jpg\" alt=\"arrupe\" width=\"150\" height=\"150\" \/><\/p>\n<h4>Arrupe<\/h4>\n<p><strong>Gontzal Mend\u00edbil (1956-)<\/strong>\nArrupe, Ikuskizun Musikala\/Musical\nProduction cr\u00e9\u00e9e pour comm\u00e9morer le centenaire de la naissance du P\u00e8re Arrupe, sup\u00e9rieur g\u00e9n\u00e9ral des J\u00e9suites<\/p>\n<p>Gontzal Mendibil \u2013 Orchestre Symphonique Ludvig\u2013 Orfe\u00f3n Donostiarra \u2013 Chorale du Conservatoire de la Chorale de Bilbao \u2013 Pascual Molongua \u2013 Ballet Igor Yebra \u2013 Beti Jai Alai Dantzak \u2013 Juanjo Oc\u00f3n, directeur<\/p>\n<p>KEINU Produkzioak LG\/DL BI 3063-07 2 CDs&amp;DVD\nEuskalduna Jauregian Zuzenean grabatua\/Enregistr\u00e9 en direct au Palais Euskalduna\/Live recorded at Euskalduna Palace (14.11.07).\nwww.gontzalmendibil.com\nwww.pedroarrupe.net<\/p>\t\t<\/div>\t<\/div><\/div>\n<div class=\"dt-sc-toggle-frame\">\t<h5 class='dt-sc-toggle-accordion '><a href='#'>Concert dans l'\u00e9glise du Royal Monast\u00e8re de l'Incarnation<\/a><\/h5>\t<div class=\"dt-sc-toggle-content\" style=\"display: none;\">\t\t<div class=\"block\"><img loading=\"lazy\" class=\"alignright size-full wp-image-2216\" src=\"https:\/\/www.coraldebilbao.com\/wp-content\/uploads\/2014\/10\/concierto-real-monasterio-de-la-encarnacion.jpg\" alt=\"concierto-real-monasterio-de-la-encarnacion\" width=\"150\" height=\"130\" \/><\/p>\n<h4>Concert dans l&#8217;\u00e9glise du Royal Monast\u00e8re de l&#8217;Incarnation<\/h4>\n<p>Propos\u00e9 par le S\u00e9nat \u00e0 l&#8217;occasion de la XXVe anniversaire de la Constitution espagnole<\/p>\n<p><strong>Divers auteurs<\/strong><\/p>\n<p>Corps Gerardo Rifon \u2013 Soci\u00e9t\u00e9 Chorale de Bilbao &#8211; Gorka Sierra, directeur<\/p>\n<p>Enregistr\u00e9 en l&#8217;\u00e9glise du Royal Monast\u00e8re de l&#8217;Incarnation \u00e0 Madrid le 31 Octobre 2003,\n\u00c9tudes &#8220;T\u00edo Pete&#8221;\t\t<\/div>\t<\/div><\/div>\n<div class=\"dt-sc-toggle-frame\">\t<h5 class='dt-sc-toggle-accordion '><a href='#'>TURANDOT<\/a><\/h5>\t<div class=\"dt-sc-toggle-content\" style=\"display: none;\">\t\t<div class=\"block\"><img loading=\"lazy\" class=\"alignright size-full wp-image-2210\" src=\"https:\/\/www.coraldebilbao.com\/wp-content\/uploads\/2014\/10\/cd-turandot.gif\" alt=\"cd-turandot\" width=\"120\" height=\"120\" \/><\/p>\n<h4>TURANDOT<\/h4>\n<p><strong>G. Puccini (1858-1924)<\/strong>\n\u00d3pera en trois actes<\/p>\n<p>Princesse Turandot: Giovanna Casolla, soprano &#8211; Calaf: Lando Bartolini, t\u00e9nor &#8211; Liu: MasakoDeguci, soprano &#8211; Empereur: Francisco Heredia, t\u00e9nor &#8211; Timur: Felipe Bou, bas &#8211; Ping: Armando Ariostini, baryton &#8211; Pang: Javier Mas, t\u00e9nor &#8211; Pong: Vicen\u00e7Esteve, t\u00e9nor &#8211; Mandarin: Jose A. Garcia-Quijada, baryton &#8211; prince de Perse: GorkaGerrikabeitia, t\u00e9nor (*) &#8211; Servantes: Bego\u00f1aLapatza et Ola Revuelta, sopranos (*)\n(*) Composants de la Chorale<\/p>\n<p>Orchestre Philharmonique de Malaga &#8211; Chorale Santa Mar\u00eda de la Victoria &#8211; Soci\u00e9t\u00e9 Chorale de Bilbao &#8211; Alexandre Rahbari, chef d&#8217;orchestre<\/p>\n<p>Enregistr\u00e9 au Th\u00e9\u00e2tre Municipal de M\u00e1laga Miguel de Cervantes, 26 et 27 Octobre 2001<\/p>\n<p>Grabaci\u00f3n realizada en el Teatro Municipal Miguel de Cervantes de M\u00e1laga, 26 y 27 de octubre de 2001\nNAXOS-Collection Op\u00e9ra Classiques 8.660089-90 \/ 2 CDs<\/p>\n<p>2003 HNH International Ltd.\t\t<\/div>\t<\/div><\/div>\n<div class=\"dt-sc-toggle-frame\">\t<h5 class='dt-sc-toggle-accordion '><a href='#'>REQUIEM<\/a><\/h5>\t<div class=\"dt-sc-toggle-content\" style=\"display: none;\">\t\t<div class=\"block\"><img loading=\"lazy\" class=\"alignright size-full wp-image-2212\" src=\"https:\/\/www.coraldebilbao.com\/wp-content\/uploads\/2014\/10\/requiem1.jpg\" alt=\"requiem\" width=\"150\" height=\"132\" \/><\/p>\n<h4>REQUIEM<\/h4>\n<p><strong>Giuseppe Verdi (1813-1901)<\/strong>\nRequiem\nHommage \u00e0 Alfred Kraus<\/p>\n<p>Soprano: Carmen Ribera &#8211; Mezzo-soprano: Antonella Dalla Pozza &#8211; T\u00e9nor: Miguel Olano &#8211; Bas: Elia Todisco<\/p>\n<p>Orquestre Philarmonique d\u2019Espagne\u2013 Societ\u00e9Choralede Bilbao \u2013 Pascual Osa, directeur<\/p>\n<p>Enregistr\u00e9 en direct au TeatroArriaga de Bilbao le 10 Septembre 2001<\/p>\n<p>Alfred Kraus Omenaldia LCD-059 2 CDs\nEstudes TIO PETE &#8211; Dep. Legal BI-2710-01\t\t<\/div>\t<\/div><\/div>\n<div class=\"dt-sc-toggle-frame\">\t<h5 class='dt-sc-toggle-accordion '><a href='#'>LE HAMEAU<\/a><\/h5>\t<div class=\"dt-sc-toggle-content\" style=\"display: none;\">\t\t<div class=\"block\"><img loading=\"lazy\" class=\"alignright size-thumbnail wp-image-1765\" src=\"https:\/\/www.coraldebilbao.com\/wp-content\/uploads\/2014\/10\/El-Caserio-150x150.jpg\" alt=\"El-Caserio\" width=\"150\" height=\"150\" \/><\/p>\n<h4>LE HAMEAU<\/h4>\n<p><strong>Jes\u00fas Guridi (1886-1961)<\/strong>\nCom\u00e9die lyrique en trois actes\nLivret de Federico Romero et Guillermo Fern\u00e1ndez Shaw<\/p>\n<p>Santi: Vicente Sardinero, bartono \u2013 Ana Mari: Ana Rodrigo, soprano \u2013 Jos\u00e9 Miguel: Emilio S\u00e1nchez, t\u00e9nor \u2013 Chom\u00edn: Felipe Nieto, tenor \u2013 Don Leoncio\/\u2026: Felipe Nieto, tenor \u2013 Eustasia\/\u2026: Mar\u00eda Jos\u00e9 Su\u00e1rez, soprano<\/p>\n<p>Orquestre Symphonique de Bilbao \u2013 Soci\u00e9t\u00e9 Choralede Bilbao \u2013 Juanjo Mena, directeur<\/p>\n<p>Enregistr\u00e9 au Conservatoire JesusGuridi \u00e0 Vitoria 20 \u00e0 23 Ao\u00fbt 2001\nCollection: ClassiquesBasque DEIA EuskalKlasikoak<\/p>\n<p>2003 Marco Polo &amp; Naxos Hisp\u00e1nica, S.L.\t\t<\/div>\t<\/div><\/div>\n<div class=\"dt-sc-toggle-frame\">\t<h5 class='dt-sc-toggle-accordion '><a href='#'>AMETS EGIN<\/a><\/h5>\t<div class=\"dt-sc-toggle-content\" style=\"display: none;\">\t\t<div class=\"block\"><img loading=\"lazy\" class=\"alignright size-full wp-image-2222\" src=\"https:\/\/www.coraldebilbao.com\/wp-content\/uploads\/2014\/10\/amets-egin.jpg\" alt=\"amets-egin\" width=\"150\" height=\"131\" \/><\/p>\n<h4>AMETS EGIN<\/h4>\n<p><strong>Plusieurs auteurs<\/strong>\nChansons pour \u00e9ducation Musicale<\/p>\n<p>Conservatoire de la Chorale de Bilbao\nEnregistr\u00e9 entre Juin 2000 et Mars 2001, studios &#8220;T\u00edo Pete&#8221; Urduliz\nLCD-048 D\u00e9p.L\u00e9gal Bi-1143-01\t\t<\/div>\t<\/div><\/div>\n<div class=\"dt-sc-toggle-frame\">\t<h5 class='dt-sc-toggle-accordion '><a href='#'>DIX MELODIES BASQUES<\/a><\/h5>\t<div class=\"dt-sc-toggle-content\" style=\"display: none;\">\t\t<div class=\"block\"><img loading=\"lazy\" class=\"alignright size-full wp-image-2208\" src=\"https:\/\/www.coraldebilbao.com\/wp-content\/uploads\/2014\/10\/diez-melodias-vascas.gif\" alt=\"diez melodias vascas\" width=\"110\" height=\"110\" \/><\/p>\n<h4>DIX MELODIES BASQUES<\/h4>\n<p><strong>Jes\u00fas Guridi (1886-1961)<\/strong>\n<strong>Ainsi, chantent les gar\u00e7ons<\/strong><\/p>\n<p>Orchestre Symphonique de Bilbao &#8211; Soci\u00e9t\u00e9 Chorale de Bilbao \u2013 Juanjo Mena, directeur<\/p>\n<p>Enregistr\u00e9 au Palais Euskalduna entre le 26 et 30 de juin 2000\nPubli\u00e9 par Marco Plo&amp; Naxos Iberica, S.L. para DEIA\nCollection: Classique Basque DEIA EuskalKlasikoak\nD\u00e9p.L\u00e9gal Bi-48024-2000<\/p>\n<p>Redirection: JES\u00daS GURIDI \u201cTen Basques Melodies-Thus sing the children\u201d\nCollection Spanish Classics 8.557110\t\t<\/div>\t<\/div><\/div>\n<div class=\"dt-sc-toggle-frame\">\t<h5 class='dt-sc-toggle-accordion '><a href='#'>AGUR JAUNAK<\/a><\/h5>\t<div class=\"dt-sc-toggle-content\" style=\"display: none;\">\t\t<div class=\"block\"><img loading=\"lazy\" class=\"alignright size-thumbnail wp-image-1744\" src=\"https:\/\/www.coraldebilbao.com\/wp-content\/uploads\/2014\/10\/Agur-JAunak-150x150.jpg\" alt=\"Agur JAunak\" width=\"150\" height=\"150\" \/><\/p>\n<h4>AGUR JAUNAK-Musiques Basques<\/h4>\n<p><strong>Divers auteurs<\/strong><\/p>\n<p>OlatzSaitua, soprano \u2013 Orchestre du Capitole de Toulouse \u2013 Soci\u00e9t\u00e9 Chorale de Bilbao \u2013 Michel Plasson, directeur<\/p>\n<p>Enregistr\u00e9e \u00e0 la Halle aux grains de Toulouse en d\u00e9cembre de 1998<\/p>\n<p>EMI Classics &#8211; 7243 5 56876 2 3\n1999 EMI Records Ltd.\t\t<\/div>\t<\/div><\/div>\n<div class=\"dt-sc-toggle-frame\">\t<h5 class='dt-sc-toggle-accordion '><a href='#'>AMAYA<\/a><\/h5>\t<div class=\"dt-sc-toggle-content\" style=\"display: none;\">\t\t<div class=\"block\"><img loading=\"lazy\" class=\"alignright size-thumbnail wp-image-1749\" src=\"https:\/\/www.coraldebilbao.com\/wp-content\/uploads\/2014\/10\/amaya-150x150.jpg\" alt=\"amaya\" width=\"150\" height=\"150\" srcset=\"https:\/\/www.coraldebilbao.com\/wp-content\/uploads\/2014\/10\/amaya-150x150.jpg 150w, https:\/\/www.coraldebilbao.com\/wp-content\/uploads\/2014\/10\/amaya.jpg 250w\" sizes=\"(max-width: 150px) 100vw, 150px\" \/><\/p>\n<h4>AMAYA<\/h4>\n<p><strong>Jes\u00fas Guridi (1886-1961)<\/strong><\/p>\n<p>Drame lyrique en trois actes et un \u00e9pilogue\nSc\u00e9nario: Bas\u00e9 sur le roman du m\u00eame nom a eu lieu en castillan Villoslada Navarro Jos\u00e9 Mar\u00eda Arroita-J\u00e1uregui.<\/p>\n<p>Amaya: Rebecca Copley, soprano \u2013 Amagoya: Marianne Cornetti, mezzosoprano \u2013 Paula\/\u2026 :ItxaroMentxaka, mezzosoprano \u2013 Teodosio: Cesar Hern\u00e1ndez, tenor \u2013 Asier: Rosendo Flores, bas \u2013 Miguel\/\u2026: Carlos Conde, bartono \u2013 Escudero 1\/\u2026: AgenlPazos, tenor \u2013 Un ancien\/\u2026: GorkaRobles, t\u00e9nor<\/p>\n<p>Orchestre Symphonique de Bilbao &#8211; Soci\u00e9t\u00e9 Chorale de Bilbao &#8211; Theo Alcantara, directeur<\/p>\n<p>Enregistrement: Th\u00e9\u00e2treArriaga de Bilbao 27-20 Juin 1998\nNAXOS<\/p>\n<p>Dep. L\u00e9gal B-47752-1999 2 CDs\t\t<\/div>\t<\/div><\/div>\n<div class=\"dt-sc-toggle-frame\">\t<h5 class='dt-sc-toggle-accordion '><a href='#'>GOYESCAS<\/a><\/h5>\t<div class=\"dt-sc-toggle-content\" style=\"display: none;\">\t\t<div class=\"block\"><img loading=\"lazy\" class=\"alignright size-full wp-image-1725\" src=\"https:\/\/www.coraldebilbao.com\/wp-content\/uploads\/2014\/10\/Goyescas.jpg\" alt=\"Goyescas\" width=\"89\" height=\"89\" \/><\/p>\n<h4>Goya ou Majos Lovers<\/h4>\n<p><strong>Enric Granados (1867-1916)<\/strong><\/p>\n<p>Op\u00e9ra en trois actes\nLivret de Fernando Periquet\nOrchestration examin\u00e9e par Albert Guinovart<\/p>\n<p>Rosario: Carmen Gonzalez, soprano &#8211; Fernando: Josep Ruiz, t\u00e9nor &#8211; Pepa: MaiteArruabarrena, mezzo &#8211; Paquiro: Alfonso Echevarria,bas<\/p>\n<p>Orchestre des Cadaqu\u00e9s \u2013 Soci\u00e9t\u00e9 de Chorale de Bilbao &#8211; GianandreaNoseda, directeur<\/p>\n<p>Enregistr\u00e9 \u00e0 l&#8217;auditorium Enric Granados de Lleida, \u00e0 l&#8217;occasion de la comm\u00e9moration du 700e anniversaire de l&#8217;Universit\u00e9 de Lleida, 21 et 22 Avril, 1997<\/p>\n<p>TR 0002 &#8211; 1997 TRIT\u00d3, S.L.<\/p>\n<p>R\u00e9\u00e9dition Dep. legal B.34616-2007\t\t<\/div>\t<\/div><\/div>\n<div class=\"dt-sc-toggle-frame\">\t<h5 class='dt-sc-toggle-accordion '><a href='#'>ALEGR\u00cdAS<\/a><\/h5>\t<div class=\"dt-sc-toggle-content\" style=\"display: none;\">\t\t<div class=\"block\"><img loading=\"lazy\" class=\"alignright size-full wp-image-2206\" src=\"https:\/\/www.coraldebilbao.com\/wp-content\/uploads\/2014\/10\/Alegrias.jpg\" alt=\"Alegrias\" width=\"110\" height=\"110\" srcset=\"https:\/\/www.coraldebilbao.com\/wp-content\/uploads\/2014\/10\/Alegrias.jpg 160w, https:\/\/www.coraldebilbao.com\/wp-content\/uploads\/2014\/10\/Alegrias-150x150.jpg 150w\" sizes=\"(max-width: 110px) 100vw, 110px\" \/><\/p>\n<h4>Cantate-Divertissement<\/h4>\n<p><strong>Ant\u00f3n Garc\u00eda Abril (1933-)<\/strong><\/p>\n<p>Josefina Brivio, mezzo-soprano &#8211; David Abeij\u00f3n, r\u00e9citant enfant &#8211; Orchestre symphonique de Galice &#8211; Victor Paul, directeur<\/p>\n<p>Enregistr\u00e9 au Palais des Congr\u00e8s-Auditorium de La Corogne, en D\u00e9cembre 1995\nJuillet 1997\nAuteur Fondation 970327<\/p>\n<p>Relancez: 2000 Promotions Iberautor culturelles, SRL\t\t<\/div>\t<\/div><\/div>\n<div class=\"dt-sc-toggle-frame\">\t<h5 class='dt-sc-toggle-accordion '><a href='#'>H\u00c9RODIADE<\/a><\/h5>\t<div class=\"dt-sc-toggle-content\" style=\"display: none;\">\t\t<div class=\"block\"><img loading=\"lazy\" class=\"alignright size-full wp-image-1701\" src=\"https:\/\/www.coraldebilbao.com\/wp-content\/uploads\/2014\/10\/Herodiade.jpg\" alt=\"Herodiade\" width=\"104\" height=\"90\" \/><\/p>\n<h4>H\u00c9RODIADE<\/h4>\n<p><strong>Jules Massenet<\/strong>\nOp\u00e9ra en quatre actes sur un livret fran\u00e7ais par Paul Millet et Henry Grumont, bas\u00e9 sur le roman du m\u00eame nom de Gustave Flaubert<\/p>\n<p>Salom\u00e9: Cerril Studer, soprano \u2013 H\u00e9rodiade: Nadine Dense, mezzosoprano \u2013 Jean: Ben Heppner, t\u00e9nor \u2013 H\u00e8rode: Thomas Hampson, bartono \u2013 Phanuel: Jos\u00e9 Van Dam, bas.<\/p>\n<p>Chorale et Orchestre du Capitole de Toulouse \u2013 Soci\u00e9t\u00e9Chorale de Bilbao \u2013 Michel Plasson, directeur<\/p>\n<p>Enregistr\u00e9 \u00e0 la Halle aux grains de Toulouse en D\u00e9cembre 1994\nEMI Classiques &#8211; 3 CD B 0000252VI\nRelancez: Warner Classiques en 2012\t\t<\/div>\t<\/div><\/div>\n<div class=\"dt-sc-toggle-frame\">\t<h5 class='dt-sc-toggle-accordion '><a href='#'>M\u00e8sse notre Criolla-No\u00ebl <\/a><\/h5>\t<div class=\"dt-sc-toggle-content\" style=\"display: none;\">\t\t<div class=\"block\"><img loading=\"lazy\" class=\"alignright size-full wp-image-1695\" src=\"https:\/\/www.coraldebilbao.com\/wp-content\/uploads\/2014\/10\/Misa-Criolla.jpg\" alt=\"Misa Criolla\" width=\"90\" height=\"90\" \/><\/p>\n<h4>M\u00e8sse notre Criolla-No\u00ebl<\/h4>\n<p><strong>Ariel Ram\u00edrez<\/strong><\/p>\n<p>Jos\u00e9 Carreras, t\u00e9nor \u2013 Percussion: GroupeHuancava \u2013 Piano: Ariel Ram\u00edrez<\/p>\n<p>Chorale Salve de Laredo \u2013 Soci\u00e9t\u00e9 Chorale de Bilbao<\/p>\n<p>Enregistrement r\u00e9alis\u00e9 dans le realis\u00e9 en Sanctuaire d&#8217;Aparecida bien Ampuero en Juillet 1987\nPhillips Digital Classiques 420 955-1 &#8211; Lp. Album 1988\t\t<\/div>\t<\/div><\/div><\/div><\/div>\n","protected":false},"excerpt":{"rendered":"<p>Communiqu\u00e9s et publications<\/p>\n","protected":false},"author":6,"featured_media":0,"parent":2174,"menu_order":4,"comment_status":"open","ping_status":"open","template":"","meta":[],"_links":{"self":[{"href":"https:\/\/www.coraldebilbao.com\/fr\/wp-json\/wp\/v2\/pages\/2204"}],"collection":[{"href":"https:\/\/www.coraldebilbao.com\/fr\/wp-json\/wp\/v2\/pages"}],"about":[{"href":"https:\/\/www.coraldebilbao.com\/fr\/wp-json\/wp\/v2\/types\/page"}],"author":[{"embeddable":true,"href":"https:\/\/www.coraldebilbao.com\/fr\/wp-json\/wp\/v2\/users\/6"}],"replies":[{"embeddable":true,"href":"https:\/\/www.coraldebilbao.com\/fr\/wp-json\/wp\/v2\/comments?post=2204"}],"version-history":[{"count":3,"href":"https:\/\/www.coraldebilbao.com\/fr\/wp-json\/wp\/v2\/pages\/2204\/revisions"}],"predecessor-version":[{"id":25523,"href":"https:\/\/www.coraldebilbao.com\/fr\/wp-json\/wp\/v2\/pages\/2204\/revisions\/25523"}],"up":[{"embeddable":true,"href":"https:\/\/www.coraldebilbao.com\/fr\/wp-json\/wp\/v2\/pages\/2174"}],"wp:attachment":[{"href":"https:\/\/www.coraldebilbao.com\/fr\/wp-json\/wp\/v2\/media?parent=2204"}],"curies":[{"name":"wp","href":"https:\/\/api.w.org\/{rel}","templated":true}]}}