{"id":2198,"date":"2014-08-18T11:07:45","date_gmt":"2014-08-18T11:07:45","guid":{"rendered":"http:\/\/coraldebilbao.com\/quienes-somos\/junta-directiva\/"},"modified":"2020-01-30T12:45:34","modified_gmt":"2020-01-30T11:45:34","slug":"junta-directiva","status":"publish","type":"page","link":"https:\/\/www.coraldebilbao.com\/fr\/quienes-somos\/junta-directiva\/","title":{"rendered":"Conseil d&#8217;administration"},"content":{"rendered":"<img loading=\"lazy\" class=\"aligncenter size-full wp-image-2200\" src=\"https:\/\/www.coraldebilbao.com\/wp-content\/uploads\/2014\/08\/junta-directiva-coral1.jpg\" alt=\"junta-directiva-coral\" width=\"790\" height=\"266\" \/>\n<h2 style=\"margin-bottom: -5px;\">Conseil d&#8217;administration actuel<\/h2>\n<div class=\"dt-sc-hr-border\"><\/div>\n<table>\n<tbody>\n<tr>\n<td>LANZAGORTA CASANS, Jos\u00e9 Miguel<\/td>\n<td>Pr\u00e9sident<\/td>\n<\/tr>\n<tr>\n<td>GERRIKABEITIA ORBEA, Cecilio<\/td>\n<td>Pr\u00e9sident d\u2019honneur<\/td>\n<\/tr>\n<tr>\n<td>LEKERIKA ZARRAGA, Aritz<\/td>\n<td>Vice-pr\u00e9sident I<\/td>\n<\/tr>\n<tr>\n<td>ALBAREDA URETA, Jordi<\/td>\n<td>Vice-pr\u00e9sident II<\/td>\n<\/tr>\n<tr>\n<td>BUCES CALVO, Patxi<\/td>\n<td>Tr\u00e9sorier<\/td>\n<\/tr>\n<tr>\n<td>QUEREJAZU ITURBURU, Teresa<\/td>\n<td>Secr\u00e9taire<\/td>\n<\/tr>\n<tr>\n<td>ABAD APRAIZ, Marta<\/td>\n<td>Voix<\/td>\n<\/tr>\n<tr>\n<td>ALBAREDA URETA, Jordi<\/td>\n<td>Voix<\/td>\n<\/tr>\n<tr>\n<td>BERGARECHE BUSQUET, Jos\u00e9 M\u00aa<\/td>\n<td>Voix<\/td>\n<\/tr>\n<tr>\n<td>ECHEVARRIA BUSQUET, Alejandro<\/td>\n<td>Voix<\/td>\n<\/tr>\n<tr>\n<td>HERN\u00c1NDEZ VILLALABEITIA, Loli<\/td>\n<td>Voix<\/td>\n<\/tr>\n<tr>\n<td>KN\u00d6RR BARANDIARAN, Virginia<\/td>\n<td>Voix<\/td>\n<\/tr>\n<tr>\n<td>OLABARRIA VILLOTA, Gonzalo<\/td>\n<td>Voix<\/td>\n<\/tr>\n<tr>\n<td>MENDOZA EGUIRAUN, Javier<\/td>\n<td>Voix<\/td>\n<\/tr>\n<tr>\n<td>M\u00cdNGUEZ BENAVENTE, Jos\u00e9 Ram\u00f3n<\/td>\n<td>Voix<\/td>\n<\/tr>\n<tr>\n<td>S\u00c1NCHEZ GANDARIAS, Oscar<\/td>\n<td>Voix<\/td>\n<\/tr>\n<\/tbody>\n<\/table>\n","protected":false},"excerpt":{"rendered":"<p>Conseil d&#8217;administration actuel LANZAGORTA CASANS, Jos\u00e9 Miguel Pr\u00e9sident GERRIKABEITIA ORBEA, Cecilio Pr\u00e9sident d\u2019honneur LEKERIKA ZARRAGA, Aritz Vice-pr\u00e9sident I ALBAREDA URETA, Jordi Vice-pr\u00e9sident II BUCES CALVO, Patxi Tr\u00e9sorier QUEREJAZU ITURBURU, Teresa Secr\u00e9taire ABAD APRAIZ, Marta Voix ALBAREDA URETA, Jordi Voix BERGARECHE BUSQUET, Jos\u00e9 M\u00aa Voix ECHEVARRIA BUSQUET, Alejandro Voix HERN\u00c1NDEZ VILLALABEITIA, Loli Voix KN\u00d6RR BARANDIARAN, Virginia [&hellip;]<\/p>\n","protected":false},"author":6,"featured_media":0,"parent":2174,"menu_order":2,"comment_status":"open","ping_status":"open","template":"","meta":[],"_links":{"self":[{"href":"https:\/\/www.coraldebilbao.com\/fr\/wp-json\/wp\/v2\/pages\/2198"}],"collection":[{"href":"https:\/\/www.coraldebilbao.com\/fr\/wp-json\/wp\/v2\/pages"}],"about":[{"href":"https:\/\/www.coraldebilbao.com\/fr\/wp-json\/wp\/v2\/types\/page"}],"author":[{"embeddable":true,"href":"https:\/\/www.coraldebilbao.com\/fr\/wp-json\/wp\/v2\/users\/6"}],"replies":[{"embeddable":true,"href":"https:\/\/www.coraldebilbao.com\/fr\/wp-json\/wp\/v2\/comments?post=2198"}],"version-history":[{"count":2,"href":"https:\/\/www.coraldebilbao.com\/fr\/wp-json\/wp\/v2\/pages\/2198\/revisions"}],"predecessor-version":[{"id":19349,"href":"https:\/\/www.coraldebilbao.com\/fr\/wp-json\/wp\/v2\/pages\/2198\/revisions\/19349"}],"up":[{"embeddable":true,"href":"https:\/\/www.coraldebilbao.com\/fr\/wp-json\/wp\/v2\/pages\/2174"}],"wp:attachment":[{"href":"https:\/\/www.coraldebilbao.com\/fr\/wp-json\/wp\/v2\/media?parent=2198"}],"curies":[{"name":"wp","href":"https:\/\/api.w.org\/{rel}","templated":true}]}}