{"id":2182,"date":"2014-08-18T10:11:31","date_gmt":"2014-08-18T10:11:31","guid":{"rendered":"http:\/\/coraldebilbao.com\/quienes-somos\/historia\/"},"modified":"2014-12-12T12:27:11","modified_gmt":"2014-12-12T11:27:11","slug":"historia","status":"publish","type":"page","link":"https:\/\/www.coraldebilbao.com\/fr\/quienes-somos\/historia\/","title":{"rendered":"Histoire"},"content":{"rendered":"<h2>Histoire<br \/>\n<em><img loading=\"lazy\" class=\"alignright size-full wp-image-2184\" src=\"https:\/\/www.coraldebilbao.com\/wp-content\/uploads\/2014\/08\/historia1.jpg\" alt=\"historia\" width=\"450\" height=\"301\" srcset=\"https:\/\/www.coraldebilbao.com\/wp-content\/uploads\/2014\/08\/historia1.jpg 450w, https:\/\/www.coraldebilbao.com\/wp-content\/uploads\/2014\/08\/historia1-300x200.jpg 300w\" sizes=\"(max-width: 450px) 100vw, 450px\" \/>1886-2014<\/em><\/h2>\n<h5>Il est constitu\u00e9 comme Choir Bilbaino en Juin 1886, et comme Soci\u00e9t\u00e9 Chorale de Bilbao le 3 Ao\u00fbt de cette ann\u00e9e afin de promouvoir et de diffuser les connaissances de la musique en g\u00e9n\u00e9ral et du chant chorale en particulier.<\/h5>\n<div class=\"dt-sc-clear\"><\/div>\n<div class='dt-sc-toggle-frame-set'><h5 class='dt-sc-toggle-accordion '><a href='#'>Comp\u00e9titions \u00e0 ses d\u00e9buts<\/a><\/h5><div class=\"dt-sc-toggle-content\" style=\"display: none;\"><div class=\"block\"><a href=\"https:\/\/www.coraldebilbao.com\/wp-content\/uploads\/2014\/08\/1certamenes.jpg\"><img loading=\"lazy\" src=\"https:\/\/www.coraldebilbao.com\/wp-content\/uploads\/2014\/08\/1certamenes-300x161.jpg\" alt=\"1certamenes\" width=\"300\" height=\"161\" class=\"alignleft size-medium wp-image-1583\" srcset=\"https:\/\/www.coraldebilbao.com\/wp-content\/uploads\/2014\/08\/1certamenes-300x161.jpg 300w, https:\/\/www.coraldebilbao.com\/wp-content\/uploads\/2014\/08\/1certamenes.jpg 789w\" sizes=\"(max-width: 300px) 100vw, 300px\" \/><\/a>D\u00e8s le d\u00e9but r\u00e9v\u00e8le sa port\u00e9e nationale et internationale, en participant \u00e0 des \u00e9v\u00e9nements suivants:<\/p>\n<p>&#8211; Grand Concours International de Musique de San S\u00e9bastian (1886)\n&#8211; Chorale internationale de Madrid (1887)\n&#8211; Chorale de Guernica Euskaras Parties (1888)\n&#8211; Comp\u00e9tition international de chant choral \u00e0 Barcelone (1888)\n&#8211; Chorale internationale de Santander (1890)\n&#8211; Grand Concours International de Musique de San S\u00e9bastian (1890)\n&#8211; Grand Concours International de Musique d&#8217;Harmonie, Fanfares et d&#8217;Orph\u00e9ons San Juan de Luz (1891)\n&#8211; M\u00e9morialConteste IV Centenaire de la d\u00e9couverte de l&#8217;Am\u00e9rique, Madrid (1892)\n&#8211; Chorale de l&#8217;Exposition universelle de Barcelone (1892)\n&#8211; Grand Concours International d&#8217;Orph\u00e9ons de Musiques d&#8217;Harmonie, Fanfares et d&#8217;estudiantines de la Ville de Biarritz (1893)\n&#8211; La soci\u00e9t\u00e9 de chorale internationale et bandes Pampelune (1894)\n&#8211; Grand Concours National et International de Musiques de la Ville de Marseille (1897)\n&#8211; Grand Concours International de Musique, Orph\u00e9ons, Harmonies, Fanfares Ville de Bordeaux (1898)\n&#8211; Concours de musique du Grand International de San S\u00e9bastian (1902)\n&#8211; Grand Concours International de Musique de la Ville de Bordeaux (1904)\n&#8211; Concours International de Chant de la Ville d&#8217;Ensemble Verviers, Belgique (1905)\nObtention du premier prix dans chacun d&#8217;eux.<\/div><\/div>\n<h5 class='dt-sc-toggle-accordion '><a href='#'>1905, impulsion du Lyrique Basque<\/a><\/h5><div class=\"dt-sc-toggle-content\" style=\"display: none;\"><div class=\"block\"><a href=\"https:\/\/www.coraldebilbao.com\/wp-content\/uploads\/2014\/08\/2lirica.jpg\"><img loading=\"lazy\" src=\"https:\/\/www.coraldebilbao.com\/wp-content\/uploads\/2014\/08\/2lirica-300x190.jpg\" alt=\"2lirica\" width=\"300\" height=\"190\" class=\"alignright size-medium wp-image-1586\" srcset=\"https:\/\/www.coraldebilbao.com\/wp-content\/uploads\/2014\/08\/2lirica-300x190.jpg 300w, https:\/\/www.coraldebilbao.com\/wp-content\/uploads\/2014\/08\/2lirica.jpg 800w\" sizes=\"(max-width: 300px) 100vw, 300px\" \/><\/a>\nA partir de 1905 la Chorale d&#8217;ouverture int\u00e8gre d\u00e9finitivement et de fa\u00e7on permanente, en prenant la voix f\u00e9minine comme chorale mixte, deux cents chanteurs, et le d\u00e9marrage d&#8217;une nouvelle \u00e9tape dans laquelle nouvelle d\u00e9rogation pour assister \u00e0 des comp\u00e9titions et des concours. Dans cette nouvelle p\u00e9riode, la Soci\u00e9t\u00e9 chorale de Bilbao s\u2019est engag\u00e9e \u00e0 promouvoir l&#8217;op\u00e9ra basque en promotionnant  avant-premi\u00e8res dans:<\/p>\n<p>&#8211;\u00a0\u00a0\u00a0\u00a0\u00a0\u00a0 <em>Maitena<\/em>, de Charles Colin (1909)\n&#8211;\u00a0\u00a0\u00a0\u00a0\u00a0\u00a0 <em>Mendi Mendiyan<\/em>, de Jos\u00e9 M\u00aa Usandizaga (1910)\n&#8211;\u00a0\u00a0\u00a0\u00a0\u00a0\u00a0 <em>Lide ta Ixidor<\/em>, de Santos de Inchausti (1910)\n&#8211;\u00a0\u00a0\u00a0\u00a0\u00a0\u00a0 <em>Mirentxu<\/em>, de Jes\u00fas Guridi (1910)\n&#8211;\u00a0\u00a0\u00a0\u00a0\u00a0\u00a0 <em>Deboika<\/em>, de Jos\u00e9 Power y Pedro Mart\u00ednez (1914)\n&#8211;\u00a0\u00a0\u00a0\u00a0\u00a0\u00a0 <em>Amaya<\/em>, de Jes\u00fas Guridi (1920)<\/p>\n<p>Apr\u00e8s divers hauts et bas et des cycles succ\u00e8s jusqu&#8217;\u00e0 nos jours atteignant des hauteurs de perfection.<\/p><\/div><\/div>\n<h5 class='dt-sc-toggle-accordion '><a href='#'>Directeurs<\/a><\/h5><div class=\"dt-sc-toggle-content\" style=\"display: none;\"><div class=\"block\"><a href=\"https:\/\/www.coraldebilbao.com\/wp-content\/uploads\/2014\/08\/3directores.jpg\"><img loading=\"lazy\" src=\"https:\/\/www.coraldebilbao.com\/wp-content\/uploads\/2014\/08\/3directores-300x199.jpg\" alt=\"3directores\" width=\"300\" height=\"199\" class=\"alignleft size-medium wp-image-1589\" srcset=\"https:\/\/www.coraldebilbao.com\/wp-content\/uploads\/2014\/08\/3directores-300x199.jpg 300w, https:\/\/www.coraldebilbao.com\/wp-content\/uploads\/2014\/08\/3directores.jpg 800w\" sizes=\"(max-width: 300px) 100vw, 300px\" \/><\/a>Han a conduit la Soci\u00e9t\u00e9 Chorale de Bilbao, entre autres, les enseignants: CletoZavala, Aureliano Valle, Guridi, Arturo Inchausti J\u00e9sus Arambarri, Modesto Arana, Rafael Fr\u00fchbeck de Burgos, Gorka Sierra, I\u00f1aki Moreno, Joan CABERO et actuellement Julio Gergely.<\/p>\n<p>Ses ch\u0153urs sont dirig\u00e9s sous la direction de chefs d&#8217;orchestre de renomm\u00e9e internationale comme Ataulfo Argenta, Enrique Fern\u00e1ndez Arb\u00f3s, Bartolom\u00e9 P\u00e9rez Casas, Wladimir Golscham John Lamote de Grignon, JasechaHorenstein, Sir Malcolm Sargent, Odon Alonso, Enrique Garc\u00eda Asensio, Marba Antoni Ros, Miguel \u00c1ngel G\u00f3mez Mart\u00ednez, Mstislav Rostropovitch, Theo Alcantara, Michel Plasson, Victor Pablo P\u00e9rez, Jan Latham-Koenig, Aldo Ceccato, George Prete, John Nelson, Uriel Segal, Josep Pons, Arturo Tamayo, Jos\u00e9 Ram\u00f3nOaks, Jerzy Semkow, Juanjo Mena, Yutaka Sado, Martin Haselb\u00f6ck, MichiyoshiInoue, Jiri Belohlavek Christoph Spering et autres.<\/div><\/div>\n<h5 class='dt-sc-toggle-accordion '><a href='#'>Premi\u00e8re de renomm\u00e9e<\/a><\/h5><div class=\"dt-sc-toggle-content\" style=\"display: none;\"><div class=\"block\"><a href=\"https:\/\/www.coraldebilbao.com\/wp-content\/uploads\/2014\/08\/4estrenos.jpg\"><img loading=\"lazy\" src=\"https:\/\/www.coraldebilbao.com\/wp-content\/uploads\/2014\/08\/4estrenos-300x225.jpg\" alt=\"4estrenos\" width=\"300\" height=\"225\" class=\"alignright size-medium wp-image-1592\" srcset=\"https:\/\/www.coraldebilbao.com\/wp-content\/uploads\/2014\/08\/4estrenos-300x225.jpg 300w, https:\/\/www.coraldebilbao.com\/wp-content\/uploads\/2014\/08\/4estrenos.jpg 800w\" sizes=\"(max-width: 300px) 100vw, 300px\" \/><\/a>La Soci\u00e9t\u00e9 chorale de Bilbao a lanc\u00e9 <strong>en Espagne:<\/strong><\/p>\n<p>&#8211; Les B\u00e9atitudes (1907), Ruth (1908), la R\u00e9demption (1909), Rebecca (1909) et Psych\u00e9 (1919) par C. Franck\n&#8211; Faust (1908), par R. Schumann\n&#8211; La C\u00e8ne des Ap\u00f4tres (1895), Parsifal (fragments) (1914), Les Ma\u00eetres Chanteurs (1916) (extraits), par R. Wagner\n&#8211; Chant des esprits sur les eaux (1901), par F. Schubert\n&#8211; Oratorio de No\u00ebl (extraits) (1901), de JS Bach\n&#8211; Norv\u00e8ge Olav Trygvason Mythologie (1901), par E. Grieg\n&#8211; La Damnation de Faust (1909) par H. Berlioz\n&#8211; La Passion selon saint Matthieu (fragments) (1912), de JS Bach\n&#8211; Un Requiem allemand (1913) par J. Brahms\n&#8211; L&#8217;Arl\u00e9sienne (1916), par G. Bizet\n&#8211; Danses de Prince Igor (1919) par A. Borodin\n&#8211; Requiem (1934), par G. Verdi\n&#8211; Psaume XLVII (1943), F. Schmitt\n&#8211; Elie (1953), par F. Mendelssohn\n&#8211; V\u00eapres solennelles d&#8217;un Confesseur (1956), WA Mozart\n&#8211; Carmina Burana (1960) par C. Orff\n&#8211; Hodie (1997) de R.Vaughan-Williams\n&#8211; Requiem (2003), par G. Ligeti\n&#8211; Symphonie de printemps (2012), B. Britten<\/p>\n<p>Et <strong>\u00e0 caract\u00e8re mondial:<\/strong><\/p>\n<p>&#8211; Tableaux Basque (1931), J. Guridi\n&#8211; Castilla (oratorio) (1941), J. Arambarri\n&#8211; Illeta (cantate) (1955) et Guernica (op\u00e9ra) (1987), F. Escudero\n&#8211; Guernica (oratorio) (1990), par G. Sierra\n&#8211; M\u00e9d\u00e9e (Op\u00e9ra) (1991), par M. Theodorakis\n&#8211; Euskadi. Euskarariabestia (1995), par C. A. Bernaola<\/p><\/div><\/div>\n<h5 class='dt-sc-toggle-accordion '><a href='#'>Grands Orquestres<\/a><\/h5><div class=\"dt-sc-toggle-content\" style=\"display: none;\"><div class=\"block\"><a href=\"https:\/\/www.coraldebilbao.com\/wp-content\/uploads\/2014\/08\/5grandesorquestas.jpg\"><img loading=\"lazy\" src=\"https:\/\/www.coraldebilbao.com\/wp-content\/uploads\/2014\/08\/5grandesorquestas-300x209.jpg\" alt=\"5grandesorquestas\" width=\"300\" height=\"209\" class=\"alignleft size-medium wp-image-1595\" srcset=\"https:\/\/www.coraldebilbao.com\/wp-content\/uploads\/2014\/08\/5grandesorquestas-300x209.jpg 300w, https:\/\/www.coraldebilbao.com\/wp-content\/uploads\/2014\/08\/5grandesorquestas.jpg 800w\" sizes=\"(max-width: 300px) 100vw, 300px\" \/><\/a>Depuis 1986, a entrepris une tourn\u00e9e de Puerto Rico, accompagn\u00e9e par l&#8217;Orchestre National de Porto Rico, conduite par son propri\u00e9taire Odon Alonso, a intensifi\u00e9 sa participation aux concerts et festivals, non seulement en Espagne mais aussi en France, au Portugal et en Allemagne avec  des grands orchestres espagnols et \u00e9trangers tel que  Symphonie de Moscou, l&#8217;Orchestre de la Radio-diffusion portugais, l&#8217;Orchestre National de Bordeaux-Aquitaine, le Royal Philharmonique Orchestra, l&#8217;Orchestre symphonique de Budapest, l&#8217;Orchestre National du Capitole de Toulouse l&#8217;Orchestre Symphonique de Berlin, l&#8217;Orchestre symphonique de Aachen, Stradivaria Ensemble, Orchestre de Chambre de Paris, Varsovie Symphonie, l&#8217;Orchestre National de Lyon, l&#8217;Orchestre Philharmonique de Dresde, l&#8217;Orchestre Lamoureux et le BBC Symphonie Orchestra. Dans cette ligne de renomm\u00e9e internationale en mai 2006 offert plusieurs concerts dans la capitale du Japon avec le Tokyo M\u00e9tropolitain Orchestre Symphonie.<\/div><\/div>\n<h5 class='dt-sc-toggle-accordion '><a href='#'>Enregistrements<\/a><\/h5><div class=\"dt-sc-toggle-content\" style=\"display: none;\"><div class=\"block\"><a href=\"https:\/\/www.coraldebilbao.com\/wp-content\/uploads\/2014\/08\/6grabaciones.jpg\"><img loading=\"lazy\" src=\"https:\/\/www.coraldebilbao.com\/wp-content\/uploads\/2014\/08\/6grabaciones-300x199.jpg\" alt=\"6grabaciones\" width=\"300\" height=\"199\" class=\"alignright size-medium wp-image-1598\" srcset=\"https:\/\/www.coraldebilbao.com\/wp-content\/uploads\/2014\/08\/6grabaciones-300x199.jpg 300w, https:\/\/www.coraldebilbao.com\/wp-content\/uploads\/2014\/08\/6grabaciones.jpg 800w\" sizes=\"(max-width: 300px) 100vw, 300px\" \/><\/a>La Soci\u00e9t\u00e9 chorale de Bilbao a enregistr\u00e9 les albums suivants:<\/p>\n<p>&#8211; Misa Criolla d&#8217;Ariel Ramirez par, \u00e0 c\u00f4t\u00e9 de Chorale Salve, le t\u00e9nor Jos\u00e9 Carreras et Ariel Ramirez lui-m\u00eame au piano. Directeur Jos\u00e9 Luis Ocejo.\n&#8211; H\u00e9rodiade de Massenett avec l&#8217;Orchestre National du Capitole de Toulouse. Directeur Michel Plasson.\n&#8211; Vive A. Garc\u00eda Abril, avec l&#8217;Orchestre symphonique de Galice. Directeur Victor Pablo Perez.\n&#8211; Goyesque E. Granados, avec l&#8217;Orchestre de Cadaqu\u00e9s. Directeur Gianandrea Noseda.\n&#8211; AgurJaunak plusieurs auteurs musique basque avec l&#8217;Orchestre National du Capitole de Toulouse. Directeur Michel Plasson.\n&#8211; Amaya J. Guridi l&#8217;Orchestre symphonique de Bilbao. Directeur Theo Alcantara.\n&#8211; Le village de J. Guridi l&#8217;Orchestre symphonique de Bilbao. Directeur Juan Jose Mena.\n&#8211; Alors, les gar\u00e7ons chantent avec Guridi J. Bilbao Symphony Orchestra. Directeur Juan Jose Mena.\n&#8211; Plusieurs \u0153uvres du P. Soroz\u00e1balSoroz\u00e1bal l&#8217;Orchestre symphonique d&#8217;Euskadi. Directeur Christian Mandeal.\n&#8211; Turandot de Giacomo Puccini, avec l&#8217;Orchestre Philharmonique de Malaga. Directeur Alexandre Rahbari.\n&#8211; M\u00e9morial Concert XXV anniversaire de la Constitution espagnole (espagnol, europ\u00e9en et sud-am\u00e9ricain Musique Sacr\u00e9e). Directeur Gorka Sierra.\n&#8211; F. Escudero Guernica, l&#8217;Orchestre Symphonique d&#8217;Euskadi. Directeur Jos\u00e9 Ram\u00f3n Encinar.\n&#8211; Paul SorozabalKatyusha (DVD) Production du Th\u00e9\u00e2tre Arriaga. Bilbao Symphonie Orchestra. Directeur David Gim\u00e9nez Carreras\n&#8211; 125 UrteKantuan-chant depuis 125 ans. Musique basque de divers auteurs avec la Banda Municipal de Bilbao. Directeur I\u00f1aki Urkizu.\n&#8211; Concert de No\u00ebl BBVA. 125e anniversaire Choral Society. Musique basque de divers auteurs avec la Banda Municipal de Bilbao. Directeur I\u00f1aki Urkizu.\n&#8211; Pop Musique pour les versions de chorale et piano de hits de la musique pop. Directeur Urko Sangroniz<\/p><\/div><\/div>\n<h5 class='dt-sc-toggle-accordion '><a href='#'>Premi\u00e8re de renomm\u00e9e<\/a><\/h5><div class=\"dt-sc-toggle-content\" style=\"display: none;\"><div class=\"block\"><a href=\"https:\/\/www.coraldebilbao.com\/wp-content\/uploads\/2014\/08\/7galardones.jpg\"><img loading=\"lazy\" src=\"https:\/\/www.coraldebilbao.com\/wp-content\/uploads\/2014\/08\/7galardones-300x199.jpg\" alt=\"7galardones\" width=\"300\" height=\"199\" class=\"alignleft size-medium wp-image-1601\" srcset=\"https:\/\/www.coraldebilbao.com\/wp-content\/uploads\/2014\/08\/7galardones-300x199.jpg 300w, https:\/\/www.coraldebilbao.com\/wp-content\/uploads\/2014\/08\/7galardones.jpg 800w\" sizes=\"(max-width: 300px) 100vw, 300px\" \/><\/a>La chorale a \u00e9t\u00e9 reconnue au cours des derni\u00e8res ann\u00e9es avec les prix suivants:<\/p>\n<p>&#8211; M\u00e9daille d&#8217;or du M\u00e9rite des Beaux-Arts (1986)\n&#8211; M\u00e9daille &#8211; Centenaire de la Chambre de Commerce, d&#8217;Industrie et de Navigation de Bilbao (1986)\n&#8211; M\u00e9daille d&#8217;or de la F\u00e9d\u00e9ration des chorales de Biscaye (1986)\n&#8211; M\u00e9daille du 50e anniversaire de la fondation de l&#8217;UNICEF (1996)\n&#8211; Nomination de commandit\u00e9 de la Soci\u00e9t\u00e9 royale des Amis du Pays (1997)\n&#8211; Prix Andrew Ma\u00f1aric\u00faa et Nuere d\u00e9cern\u00e9 par le Conseil provincial de Biscaye (1998)\n&#8211; Fondation SabinoArana prix dans la cat\u00e9gorie Soci\u00e9t\u00e9 (2001)\n&#8211; M\u00e9daille de l&#8217;UNICEF (2003)\n&#8211; M\u00e9daille d&#8217;honneur de l&#8217;Acad\u00e9mie royale des Beaux-Arts de San Fernando (2005)\n&#8211; OmenaldiaIbilaldia Hommage Parti ikastola de Gascogne par la sensibilisation continue du folklore et basque (2005)\n&#8211; M\u00e9daille d&#8217;or de la ville de Bilbao (2007)\n&#8211; \u00abAmbassadeurs de txakoli de Gascogne\u00bb, nomm\u00e9s par le Conseil d&#8217;Appellation d&#8217;Origine BizkaikoTxakolina (2007)\n&#8211; Dame Bilbaina, d\u00e9cern\u00e9 par la Soci\u00e9t\u00e9 Bilbaina (2013)<\/p><\/div><\/div><\/div>\n","protected":false},"excerpt":{"rendered":"<p>Histoire 1886-2014 Il est constitu\u00e9 comme Choir Bilbaino en Juin 1886, et comme Soci\u00e9t\u00e9 Chorale de Bilbao le 3 Ao\u00fbt de cette ann\u00e9e afin de promouvoir et de diffuser les connaissances de la musique en g\u00e9n\u00e9ral et du chant chorale en particulier.<\/p>\n","protected":false},"author":6,"featured_media":0,"parent":2174,"menu_order":1,"comment_status":"open","ping_status":"open","template":"","meta":[],"_links":{"self":[{"href":"https:\/\/www.coraldebilbao.com\/fr\/wp-json\/wp\/v2\/pages\/2182"}],"collection":[{"href":"https:\/\/www.coraldebilbao.com\/fr\/wp-json\/wp\/v2\/pages"}],"about":[{"href":"https:\/\/www.coraldebilbao.com\/fr\/wp-json\/wp\/v2\/types\/page"}],"author":[{"embeddable":true,"href":"https:\/\/www.coraldebilbao.com\/fr\/wp-json\/wp\/v2\/users\/6"}],"replies":[{"embeddable":true,"href":"https:\/\/www.coraldebilbao.com\/fr\/wp-json\/wp\/v2\/comments?post=2182"}],"version-history":[{"count":0,"href":"https:\/\/www.coraldebilbao.com\/fr\/wp-json\/wp\/v2\/pages\/2182\/revisions"}],"up":[{"embeddable":true,"href":"https:\/\/www.coraldebilbao.com\/fr\/wp-json\/wp\/v2\/pages\/2174"}],"wp:attachment":[{"href":"https:\/\/www.coraldebilbao.com\/fr\/wp-json\/wp\/v2\/media?parent=2182"}],"curies":[{"name":"wp","href":"https:\/\/api.w.org\/{rel}","templated":true}]}}