{"id":2180,"date":"2014-08-26T08:46:01","date_gmt":"2014-08-26T08:46:01","guid":{"rendered":"http:\/\/coraldebilbao.com\/quienes-somos\/saludo-del-presidente\/"},"modified":"2014-12-12T12:25:43","modified_gmt":"2014-12-12T11:25:43","slug":"saludo-del-presidente","status":"publish","type":"page","link":"https:\/\/www.coraldebilbao.com\/fr\/quienes-somos\/saludo-del-presidente\/","title":{"rendered":"Salutations du Pr\u00e9sident"},"content":{"rendered":"<h2>Salutations du Pr\u00e9sident<\/h2>\n<p><img loading=\"lazy\" src=\"https:\/\/www.coraldebilbao.com\/wp-content\/uploads\/2014\/08\/fachada-coral-bilbao3.jpg\" alt=\"Fachada Coral de Bilbao\" width=\"400\" height=\"601\" class=\"alignright size-full wp-image-1447\" srcset=\"https:\/\/www.coraldebilbao.com\/wp-content\/uploads\/2014\/08\/fachada-coral-bilbao3.jpg 400w, https:\/\/www.coraldebilbao.com\/wp-content\/uploads\/2014\/08\/fachada-coral-bilbao3-199x300.jpg 199w\" sizes=\"(max-width: 400px) 100vw, 400px\" \/>Chacun d&#8217;entre nous qui formons la Soci\u00e9t\u00e9 Chorale de Bilbao part notre go\u00fbt pour le chant collectif, combinant voix et les sentiments de jumelage dans un effort commun pour atteindre d&#8217;autres Beaut\u00e9s transmission d\u2019\u00e9motions. Il s\u2019agit que autant le chant comme l\u2019\u00e9coute produisent du plaisir. Tel est notre d\u00e9fi qui maintient notre enthousiasme.<\/p>\n<p>La Soci\u00e9t\u00e9 Chorale de Bilbao est n\u00e9e \u00e0 la fin du XIXe si\u00e8cle dans le but de promouvoir la connaissance et la diffusion de la musique en g\u00e9n\u00e9ral et de la musique chorale en particulier. Ce m\u00eame objectif conduit dans le XXI si\u00e8cle de continuer \u00e0 travailler sur ce patrimoine de notre ch\u00e8re institution de Bilbao et la Biscaye, et tous ceux qui aiment la musique.<\/p>\n<p>Notre projet a besoin de beaucoup de collaboration, donc je tiens \u00e0 remercier les institutions et nos commanditaires, des bienfaiteurs et des amis de leur aide \u00e9conomique, ainsi que nos partenaires fid\u00e8le, choristes pour leur engagement, le d\u00e9vouement et effort. Gr\u00e2ce \u00e0 tout cela, le succ\u00e8s est assur\u00e9.<\/p>\n<p>Je veux vous inviter \u00e0 conna\u00eetre notre histoire, profiter avec notre pr\u00e9sence et de nosillusions pour notre  avenir.<\/p>\n<p><em>Merci beaucoup pour votre visite<\/em><\/p>\n","protected":false},"excerpt":{"rendered":"<p>Salutations du Pr\u00e9sident Chacun d&#8217;entre nous qui formons la Soci\u00e9t\u00e9 Chorale de Bilbao part notre go\u00fbt pour le chant collectif, combinant voix et les sentiments de jumelage dans un effort commun pour atteindre d&#8217;autres Beaut\u00e9s transmission d\u2019\u00e9motions. Il s\u2019agit que autant le chant comme l\u2019\u00e9coute produisent du plaisir. Tel est notre d\u00e9fi qui maintient notre [&hellip;]<\/p>\n","protected":false},"author":6,"featured_media":0,"parent":2174,"menu_order":0,"comment_status":"open","ping_status":"open","template":"","meta":[],"_links":{"self":[{"href":"https:\/\/www.coraldebilbao.com\/fr\/wp-json\/wp\/v2\/pages\/2180"}],"collection":[{"href":"https:\/\/www.coraldebilbao.com\/fr\/wp-json\/wp\/v2\/pages"}],"about":[{"href":"https:\/\/www.coraldebilbao.com\/fr\/wp-json\/wp\/v2\/types\/page"}],"author":[{"embeddable":true,"href":"https:\/\/www.coraldebilbao.com\/fr\/wp-json\/wp\/v2\/users\/6"}],"replies":[{"embeddable":true,"href":"https:\/\/www.coraldebilbao.com\/fr\/wp-json\/wp\/v2\/comments?post=2180"}],"version-history":[{"count":0,"href":"https:\/\/www.coraldebilbao.com\/fr\/wp-json\/wp\/v2\/pages\/2180\/revisions"}],"up":[{"embeddable":true,"href":"https:\/\/www.coraldebilbao.com\/fr\/wp-json\/wp\/v2\/pages\/2174"}],"wp:attachment":[{"href":"https:\/\/www.coraldebilbao.com\/fr\/wp-json\/wp\/v2\/media?parent=2180"}],"curies":[{"name":"wp","href":"https:\/\/api.w.org\/{rel}","templated":true}]}}