{"id":2165,"date":"2014-08-18T09:07:36","date_gmt":"2014-08-18T09:07:36","guid":{"rendered":"http:\/\/coraldebilbao.com\/patrocinadores-2\/"},"modified":"2020-10-14T17:33:50","modified_gmt":"2020-10-14T15:33:50","slug":"patrocinadores","status":"publish","type":"page","link":"https:\/\/www.coraldebilbao.com\/fr\/socios\/patrocinadores\/","title":{"rendered":"Parrainage"},"content":{"rendered":"<p><img loading=\"lazy\" class=\"aligncenter size-full wp-image-2166\" src=\"https:\/\/www.coraldebilbao.com\/wp-content\/uploads\/2014\/08\/patrocinadores-coral.jpg\" alt=\"Patrocinadores Coral\" width=\"790\" height=\"266\" srcset=\"https:\/\/www.coraldebilbao.com\/wp-content\/uploads\/2014\/08\/patrocinadores-coral.jpg 790w, https:\/\/www.coraldebilbao.com\/wp-content\/uploads\/2014\/08\/patrocinadores-coral-300x101.jpg 300w\" sizes=\"(max-width: 790px) 100vw, 790px\" \/><div class='dt-sc-hr-invisible  '><\/div>\n<h2>Votre entreprise a un engagement envers la responsabilit\u00e9 sociale? Vous voulez renforcer vos liens avec la soci\u00e9t\u00e9 de Biscaye?<\/h2>\n<h5>Parrain\u00e9 par la Soci\u00e9t\u00e9 Chorale de Bilbao qui est pris en charge dans un \u00e9tablissement de 130\u00a0ans de vie avec d&#8217;\u00e9troits liens avec l&#8217;histoire de Bilbao et la Biscaye, avec une dimension internationale.<\/h5>\n<div  class='column dt-sc-one-fourth   first' ><div class=\"dt-sc-hr-border\"><\/div>\n<h3>Cat\u00e9gories de parrainage<\/h3>\n<ul class='dt-sc-fancy-list  rounded-arrow  decimal'>\n<li>Commanditaires<\/li>\n<li>Bienfaiteurs<\/li>\n<li>Amis<\/li>\n<\/ul><\/div>\n<div  class='column dt-sc-three-fourth   ' ><div class=\"dt-sc-hr-border\"><\/div>\n<h3>Avantages de parrainage<\/h3>\n<ul class='dt-sc-fancy-list  rounded-tick  decimal'>\n<li>Les incitations fiscales au m\u00e9c\u00e9nat. Une r\u00e9duction de 48% du montant pr\u00e9vu dans la d\u00e9claration d&#8217;imp\u00f4t sur le revenu<\/li>\n<li>Diffusion de l&#8217;image de l&#8217;entreprise dans les publications de Chorale (bulletins concerts, rapport annuel, ..)<\/li>\n<li>Le traitement pr\u00e9f\u00e9rentiel dans l&#8217;embauche de la Chorale qui comprend une r\u00e9duction sur le cach\u00e9<\/li>\n<li>Relier la marque \u00e0 un bien social et culturel<\/li>\n<li>Invitations aux concerts des chorales<\/li>\n<\/ul><\/div>\n<div class=\"dt-sc-hr-border\"><\/div>\n<div  class='dt-sc-callout-box type5 ' ><div class=\"column dt-sc-four-fifth first\">DEMANDE D&#8217;INFORMATION: Vous pouvez a travers notre formulaire ou par t\u00e9lephone \u00e0 l&#8217;attention de Nekane D\u00edaz, +34 944 167 148.<\/div><div class=\"column dt-sc-one-fifth\"><a href='https:\/\/www.coraldebilbao.com\/fr\/contact\/' class='dt-sc-button medium' target='_blank'>PLUS D'INFO<\/a><\/div><\/div>\n<div class=\"dt-sc-hr-border\"><\/div>\n<img loading=\"lazy\" class=\"alignnone wp-image-20025 size-full\" src=\"https:\/\/www.coraldebilbao.com\/wp-content\/uploads\/2020\/10\/patrocinio-2020-copia.jpg\" alt=\"\" width=\"1240\" height=\"1753\" srcset=\"https:\/\/www.coraldebilbao.com\/wp-content\/uploads\/2020\/10\/patrocinio-2020-copia.jpg 1240w, https:\/\/www.coraldebilbao.com\/wp-content\/uploads\/2020\/10\/patrocinio-2020-copia-212x300.jpg 212w, https:\/\/www.coraldebilbao.com\/wp-content\/uploads\/2020\/10\/patrocinio-2020-copia-724x1024.jpg 724w, https:\/\/www.coraldebilbao.com\/wp-content\/uploads\/2020\/10\/patrocinio-2020-copia-768x1086.jpg 768w, https:\/\/www.coraldebilbao.com\/wp-content\/uploads\/2020\/10\/patrocinio-2020-copia-1087x1536.jpg 1087w\" sizes=\"(max-width: 1240px) 100vw, 1240px\" \/>\n<p>&nbsp;<\/p>\n","protected":false},"excerpt":{"rendered":"<p>Votre entreprise a un engagement envers la responsabilit\u00e9 sociale? Vous voulez renforcer vos liens avec la soci\u00e9t\u00e9 de Biscaye? Parrain\u00e9 par la Soci\u00e9t\u00e9 Chorale de Bilbao qui est pris en charge dans un \u00e9tablissement de 130\u00a0ans de vie avec d&#8217;\u00e9troits liens avec l&#8217;histoire de Bilbao et la Biscaye, avec une dimension internationale. &nbsp;<\/p>\n","protected":false},"author":6,"featured_media":0,"parent":2171,"menu_order":0,"comment_status":"open","ping_status":"open","template":"","meta":[],"_links":{"self":[{"href":"https:\/\/www.coraldebilbao.com\/fr\/wp-json\/wp\/v2\/pages\/2165"}],"collection":[{"href":"https:\/\/www.coraldebilbao.com\/fr\/wp-json\/wp\/v2\/pages"}],"about":[{"href":"https:\/\/www.coraldebilbao.com\/fr\/wp-json\/wp\/v2\/types\/page"}],"author":[{"embeddable":true,"href":"https:\/\/www.coraldebilbao.com\/fr\/wp-json\/wp\/v2\/users\/6"}],"replies":[{"embeddable":true,"href":"https:\/\/www.coraldebilbao.com\/fr\/wp-json\/wp\/v2\/comments?post=2165"}],"version-history":[{"count":3,"href":"https:\/\/www.coraldebilbao.com\/fr\/wp-json\/wp\/v2\/pages\/2165\/revisions"}],"predecessor-version":[{"id":20028,"href":"https:\/\/www.coraldebilbao.com\/fr\/wp-json\/wp\/v2\/pages\/2165\/revisions\/20028"}],"up":[{"embeddable":true,"href":"https:\/\/www.coraldebilbao.com\/fr\/wp-json\/wp\/v2\/pages\/2171"}],"wp:attachment":[{"href":"https:\/\/www.coraldebilbao.com\/fr\/wp-json\/wp\/v2\/media?parent=2165"}],"curies":[{"name":"wp","href":"https:\/\/api.w.org\/{rel}","templated":true}]}}