{"id":2157,"date":"2014-08-13T11:20:17","date_gmt":"2014-08-13T11:20:17","guid":{"rendered":"http:\/\/coraldebilbao.com\/coros\/directores\/"},"modified":"2018-12-18T13:48:59","modified_gmt":"2018-12-18T12:48:59","slug":"directores","status":"publish","type":"page","link":"https:\/\/www.coraldebilbao.com\/fr\/coros\/directores\/","title":{"rendered":"Les Directeurs"},"content":{"rendered":"<h1>Les directeurs<\/h1>\n<div class='dt-sc-hr '><\/div>\n<h3>Enrique Azurza<\/h3>\n<p><img loading=\"lazy\" class=\"size-full wp-image-16414 alignright\" src=\"https:\/\/www.coraldebilbao.com\/wp-content\/uploads\/2014\/08\/enrique-azurza-director-coral-de-bilbao-2.jpg\" alt=\"Enrique Azurza, Director de la Coral de Bilbao\" width=\"250\" height=\"374\" srcset=\"https:\/\/www.coraldebilbao.com\/wp-content\/uploads\/2014\/08\/enrique-azurza-director-coral-de-bilbao-2.jpg 250w, https:\/\/www.coraldebilbao.com\/wp-content\/uploads\/2014\/08\/enrique-azurza-director-coral-de-bilbao-2-201x300.jpg 201w\" sizes=\"(max-width: 250px) 100vw, 250px\" \/>Asume la direcci\u00f3n art\u00edstica de la Sociedad Coral de Bilbao en abril de 2016.<br \/>\nProfesor de canto coral en el Centro Superior de M\u00fasica del Pa\u00eds Vasco \u2013 Musikene, Enrique Azurza es uno de los directores de coro m\u00e1s destacados y din\u00e1micos de su generaci\u00f3n.<br \/>\nEstudi\u00f3 direcci\u00f3n de coro en el Pa\u00eds Vasco y en Estocolmo, con Anders Eby, becado por la Diputaci\u00f3n de Gipuzkoa. Realiz\u00f3 cursos de especializaci\u00f3n con Eric Ericson y Carl H\u00f8gset.<\/p>\n<p>En 1991 recibe el Premio al Mejor Director en el Certamen Internacional de Varna (Bulgaria). Invitado en dos ocasiones por la IFCM al Simposio Mundial de M\u00fasica Coral: Sydney 1996 y Puerto Madryn (Argentina) 2011.<br \/>\nActualmente dirige el Coro Hodeiertz de Tolosa, y el grupo vocal profesional KEA, especializado en m\u00fasica contempor\u00e1nea.<\/p>\n<p>Ha dirigido el Coro de la Universidad del Pa\u00eds Vasco (1999-2016), el Coro L\u00edrico de Cantabria \u2013 Coro del Palacio de Festivales de Santander (2011-2015) y el Coro del Instituto Aragon\u00e9s de Canto Coral (1993-2003).<\/p>\n<p>Ha actuado como director invitado con el Coro de RTVE, y con el coro St. Jacob de Estocolmo.<\/p>\n<p>Con todos ellos ha abordado un amplio abanico de repertorios, ha logrado primeros premios en cert\u00e1menes nacionales e internacionales, y ha realizado diversas grabaciones.<\/p>\n<p>Ha impartido numerosos cursos de direcci\u00f3n, conferencias y seminarios. Es asesor musical del Concurso Coral Internacional de Tolosa, del Simposio Mundial de Barcelona 2017 y director art\u00edstico del Certamen Coral de Ejea de Los Caballeros.<\/p>\n<p>Ha formado parte de jurados en festivales nacionales e internacionales: Debrecen (Hungr\u00eda), Arezzo (Italia), Tours (Francia), Varna (Bulgaria), Marktoberdorf (Alemania), Montreux y Neuch\u00e2tel (Suiza), Maasmechelen (B\u00e9lgica), Maribor (Eslovenia), Busan (Corea del Sur) y Hong-Kong (China).<\/p>\n<div class=\"dt-sc-hr-border\"><\/div>\n<img loading=\"lazy\" class=\"wp-image-18391 alignleft\" src=\"https:\/\/www.coraldebilbao.com\/wp-content\/uploads\/2018\/12\/Urko-Sangroniz.jpg\" alt=\"\" width=\"268\" height=\"401\" srcset=\"https:\/\/www.coraldebilbao.com\/wp-content\/uploads\/2018\/12\/Urko-Sangroniz.jpg 1068w, https:\/\/www.coraldebilbao.com\/wp-content\/uploads\/2018\/12\/Urko-Sangroniz-200x300.jpg 200w, https:\/\/www.coraldebilbao.com\/wp-content\/uploads\/2018\/12\/Urko-Sangroniz-768x1151.jpg 768w, https:\/\/www.coraldebilbao.com\/wp-content\/uploads\/2018\/12\/Urko-Sangroniz-684x1024.jpg 684w\" sizes=\"(max-width: 268px) 100vw, 268px\" \/><\/p>\n<h3>Urko Sangroniz<\/h3>\n<p>N\u00e9 \u00e0 Bilbao en 1976. Il a commenc\u00e9 ses \u00e9tudes musicales \u00e0 un \u00e2ge pr\u00e9coce au Conservatoire de la Soci\u00e9t\u00e9 Chorale de Bilbao. Plus tard, il entre au Conservatoire &#8220;Juan CrisostomoArriaga&#8221; de Bilbao, o\u00f9 il termine l&#8217;universit\u00e9 avec les honneurs.<br \/>\nIl fait des \u00e9tudes musicales sp\u00e9cialit\u00e9 violon avec comme les enseignants Dana Besedowsky, Dan Mitu, SaioaLizaso, Rosa Lopez, Carmen Gutierrez, Eva Graubin et HiroKurosaki, entre autres, et la musique de chambre avec Carmen Gutierrez, Luis de Moura Castro et EugenyGratch .<\/p>\n<p>Il se forme dans la chorale avec la participation aux cours de la F\u00e9d\u00e9ration des chorales Asturiana (FECORA) avec les enseignants XabierSarasola, Basil Astulez Julio Dominguez et Albert Alcaraz, et la F\u00e9d\u00e9ration des chorales du Pays Basque (EAE) avec les enseignants MaiteOca Jos\u00e9 Ram\u00f3n Gil T\u00e1rrega, Juan Luis Martinez, Vasco Negreiros, Martin Schmitt et Henry Azurza. Il a \u00e9largi sa formation vocale avec les enseignants et Martha UbietaNuriaOrbea.<\/p>\n<p>Il a appartenu au Conservatoire Chorale et la chorale Euskeria, et depuis 1997 il est membre de la chorale mixte de la Soci\u00e9t\u00e9 Chorale de Bilbao. Il enseigne le violon au Conservatoire de la Soci\u00e9t\u00e9 Chorale de Bilbao depuis 1999, il combine le travail avec Euskeria Ch\u0153ur Directeur et Directeur adjoint de cette soci\u00e9t\u00e9 depuis 2007.<br \/>\n<div class=\"dt-sc-hr-border\"><\/div>\n<img loading=\"lazy\" class=\"alignright size-full wp-image-1249\" src=\"https:\/\/www.coraldebilbao.com\/wp-content\/uploads\/2014\/08\/ormazabal1.jpg\" alt=\"Jose Luis Ormazabal\" width=\"250\" height=\"341\" \/><\/p>\n<h3>Jose Luis Ormazabal<\/h3>\n<p>N\u00e9 \u00e0 Bilbao, il a \u00e9tudi\u00e9 la guitare et le chant au Conservatoire de la ville.<\/p>\n<p>Il a fait partie d\u2019un Groupe de Musique Antique de Bilbao de sa cr\u00e9ation jusqu\u2019\u00e0 sa dissolution.<br \/>\nSur une p\u00e9riode de dix ans, il \u00e9tait un membre de la CapillaPe\u00f1aflorida, o\u00f9 il a d\u00e9velopp\u00e9 une intense activit\u00e9 de concertiste.<br \/>\nActuellement, il est directeur du Ch\u0153ur de Chambre Doinuzahar de Durango.<br \/>\nIl a r\u00e9alis\u00e9 plusieurs enregistrements en tant que r\u00e9alisateur et \u00e9galement en tant que chanteur solo.<\/p>\n<p>Interpr\u00e9tation combin\u00e9e avec travail d&#8217;enseignement dans le domaine de l&#8217;\u00e9ducation musicale et l&#8217;initiation des plus petits. Depuis 1992, il est le coordinateur de l&#8217;atelier de lancement du Conservatoire de musique Chorale Soci\u00e9t\u00e9 de Bilbao et professeur de musique du coll\u00e8ge fran\u00e7ais de Bilbao. Cette m\u00eame ann\u00e9e, il a commenc\u00e9 son travail en tant que formateur Conservatoire Chorale de cette soci\u00e9t\u00e9. En F\u00e9vrier 1994, il a \u00e9t\u00e9 nomm\u00e9 directeur de cette chorale.<br \/>\nHa realizado cursos de direcci\u00f3n coral con Peter Eidenbenz, Eric Erikson, Pierre Cao y Nicole Corti.<\/p>\n","protected":false},"excerpt":{"rendered":"<p>Les directeurs Enrique Azurza Asume la direcci\u00f3n art\u00edstica de la Sociedad Coral de Bilbao en abril de 2016. Profesor de canto coral en el Centro Superior de M\u00fasica del Pa\u00eds Vasco \u2013 Musikene, Enrique Azurza es uno de los directores de coro m\u00e1s destacados y din\u00e1micos de su generaci\u00f3n. Estudi\u00f3 direcci\u00f3n de coro en el [&hellip;]<\/p>\n","protected":false},"author":6,"featured_media":0,"parent":2134,"menu_order":0,"comment_status":"open","ping_status":"open","template":"","meta":[],"_links":{"self":[{"href":"https:\/\/www.coraldebilbao.com\/fr\/wp-json\/wp\/v2\/pages\/2157"}],"collection":[{"href":"https:\/\/www.coraldebilbao.com\/fr\/wp-json\/wp\/v2\/pages"}],"about":[{"href":"https:\/\/www.coraldebilbao.com\/fr\/wp-json\/wp\/v2\/types\/page"}],"author":[{"embeddable":true,"href":"https:\/\/www.coraldebilbao.com\/fr\/wp-json\/wp\/v2\/users\/6"}],"replies":[{"embeddable":true,"href":"https:\/\/www.coraldebilbao.com\/fr\/wp-json\/wp\/v2\/comments?post=2157"}],"version-history":[{"count":2,"href":"https:\/\/www.coraldebilbao.com\/fr\/wp-json\/wp\/v2\/pages\/2157\/revisions"}],"predecessor-version":[{"id":18396,"href":"https:\/\/www.coraldebilbao.com\/fr\/wp-json\/wp\/v2\/pages\/2157\/revisions\/18396"}],"up":[{"embeddable":true,"href":"https:\/\/www.coraldebilbao.com\/fr\/wp-json\/wp\/v2\/pages\/2134"}],"wp:attachment":[{"href":"https:\/\/www.coraldebilbao.com\/fr\/wp-json\/wp\/v2\/media?parent=2157"}],"curies":[{"name":"wp","href":"https:\/\/api.w.org\/{rel}","templated":true}]}}