{"id":2139,"date":"2014-08-05T10:58:20","date_gmt":"2014-08-05T10:58:20","guid":{"rendered":"http:\/\/coraldebilbao.com\/coros\/coral-de-bilbao\/"},"modified":"2018-03-09T12:20:05","modified_gmt":"2018-03-09T11:20:05","slug":"coral-de-bilbao","status":"publish","type":"page","link":"https:\/\/www.coraldebilbao.com\/fr\/coros\/coral-de-bilbao\/","title":{"rendered":"Chorale de Bilbao"},"content":{"rendered":"<img loading=\"lazy\" class=\"alignnone size-full wp-image-17657\" src=\"https:\/\/www.coraldebilbao.com\/wp-content\/uploads\/2018\/03\/sociedad-coral-de-bilbao.jpg\" alt=\"Sociedad Coral de Bilbao\" width=\"790\" height=\"266\" srcset=\"https:\/\/www.coraldebilbao.com\/wp-content\/uploads\/2018\/03\/sociedad-coral-de-bilbao.jpg 790w, https:\/\/www.coraldebilbao.com\/wp-content\/uploads\/2018\/03\/sociedad-coral-de-bilbao-300x101.jpg 300w, https:\/\/www.coraldebilbao.com\/wp-content\/uploads\/2018\/03\/sociedad-coral-de-bilbao-768x259.jpg 768w\" sizes=\"(max-width: 790px) 100vw, 790px\" \/>\n<p>&nbsp;<\/p>\n<h2>Chorale de Bilbao<\/h2>\n<p>La Soci\u00e9t\u00e9 Chorale de Bilbao-BilbokoElkarteaKoral a \u00e9t\u00e9 fond\u00e9e en 1886 pour le d\u00e9veloppement de la musique en g\u00e9n\u00e9ral et en particulier de corail. Au fil des ans, ont \u00e9t\u00e9 ajout\u00e9s les succ\u00e8s, des r\u00e9compenses et un grand prestige.<\/p>\n<p>Parmi les enseignants qui ont dirig\u00e9 des chorales depuis sa cr\u00e9ation avec CletoZabala sont Aureliano Valle, Guridi, Arturo Inchausti, Timothy Urrengoechea, JM Olaizola, Modesto Arana, Rafael Fr\u00fchbeckde Burgos, Juan Cordero, Urbano Ruiz LaordenJulenEzkurra, Gorka Sierra., I\u00f1aki Moreno et Joan Cabero. Depuis Septembre 2010 Juillet Gergely est devenu directeur.<\/p>\n<p>La liste des grands metteurs en sc\u00e8ne, il a agi Arb\u00f3s noms comme Fernandez, Perez Casas, Wladimir Golscham J\u00e9sus Arambarri, Lamote de Grignon, Ataulfo Argenta, JasechaHorenstein, Sir Malcolm Sargent, Odon Alonso, Colman Pearce, Patrick Juzeau, Ros Marba Miguel Angel Gomez Martinez, Moshe Atzmon, Mstislav Rostropovitch, Theo Alcantara, Michel Plasson, Victor Pablo Perez, entre autres.<\/p>\n<p><img loading=\"lazy\" class=\"alignright size-full wp-image-2140\" src=\"https:\/\/www.coraldebilbao.com\/wp-content\/uploads\/2014\/08\/coral-bilbao-concierto1.jpg\" alt=\"coral-bilbao-concierto\" width=\"400\" height=\"266\" \/>Ont \u00e9t\u00e9 interpr\u00e9t\u00e9es en Espagne ces \u0153uvres aussi importantes que l&#8217;oratorio &#8220;Le d\u00eener des Ap\u00f4tres&#8221; de Wagner, &#8220;Un Requiem allemand&#8221; de Brahms, &#8220;V\u00eapres solennelles du Confesseur&#8221; &#8220;Requiem&#8221; de Mozart par Verdi, oratorio &#8220;Elie&#8221; de Mendelssohn, &#8220;Psaume&#8221; Smith, &#8220;Les B\u00e9atitudes&#8221; Franck, &#8220;Danses prince Igor&#8221; de Borodine, \u00abCarmina Burana\u00bb de Carl Orff, \u00abHodie&#8221; par Vaughan-Williams, &#8220;Requiem&#8221; et &#8220;SpringSymphony&#8221; de Ligeti Britten. Sa premi\u00e8re mondiale est remarquable po\u00e8me &#8220;Castilla&#8221; de Arambarri, la cantate &#8220;Illeta&#8221; Escudero, oratorio &#8220;Gernika&#8221; Gorka Sierra et le travail de Kar Bernaola &#8220;Euskadi. Euskarariabestia &#8220;.<\/p>\n<p>Aussi dans le domaine lyrique ont \u00e9t\u00e9 d\u00e9velopp\u00e9 beaucoup d\u2019oeuvres. Elles y comprennent les premi\u00e8res mondiales de l&#8217;op\u00e9ra &#8220;Maitena&#8221; Colin, &#8220;MendiMendiyan&#8221; Usandizaga, &#8220;LideetaTxidor&#8221; Santos Intxausti, &#8220;Mirentxu&#8221; et &#8220;Amaya&#8221; Guridi et &#8220;Guernica&#8221; Escudero. En 1991, ont particip\u00e9 \u00e0 la premi\u00e8re mondiale de \u00abM\u00e9d\u00e9e\u00bb par Mikis Theodorakis.<\/p>\n<p>Ils ont jou\u00e9 avec presque tous les orchestres espagnols ainsi que celui de Moscou Symphonie Orchestra Broadcast Radio Portuguesa, l&#8217;Orchestre National de Bordeaux-Aquitaine du Capitole de Toulouse, Lyon, Royal Orchestre Philharmonique, Orchestre symphonique de Budapest Symphonie Orchestra Berlin, Orchestre Symphonique de Aachen, Orchestre de Chambre de Paris, l&#8217;Orchestre Lamoureux, Wiener Acad\u00e9mie Orchestra, Orchestre symphonique de Szeged, le Tokyo M\u00e9tropolitain Orchestre Symphonique et l\u2019Orchestre Symphonique de la BBC<\/p>\n<p>Parmi ses enregistrements sont les op\u00e9ras &#8220;Goyescas&#8221; Granados avec l&#8217;Orchestre des Cadaqu\u00e9s et GianandreaNoseda et &#8220;Amaya&#8221; Guridi avec l&#8217;Orchestre symphonique de Bilbao; et avec l&#8217;Orchestre National du Capitole de Toulouse et son directeur Michel Plasson, un CD consacr\u00e9 aux compositeurs basques et produit par EMI.<\/p>\n<p>Ses derniers ouvrages publi\u00e9s comprennent l&#8217;op\u00e9ra &#8220;Turandot&#8221; de Puccini, enregistr\u00e9 par l&#8217;Orchestre Philharmonique de Malaga et son chef Alexandre Rahbari pour Naxos; un autre avec l\u2019 Orchestre Symphonique d&#8217;Euskadi et de son chef CristianMandeal dans l&#8217;interpr\u00e9tation de diverses \u0153uvres de Pablo Sorozabal avec la cl\u00e9; l&#8217;op\u00e9rette \u00abLe Hameau\u00bb Guridi, l&#8217;Orchestre symphonique de Bilbao et son chef Juanjo Mena, avec MARCO POLO; et le concert comm\u00e9moratif pour le S\u00e9nat XXV anniversaire de la Constitution Espagnole, avec un programme de musique sacr\u00e9e \u00e0 capella. En outre, Decca a publi\u00e9 l&#8217;op\u00e9ra &#8220;Guernica&#8221; de F. Escudero avec l&#8217;Orchestre symphonique d&#8217;Euskadi., Pour ne citer que quelques-uns.<br \/>\n<div class='dt-sc-hr '><\/div>\n<h2>Les Choristes<\/h2>\n<div class='dt-sc-hr '><\/div>\n<p><strong>PREMIERS SOPRANOS<\/strong><\/p>\n<p>Calvo Ibarreche, Mar\u00eda Camelia &#8211; Fern\u00e1ndez-Villa Silva, Pilar &#8211; Franco Madariaga, Nora &#8211; Hern\u00e1ndez Villalabeitia, Loli &#8211; Mart\u00ednez Ant\u00f3n, Ana Teresa &#8211; Mendia Ibarrola, Cristina &#8211; Morales Lorenzo, M\u00aa Jes\u00fas &#8211; Rodr\u00edguez Rodr\u00edguez, Flavia<\/p>\n<p>&nbsp;<\/p>\n<div class=\"dt-sc-clear\"><\/div>\n<p><strong>DEUXI\u00c8ME SOPRANO<\/strong><strong>\u00a0<\/strong><\/p>\n<p>Albizu Etxeberria, M\u00aa Victoria &#8211; Asumendi Anza, Bego\u00f1a &#8211; Ayerbe Gonz\u00e1lez de Arrilucea, Arrate &#8211; Barbero Cubas, Bego\u00f1a &#8211; Dorronsorro Paulis, M\u00aa Eugenia &#8211; Fontestad Utrillas, Catalina &#8211; Fuidio Tercero, Marta &#8211; Garc\u00eda Aguirrezabal, Pilar &#8211; Hinsch, Swaantje &#8211; Ispizua Yarnoz, Iratxe &#8211; Mujika Arteagoitia, Ane &#8211; Ortega Barrena, Itziar &#8211; Sanz Mu\u00f1oz, Lorea<\/p>\n<p>&nbsp;<\/p>\n<div class=\"dt-sc-clear\"><\/div>\n<p><strong>SOPRANO PARTENAIRES<\/strong><\/p>\n<p>Barruetabe\u00f1a Pirla, Irene &#8211; Elorrieta Landaluce, Aitziber &#8211; Garc\u00eda Garc\u00eda, Esther &#8211; Laespada Lazpita, Adriana &#8211; Mart\u00ednez Garc\u00eda, Mari Paz &#8211; Nardi Remonda, Laura &#8211; Pi\u00f1al Del campo, Inma &#8211; Revuelta Pinto, Olga &#8211; S\u00e1enz D\u00edez, Virginia- Sagastizabal Santolaria, Lara &#8211; Sanz Mu\u00f1oz, Isabel &#8211; Zamakona Vicent, Marta<\/p>\n<p>&nbsp;<\/p>\n<div class=\"dt-sc-clear\"><\/div>\n<p><strong>MEZZOSOPRANOS<\/strong><\/p>\n<p>Abasolo Echevarr\u00eda, Argi &#8211; Aurre Zapatero, Elisa &#8211; Bilbao Larrucea, Itziar &#8211; Clemente Rina, M\u00aa Luz &#8211; Guridi Ispizua, Julia &#8211; Lejarza Ortiz, Miren Gurutze &#8211; Mart\u00ednez de luco Lizarraga, Blanca &#8211; Mu\u00f1oz Mancha, \u00c1ngeles &#8211; Riancho de Diego, Luz Mar\u00eda &#8211; Riancho de Diego, Yolanda &#8211; San Ant\u00f3n Santa Coloma, Marta &#8211; Sancho Rodr\u00edguez, Adoraci\u00f3n &#8211; Zalbide Fern\u00e1ndez, M\u00aa Jos\u00e9<\/p>\n<p>&nbsp;<\/p>\n<div class=\"dt-sc-clear\"><\/div>\n<p><strong>ALTO<\/strong><\/p>\n<p>Ach\u00fategui Astorquiza, Mercedes &#8211; Artola Garaizabal, Koro &#8211; Caller P\u00e9rez, Consuelo &#8211; Etxebarria Clemente, Rosario &#8211; Gomeza Mateo, Marisa &#8211; Gorostiza Anduiza, Sofia &#8211; Marcos Mart\u00ednez, Pilar &#8211; Mart\u00ednez Barrutieta, Nerea &#8211; Williamson, Georgina<\/p>\n<p>&nbsp;<\/p>\n<div class=\"dt-sc-clear\"><\/div>\n<p><strong>MEZZOSOPRANOS PARTENAIRES<\/strong><strong>\u00a0<\/strong><\/p>\n<p>Dudareva, Tatiana &#8211; Mazpule Aguill\u00f3, M\u00aa Jes\u00fas<\/p>\n<p>&nbsp;<\/p>\n<div class=\"dt-sc-clear\"><\/div>\n<p><strong>CANDIDAT\u00a0SOPRANO<\/strong><\/p>\n<p>Agirrezabala Garmendia, Gemma &#8211; Merino Terr\u00f3n, Patricia &#8211; Torrealba Martelli, Yuraima<\/p>\n<p>&nbsp;<\/p>\n<div class=\"dt-sc-clear\"><\/div>\n<p><strong>CANDIDAT MEZZOSOPRANO\u00a0<\/strong><\/p>\n<p>Orchinnikova, Alla &#8211; Pena Mardaras, Cristina<\/p>\n<p>&nbsp;<\/p>\n<div class=\"dt-sc-clear\"><\/div>\n<p><strong>CANDIDAT ALTO<\/strong><\/p>\n<p>Ojanguren Parraza, Eva &#8211; Olano Lope, Elena<\/p>\n<p>&nbsp;<\/p>\n<div class=\"dt-sc-clear\"><\/div>\n<p><strong>TENORES PREMIERS<\/strong><strong>\u00a0<\/strong><\/p>\n<p>Abete Montoya, Lu\u00eds Alberto &#8211; Altube Garay, Juan &#8211; Guti\u00e9rrez Urrutikoetxea, Ant\u00f3n &#8211; Mendizabal Ibarronodo, Alfonso- P\u00e9rez Calvo, Jos\u00e9 Ram\u00f3n &#8211; Yarza Utzeta, Eneko &#8211; Zubiaga Del Hierro, Jon<\/p>\n<p>&nbsp;<\/p>\n<div class=\"dt-sc-clear\"><\/div>\n<p><strong>TENORES SECONDES<br \/>\n<\/strong><\/p>\n<p>Crespo S\u00e1inz, Ram\u00f3n- De Gisbert Lauzirika, Charly &#8211; Est\u00e9vez Reina, Fernando &#8211; Guijarrubia Albajara, Gerardo &#8211; Herr\u00e1n Alonso, Valent\u00edn &#8211; Ibarzabal Maguregi, Miguel Angel<\/p>\n<p>&nbsp;<\/p>\n<div class=\"dt-sc-clear\"><\/div>\n<p><strong>TENORES PARTENARIAT<\/strong><\/p>\n<p>Arrastia Saenz, Jesus &#8211; Estrade Smith, Jorge &#8211; Gerrikabeitia Fresnedo, Gorka &#8211; Gil Crespo, Santiago &#8211; Gonz\u00e1lez Gonz\u00e1lez, Alberto &#8211; Mart\u00ednez Lozares, Aitor &#8211; Mu\u00f1oz Salvoch, Oscar &#8211; Novel Garrido, Javier &#8211; Osorio Gibert, Enrique &#8211; Rodr\u00edguez Rodr\u00edguez, Primitivo &#8211; Unamuno Eguren, Gorka &#8211; Zabala Toraya, Fernando<\/p>\n<p>&nbsp;<\/p>\n<div class=\"dt-sc-clear\"><\/div>\n<p><strong>BARYTON<\/strong><\/p>\n<p>Aparicio Justo, Tirso &#8211; Cortabitarte Iriondo, Ant\u00f3n &#8211; Garai Alconada, Jos\u00e9 Mar\u00eda &#8211; Garc\u00eda Alda, Mikel &#8211; Land\u00edn Aguirre, Juli\u00e1n &#8211; Marroqu\u00edn G\u00f3mez, Aurelio &#8211; Pati\u00f1o L\u00f3pez, Alberto &#8211; Rodr\u00edguez Moreno, Arturo &#8211; S\u00e1nchez Mart\u00edn, Domingo &#8211; Sangroniz Mancebo, Urko &#8211; Teller\u00eda Ceberio, Pello &#8211; Txakartegi Paniagua, Txomin &#8211; Ubierna Ubierna, I\u00f1aki &#8211; Uriarte Fern\u00e1ndez, Lu\u00eds Mar\u00eda &#8211; Vega Palenzuela, Alberto &#8211; Zorrilla Pizarro, Juan Ignacio<\/p>\n<p>&nbsp;<\/p>\n<div class=\"dt-sc-clear\"><\/div>\n<p><strong>BAS<\/strong><\/p>\n<p>Arranz Magdaleno, Jes\u00fas &#8211; Basterretxea Zubizarreta, Markos &#8211; Bilbao Azketa, Juan &#8211; Ercoreca Cortabarria, Santiago &#8211; Fern\u00e1ndez Mill\u00e1n, Jos\u00e9 Lu\u00eds &#8211; Fern\u00e1ndez Samaniego, Fernando &#8211; Gallego P\u00e9rez, Jos\u00e9 Luis &#8211; Labeaga G\u00f3mez, Santiago &#8211; Monle\u00f3n de la Calle, Emilio &#8211; Omar Ansolega, Joseba &#8211; Pe\u00f1a Rodi\u00f1o, Santiago<\/p>\n<p>&nbsp;<\/p>\n<div class=\"dt-sc-clear\"><\/div>\n<p><strong>CANDIDAT<\/strong><strong>\u00a0<\/strong><strong>BAS ET BARYTONS<\/strong><strong>\u00a0<\/strong><\/p>\n<p>Aldaz Ilzarbe, Jes\u00fas &#8211; Aranburu Juanena, Txomin &#8211; Babaze Aizpurua, Jokin &#8211; Egoskozabal Mart\u00ednez, I\u00f1igo &#8211; Horno Gracia, Manuel &#8211; Lekerika Z\u00e1rraga, Aritz &#8211; Mazas Gonz\u00e1lez, Narciso &#8211; V\u00e1zquez Aguado, To\u00f1o<\/p>\n<p>&nbsp;<\/p>\n<div class=\"dt-sc-clear\"><\/div>\n<p><strong>CANDIDAT TENORES<\/strong><\/p>\n<p>Blazquez Otaola, Ram\u00f3n &#8211; Marcos Lecumberri, I\u00f1aki &#8211; Mart\u00ednez S\u00e1nchez, Jordi &#8211; Sordo Castro, Javier<\/p>\n<p>&nbsp;<\/p>\n<div class=\"dt-sc-clear\"><\/div>\n<p><strong>BAS BARYTONS ET DE PARTENARIAT<\/strong><\/p>\n<p>Hern\u00e1ndez Mar\u00edn, Jos\u00e9 Manuel<\/p>\n<p>&nbsp;<\/p>\n<div class=\"dt-sc-clear\"><\/div>\n<p><strong>CHEFS DE CORDE<\/strong><\/p>\n<p>Sopranos: Nora Franco<br \/>\nMezzos y Contraltos: M\u00aa Jos\u00e9 Zalbide<br \/>\nTenores: Fernando Estevez<br \/>\nBar\u00edtonos y Bajos: Urko Sangroniz<\/p>\n","protected":false},"excerpt":{"rendered":"<p>&nbsp; Chorale de Bilbao La Soci\u00e9t\u00e9 Chorale de Bilbao-BilbokoElkarteaKoral a \u00e9t\u00e9 fond\u00e9e en 1886 pour le d\u00e9veloppement de la musique en g\u00e9n\u00e9ral et en particulier de corail. Au fil des ans, ont \u00e9t\u00e9 ajout\u00e9s les succ\u00e8s, des r\u00e9compenses et un grand prestige. Parmi les enseignants qui ont dirig\u00e9 des chorales depuis sa cr\u00e9ation avec CletoZabala [&hellip;]<\/p>\n","protected":false},"author":6,"featured_media":0,"parent":2134,"menu_order":0,"comment_status":"open","ping_status":"open","template":"","meta":[],"_links":{"self":[{"href":"https:\/\/www.coraldebilbao.com\/fr\/wp-json\/wp\/v2\/pages\/2139"}],"collection":[{"href":"https:\/\/www.coraldebilbao.com\/fr\/wp-json\/wp\/v2\/pages"}],"about":[{"href":"https:\/\/www.coraldebilbao.com\/fr\/wp-json\/wp\/v2\/types\/page"}],"author":[{"embeddable":true,"href":"https:\/\/www.coraldebilbao.com\/fr\/wp-json\/wp\/v2\/users\/6"}],"replies":[{"embeddable":true,"href":"https:\/\/www.coraldebilbao.com\/fr\/wp-json\/wp\/v2\/comments?post=2139"}],"version-history":[{"count":1,"href":"https:\/\/www.coraldebilbao.com\/fr\/wp-json\/wp\/v2\/pages\/2139\/revisions"}],"predecessor-version":[{"id":17660,"href":"https:\/\/www.coraldebilbao.com\/fr\/wp-json\/wp\/v2\/pages\/2139\/revisions\/17660"}],"up":[{"embeddable":true,"href":"https:\/\/www.coraldebilbao.com\/fr\/wp-json\/wp\/v2\/pages\/2134"}],"wp:attachment":[{"href":"https:\/\/www.coraldebilbao.com\/fr\/wp-json\/wp\/v2\/media?parent=2139"}],"curies":[{"name":"wp","href":"https:\/\/api.w.org\/{rel}","templated":true}]}}