{"id":2130,"date":"2014-08-11T10:30:36","date_gmt":"2014-08-11T10:30:36","guid":{"rendered":"http:\/\/coraldebilbao.com\/ensenanza-musical\/informacion-academica\/"},"modified":"2025-06-19T14:20:32","modified_gmt":"2025-06-19T12:20:32","slug":"informacion-academica","status":"publish","type":"page","link":"https:\/\/www.coraldebilbao.com\/fr\/ensenanza-musical\/informacion-academica\/","title":{"rendered":"Information Acad\u00e9mique"},"content":{"rendered":"<h2>Information Acad\u00e9mique<\/h2>\n<div class='dt-sc-hr '><\/div>\n<table>\n<thead>\n<tr>\n<th>Documents<\/th>\n<th style=\"text-align: right; padding-right: 8.2em;\">Link<\/th>\n<\/tr>\n<\/thead>\n<tbody>\n<tr>\n<td>Normes de cours 2025-26<\/td>\n<td class=\"derecha\"><a href='https:\/\/www.coraldebilbao.com\/ensenanza-musical\/informacion-academica\/' target='_blank'  class='dt-sc-button   small ' >Aller \u00e0 document<\/a><\/td>\n<\/tr>\n<tr>\n<td>Calendrier scolaire 2025-26<\/td>\n<td class=\"derecha\"><a href='https:\/\/www.coraldebilbao.com\/ensenanza-musical\/informacion-academica\/' target='_blank'  class='dt-sc-button   small ' >Aller \u00e0 document<\/a><\/td>\n<\/tr>\n<\/tbody>\n<\/table>\n<div class='dt-sc-hr '><\/div>\n<blockquote class='type2  aligncenter red' ><q><q>Si vous souhaitez vous inscrire dans notre centre vous pouvez nous contacter:\nGr\u00e2ce \u00e0 notre t\u00e9l\u00e9phone: 944 167 148, par courriel \u00e0:  info@coraldebilbao.com, ou en visitant en personne: Felipe Serrate n \u00b0 2. Nous serons heureux de vous donner toutes les informations dont vous avez besoin.<\/q><\/q> <\/blockquote>\n<h4 style=\"text-align: center;\">Si vous nous connaissez d\u00e9j\u00e0, vous pouvez envoyer une demande &#8230;<\/h4>\n<table>\n<thead>\n<tr>\n<th>Demande<\/th>\n<th style=\"text-align: right; padding-right: 8.2em;\">Link<\/th>\n<\/tr>\n<\/thead>\n<tbody>\n<tr>\n<td>Je suis int\u00e9ress\u00e9 par l&#8217;atelier d\u2019initiation pour les enfants 3 \u00e0 7 ans<\/td>\n<td class=\"derecha\"><a href='https:\/\/www.coraldebilbao.com\/inscripcion-taller-de-iniciacion\/' target='_blank'  class='dt-sc-button   small ' >Demande d&#8217;inscription<\/a><\/td>\n<\/tr>\n<tr>\n<td>Je veux \u00e9tudier d&#8217;une mani\u00e8re r\u00e9glement\u00e9e: niveau \u00e9l\u00e9mentaire ou professionnelle<\/td>\n<td class=\"derecha\"><a href='https:\/\/www.coraldebilbao.com\/inscripcion-ensenanza-reglada\/' target='_blank'  class='dt-sc-button   small ' >Demande d&#8217;inscription<\/a><\/td>\n<\/tr>\n<tr>\n<td>Je veux jouer d&#8217;un instrument dans un environnement amusant \u00e0 l&#8217;\u00c9cole de musique<\/td>\n<td class=\"derecha\"><a href='https:\/\/www.coraldebilbao.com\/inscripcion-ensenanza-no-reglada\/' target='_blank'  class='dt-sc-button   small ' >Demande d&#8217;inscription<\/a><\/td>\n<\/tr>\n<tr>\n<td>Je veux int\u00e9grer un groupe instrumental<\/td>\n<td class=\"derecha\"><a href='https:\/\/www.coraldebilbao.com\/inscripcion-agrupacion-instrumental\/' target='_blank'  class='dt-sc-button   small ' >Demande d&#8217;inscription<\/a><\/td>\n<\/tr>\n<tr>\n<td>Je veux d\u00e9velopper des activit\u00e9s chorales<\/td>\n<td class=\"derecha\"><a href='https:\/\/www.coraldebilbao.com\/inscripcion-coralistas\/' target='_blank'  class='dt-sc-button   small ' >Demande d&#8217;inscription<\/a><\/td>\n<\/tr>\n<\/tbody>\n<\/table>\n","protected":false},"excerpt":{"rendered":"<p>Information Acad\u00e9mique Documents Link Normes de cours 2025-26 Calendrier scolaire 2025-26 Si vous nous connaissez d\u00e9j\u00e0, vous pouvez envoyer une demande &#8230; Demande Link Je suis int\u00e9ress\u00e9 par l&#8217;atelier d\u2019initiation pour les enfants 3 \u00e0 7 ans Je veux \u00e9tudier d&#8217;une mani\u00e8re r\u00e9glement\u00e9e: niveau \u00e9l\u00e9mentaire ou professionnelle Je veux jouer d&#8217;un instrument dans un environnement [&hellip;]<\/p>\n","protected":false},"author":6,"featured_media":0,"parent":2106,"menu_order":3,"comment_status":"open","ping_status":"closed","template":"","meta":[],"_links":{"self":[{"href":"https:\/\/www.coraldebilbao.com\/fr\/wp-json\/wp\/v2\/pages\/2130"}],"collection":[{"href":"https:\/\/www.coraldebilbao.com\/fr\/wp-json\/wp\/v2\/pages"}],"about":[{"href":"https:\/\/www.coraldebilbao.com\/fr\/wp-json\/wp\/v2\/types\/page"}],"author":[{"embeddable":true,"href":"https:\/\/www.coraldebilbao.com\/fr\/wp-json\/wp\/v2\/users\/6"}],"replies":[{"embeddable":true,"href":"https:\/\/www.coraldebilbao.com\/fr\/wp-json\/wp\/v2\/comments?post=2130"}],"version-history":[{"count":16,"href":"https:\/\/www.coraldebilbao.com\/fr\/wp-json\/wp\/v2\/pages\/2130\/revisions"}],"predecessor-version":[{"id":25482,"href":"https:\/\/www.coraldebilbao.com\/fr\/wp-json\/wp\/v2\/pages\/2130\/revisions\/25482"}],"up":[{"embeddable":true,"href":"https:\/\/www.coraldebilbao.com\/fr\/wp-json\/wp\/v2\/pages\/2106"}],"wp:attachment":[{"href":"https:\/\/www.coraldebilbao.com\/fr\/wp-json\/wp\/v2\/media?parent=2130"}],"curies":[{"name":"wp","href":"https:\/\/api.w.org\/{rel}","templated":true}]}}