{"id":2126,"date":"2014-08-08T12:39:32","date_gmt":"2014-08-08T12:39:32","guid":{"rendered":"http:\/\/coraldebilbao.com\/ensenanza-musical\/ninos\/"},"modified":"2014-12-12T14:13:14","modified_gmt":"2014-12-12T13:13:14","slug":"ninos","status":"publish","type":"page","link":"https:\/\/www.coraldebilbao.com\/fr\/ensenanza-musical\/ninos\/","title":{"rendered":"Enfants"},"content":{"rendered":"<script type=\"text\/javascript\">var lsjQuery = jQuery;lsjQuery(document).ready(function() {\r\nif(typeof lsjQuery.fn.layerSlider == \"undefined\") {\r\nif( window._layerSlider && window._layerSlider.showNotice) { \r\nwindow._layerSlider.showNotice('layerslider_4','jquery');\r\n}\r\n} else {\r\nlsjQuery(\"#layerslider_4\").layerSlider({sliderVersion: '', responsiveUnder: 0, layersContainer: 0, pauseOnHover: 'on', twoWaySlideshow: true, skin: 'noskin', yourLogoStyle: 'left: 10px; top: 10px;', skinsPath: 'https:\/\/www.coraldebilbao.com\/wp-content\/plugins\/LayerSlider\/static\/layerslider\/skins\/', type: 'responsive', showCircleTimer: false});\r\n}\r\n});\r\n<\/script><div id=\"layerslider_4\" class=\"ls-wp-container fitvidsignore\" style=\"width:790px;height:266px;margin:0 auto;\"><div class=\"ls-slide\" data-ls=\"duration:2000;transition2d:5;\"><img src=\"http:\/\/coraldebilbao.com\/wp-content\/uploads\/2014\/08\/ninos1.jpg\" class=\"ls-bg\" alt=\"Slide background\" \/><\/div><div class=\"ls-slide\" data-ls=\"duration:2000;transition2d:5;\"><img src=\"http:\/\/coraldebilbao.com\/wp-content\/uploads\/2014\/08\/ninos2.jpg\" class=\"ls-bg\" alt=\"Slide background\" \/><\/div><div class=\"ls-slide\" data-ls=\"duration:2000;transition2d:5;\"><img src=\"http:\/\/coraldebilbao.com\/wp-content\/uploads\/2014\/08\/nino3.jpg\" class=\"ls-bg\" alt=\"Slide background\" \/><\/div><\/div>\n<div class='dt-sc-hr-invisible  '><\/div>\n<h2>Voulez-vous que vos enfants aient un d\u00e9veloppement personnel et social complet? Vous voulez donner un arri\u00e8re-plan artistique?<\/h2>\n<h5>Les enfants de trois \u00e0 sept ans, commencer \u00e0 d\u00e9couvrir en d\u00e9pla\u00e7ant la souris vers le bas. Si votre fils \/ fille a plus de sept ans, cliquez sur &#8220;&#8221; l&#8217;\u00e9ducation &#8220;, ceci est votre espace Choral.<\/h5>\n<div class='dt-sc-hr-invisible  '><\/div>\n<div  class='column dt-sc-one-half   first' ><h4>Comment?<\/h4>\n<p>Les principaux domaines qui se travaillent sont: le chant, l&#8217;\u00e9coute, le rythme et le mouvement, le tout pr\u00e9sent\u00e9 dans un environnement divertissant et dr\u00f4le.<\/p>\n<p>Il est structur\u00e9 selon l&#8217;\u00e2ge des \u00e9l\u00e8ves: Ce crit\u00e8re d\u00e9termine le choix du mat\u00e9riel de travail.<\/p>\n<p>&nbsp;<\/p>\n<h4>Quand?<\/h4>\n<p>Les sessions d\u2019initiation musicales de 45 minutes dans des groupes de lundi \u00e0 mercredi ou mardi-jeudi. D\u00e8s l&#8217;\u00e2ge de 7 est ajout\u00e9 la pratique chorale.<\/p>\n<p>Pendant le cours, diverses activit\u00e9s sont organis\u00e9es pour sensibiliser les diff\u00e9rents instruments et \u00e0 partir de 5 ans, il y a la possibilit\u00e9 de commencer \u00e0 pratiquer certains d&#8217;entre eux.<\/p>\n<p>Tout au long de la p\u00e9riode scolaire des auditions et les spectacles sont programm\u00e9s pour mettre en valeur le travail de classe durant ann\u00e9e <\/p>\n<p>&nbsp;<\/p>\n<h4>O\u00f9?<\/h4>\n<p>Si vous voulez plus d&#8217;informations, vous pouvez nous contacter en utilisant ce formulaire, contactez-nous au 944167148 ou par email <a href=\"mailto:info@coraldebilbao.com\">info@coraldebilbao.com<\/a><\/p><\/div>\n<div  class='column dt-sc-one-half   ' ><div class='dt-sc-titled-box  red'><h6 class='dt-sc-titled-box-title' >  Demande d'information<\/h6><div class='dt-sc-titled-box-content'><div role=\"form\" class=\"wpcf7\" id=\"wpcf7-f2821-o1\" lang=\"es-ES\" dir=\"ltr\">\n<div class=\"screen-reader-response\"><p role=\"status\" aria-live=\"polite\" aria-atomic=\"true\"><\/p> <ul><\/ul><\/div>\n<form action=\"\/fr\/wp-json\/wp\/v2\/pages\/2126#wpcf7-f2821-o1\" method=\"post\" class=\"wpcf7-form init\" novalidate=\"novalidate\" data-status=\"init\">\n<div style=\"display: none;\">\n<input type=\"hidden\" name=\"_wpcf7\" value=\"2821\" \/>\n<input type=\"hidden\" name=\"_wpcf7_version\" value=\"5.4\" \/>\n<input type=\"hidden\" name=\"_wpcf7_locale\" value=\"es_ES\" \/>\n<input type=\"hidden\" name=\"_wpcf7_unit_tag\" value=\"wpcf7-f2821-o1\" \/>\n<input type=\"hidden\" name=\"_wpcf7_container_post\" value=\"0\" \/>\n<input type=\"hidden\" name=\"_wpcf7_posted_data_hash\" value=\"\" \/>\n<input type=\"hidden\" name=\"_wpcf7cf_hidden_group_fields\" value=\"[]\" \/>\n<input type=\"hidden\" name=\"_wpcf7cf_hidden_groups\" value=\"[]\" \/>\n<input type=\"hidden\" name=\"_wpcf7cf_visible_groups\" value=\"[]\" \/>\n<input type=\"hidden\" name=\"_wpcf7cf_repeaters\" value=\"[]\" \/>\n<input type=\"hidden\" name=\"_wpcf7cf_steps\" value=\"{}\" \/>\n<input type=\"hidden\" name=\"_wpcf7cf_options\" value=\"{&quot;form_id&quot;:2821,&quot;conditions&quot;:[],&quot;settings&quot;:{&quot;animation&quot;:&quot;yes&quot;,&quot;animation_intime&quot;:200,&quot;animation_outtime&quot;:200,&quot;conditions_ui&quot;:&quot;normal&quot;,&quot;notice_dismissed&quot;:false,&quot;notice_dismissed_update-cf7-5.7.7&quot;:true}}\" \/>\n<input type=\"hidden\" name=\"idpedido\" value=\"C1776501333n\" \/>\n<input type=\"hidden\" name=\"_wpcf7_recaptcha_response\" value=\"\" \/>\n<\/div>\n<p>Votre nom (obligatoire)\n    <span class=\"wpcf7-form-control-wrap your-name\"><input type=\"text\" name=\"your-name\" value=\"\" size=\"40\" class=\"wpcf7-form-control wpcf7-text wpcf7-validates-as-required\" aria-required=\"true\" aria-invalid=\"false\" \/><\/span> <\/p>\n<p>Votre email (obligatoire)\n    <span class=\"wpcf7-form-control-wrap your-email\"><input type=\"email\" name=\"your-email\" value=\"\" size=\"40\" class=\"wpcf7-form-control wpcf7-text wpcf7-email wpcf7-validates-as-required wpcf7-validates-as-email\" aria-required=\"true\" aria-invalid=\"false\" \/><\/span> <\/p>\n<p>Votre t\u00e9l\u00e9phone (obligatoire)\n    <span class=\"wpcf7-form-control-wrap tel-130\"><input type=\"tel\" name=\"tel-130\" value=\"\" size=\"40\" class=\"wpcf7-form-control wpcf7-text wpcf7-tel wpcf7-validates-as-required wpcf7-validates-as-tel\" aria-required=\"true\" aria-invalid=\"false\" \/><\/span><\/p>\n<p>Votre message\n    <span class=\"wpcf7-form-control-wrap textarea-241\"><textarea name=\"textarea-241\" cols=\"40\" rows=\"4\" class=\"wpcf7-form-control wpcf7-textarea\" aria-invalid=\"false\"><\/textarea><\/span><\/p>\n<p><span class=\"wpcf7-form-control-wrap acceptance-373\"><span class=\"wpcf7-form-control wpcf7-acceptance\"><span class=\"wpcf7-list-item\"><input type=\"checkbox\" name=\"acceptance-373\" value=\"1\" aria-invalid=\"false\" checked=\"checked\" \/><\/span><\/span><\/span> J'accepte la politique de confidentialit\u00e9<\/p>\n<p style=\"padding-bottom:10px;\"><input type=\"submit\" value=\"Envoyer\" class=\"wpcf7-form-control wpcf7-submit\" \/><\/p>\n<div class=\"wpcf7-response-output\" aria-hidden=\"true\"><\/div><\/form><\/div><\/div><\/div><\/div>\n<div class=\"dt-sc-clear\"><\/div>\n<div class=\"dt-sc-hr-border\"><\/div>\n<h4><em>La Chorale de Bilbao et les enfants <\/em><\/h4>\n<p>La culture de la musique, notamment vocal, est le but pour lequel il a \u00e9t\u00e9 cr\u00e9\u00e9 en 1886 la Soci\u00e9t\u00e9 Chorale de Bilbao. Le caract\u00e8re mondial de la musique et leur connaissance est ce qui a encourag\u00e9 plus tard pour cr\u00e9er une \u00e9cole de musique qui a actuellement une exp\u00e9rience de plus de 30 ans.<br \/>\n<div class='dt-sc-hr-invisible  '><\/div>\n<h4><em>Une \u00e9ducation musicale<\/em><\/h4>\n<p>Outre sa valeur intrins\u00e8que dans le domaine de la musique encourage le d\u00e9veloppement personnel et social dans son ensemble. Comment? L&#8217;\u00e9tude de la musique dans l&#8217;enfance am\u00e9liore intellectuelle, psychomotrice et les capacit\u00e9s expressives en dehors de ceux li\u00e9s \u00e0 l&#8217;affectif et le plan \u00e9motionnel. Comme l&#8217;art communicatif concerne l&#8217;individu \u00e0 la soci\u00e9t\u00e9. Il stimule \u00e9galement les m\u00e9canismes de l&#8217;attention, de l&#8217;ordre, de l&#8217;imagination, de la perception, de la cr\u00e9ativit\u00e9, de critique, etc.<\/p>\n<div class='dt-sc-hr-invisible  '><\/div>\n<h4><em>Un environnement musical riche<\/em><\/h4>\n<p>Depuis 3 ans, nous formons nos \u00e9l\u00e8ves dans l&#8217;apprentissage et le plaisir de la musique comme un langage et la forme d&#8217;expression dans notre travail \u00e9ducatif promotion de l&#8217;action et des projets qui rassemblent autour d&#8217;un objectif commun \u00e0 tous les groupes qui composent notre centre public. Le r\u00e9sultat est un calendrier intense d&#8217;\u00e9v\u00e9nements et de concerts pour profiter de la musique, des artistes comme spectateurs.<\/p>\n<p>Est aussi consid\u00e9r\u00e9 obligatoire les pratiques musicales de groupe. C\u2019est \u00e0 partir de  ces pratiques que notre syst\u00e8me \u00e9ducatif est structur\u00e9. Nous pensons que l&#8217;enfant \/ d\u00e8s son plus jeune \u00e2ge doit avoir une exp\u00e9rience musicale active, dans laquelle la performance de la musique ensemble est un obligatoire.<\/p>\n","protected":false},"excerpt":{"rendered":"<p>Voulez-vous que vos enfants aient un d\u00e9veloppement personnel et social complet? Vous voulez donner un arri\u00e8re-plan artistique? Les enfants de trois \u00e0 sept ans, commencer \u00e0 d\u00e9couvrir en d\u00e9pla\u00e7ant la souris vers le bas. Si votre fils \/ fille a plus de sept ans, cliquez sur &#8220;&#8221; l&#8217;\u00e9ducation &#8220;, ceci est votre espace Choral. La [&hellip;]<\/p>\n","protected":false},"author":6,"featured_media":0,"parent":2106,"menu_order":2,"comment_status":"open","ping_status":"closed","template":"","meta":[],"_links":{"self":[{"href":"https:\/\/www.coraldebilbao.com\/fr\/wp-json\/wp\/v2\/pages\/2126"}],"collection":[{"href":"https:\/\/www.coraldebilbao.com\/fr\/wp-json\/wp\/v2\/pages"}],"about":[{"href":"https:\/\/www.coraldebilbao.com\/fr\/wp-json\/wp\/v2\/types\/page"}],"author":[{"embeddable":true,"href":"https:\/\/www.coraldebilbao.com\/fr\/wp-json\/wp\/v2\/users\/6"}],"replies":[{"embeddable":true,"href":"https:\/\/www.coraldebilbao.com\/fr\/wp-json\/wp\/v2\/comments?post=2126"}],"version-history":[{"count":0,"href":"https:\/\/www.coraldebilbao.com\/fr\/wp-json\/wp\/v2\/pages\/2126\/revisions"}],"up":[{"embeddable":true,"href":"https:\/\/www.coraldebilbao.com\/fr\/wp-json\/wp\/v2\/pages\/2106"}],"wp:attachment":[{"href":"https:\/\/www.coraldebilbao.com\/fr\/wp-json\/wp\/v2\/media?parent=2126"}],"curies":[{"name":"wp","href":"https:\/\/api.w.org\/{rel}","templated":true}]}}