{"id":2111,"date":"2014-08-08T12:36:53","date_gmt":"2014-08-08T12:36:53","guid":{"rendered":"http:\/\/coraldebilbao.com\/ensenanza-musical\/ensenanza-no-reglada\/"},"modified":"2017-10-02T10:49:48","modified_gmt":"2017-10-02T09:49:48","slug":"ensenanza-no-reglada","status":"publish","type":"page","link":"https:\/\/www.coraldebilbao.com\/fr\/ensenanza-musical\/ensenanza-no-reglada\/","title":{"rendered":"Education non formelles"},"content":{"rendered":"<img loading=\"lazy\" class=\"aligncenter size-full wp-image-1509\" src=\"https:\/\/www.coraldebilbao.com\/wp-content\/uploads\/2014\/08\/ensenanza-no-reglada1.jpg\" alt=\"ensenanza-no-reglada\" width=\"790\" height=\"266\" \/>\n<h2>Education non formelles: Ecole de musique<\/h2>\n<h5>Destin\u00e9 aux personnes de tout \u00e2ge qui souhaitent aborder la pratique musicale comme une fin en soi.<\/h5>\n<p>Les heures de diversions et de caract\u00e8re de moins de travail ne donnent pas lieu \u00e0 l&#8217;obtention de titres universitaires ou professionnels validit\u00e9s.<br \/>\n<div class=\"dt-sc-clear\"><\/div>\n<div  class='column dt-sc-one-half   first' ><div class=\"dt-sc-hr-border\"><\/div>\n<h4>Ses objectifs fondamentaux sont:<\/h4>\n<ul>\n<li>Pour r\u00e9pondre \u00e0 la demande sociale pour la culture musicale fournir m\u00e9lomane une plus grande satisfaction personnelle<\/li>\n<li>Offrir un enseignement nature pratique musicale dans le but principal de l&#8217;ex\u00e9cution de groupe de musique<\/li>\n<li>Adapter les programmes d&#8217;enseignement pour les int\u00e9r\u00eats, les comp\u00e9tences, le d\u00e9vouement et le rythme de l&#8217;apprentissage des \u00e9l\u00e8ves<\/li>\n<\/ul>\n<p>Pour que soit donner les mati\u00e8res th\u00e9oriques minimales indispensables \u00e0 la compr\u00e9hension globale de la musique (solf\u00e8ge), les mati\u00e8res instrumentales et les mati\u00e8res d\u2019ensemble.<\/p>\n<div class=\"dt-sc-hr-border\"><\/div>\n<h4>Domaines:<\/h4>\n<p>instrumentale, chorale et chant solo.<\/div><div  class='column dt-sc-one-half   ' ><div style=\"padding-top: 30px;\"><div class='dt-sc-titled-box  red'><h6 class='dt-sc-titled-box-title' >  Demande d'information<\/h6><div class='dt-sc-titled-box-content'><div role=\"form\" class=\"wpcf7\" id=\"wpcf7-f2821-o1\" lang=\"es-ES\" dir=\"ltr\">\n<div class=\"screen-reader-response\"><p role=\"status\" aria-live=\"polite\" aria-atomic=\"true\"><\/p> <ul><\/ul><\/div>\n<form action=\"\/fr\/wp-json\/wp\/v2\/pages\/2111#wpcf7-f2821-o1\" method=\"post\" class=\"wpcf7-form init\" novalidate=\"novalidate\" data-status=\"init\">\n<div style=\"display: none;\">\n<input type=\"hidden\" name=\"_wpcf7\" value=\"2821\" \/>\n<input type=\"hidden\" name=\"_wpcf7_version\" value=\"5.4\" \/>\n<input type=\"hidden\" name=\"_wpcf7_locale\" value=\"es_ES\" \/>\n<input type=\"hidden\" name=\"_wpcf7_unit_tag\" value=\"wpcf7-f2821-o1\" \/>\n<input type=\"hidden\" name=\"_wpcf7_container_post\" value=\"0\" \/>\n<input type=\"hidden\" name=\"_wpcf7_posted_data_hash\" value=\"\" \/>\n<input type=\"hidden\" name=\"_wpcf7cf_hidden_group_fields\" value=\"[]\" \/>\n<input type=\"hidden\" name=\"_wpcf7cf_hidden_groups\" value=\"[]\" \/>\n<input type=\"hidden\" name=\"_wpcf7cf_visible_groups\" value=\"[]\" \/>\n<input type=\"hidden\" name=\"_wpcf7cf_repeaters\" value=\"[]\" \/>\n<input type=\"hidden\" name=\"_wpcf7cf_steps\" value=\"{}\" \/>\n<input type=\"hidden\" name=\"_wpcf7cf_options\" value=\"{&quot;form_id&quot;:2821,&quot;conditions&quot;:[],&quot;settings&quot;:{&quot;animation&quot;:&quot;yes&quot;,&quot;animation_intime&quot;:200,&quot;animation_outtime&quot;:200,&quot;conditions_ui&quot;:&quot;normal&quot;,&quot;notice_dismissed&quot;:false,&quot;notice_dismissed_update-cf7-5.7.7&quot;:true}}\" \/>\n<input type=\"hidden\" name=\"idpedido\" value=\"C1777399532w\" \/>\n<input type=\"hidden\" name=\"_wpcf7_recaptcha_response\" value=\"\" \/>\n<\/div>\n<p>Votre nom (obligatoire)\n    <span class=\"wpcf7-form-control-wrap your-name\"><input type=\"text\" name=\"your-name\" value=\"\" size=\"40\" class=\"wpcf7-form-control wpcf7-text wpcf7-validates-as-required\" aria-required=\"true\" aria-invalid=\"false\" \/><\/span> <\/p>\n<p>Votre email (obligatoire)\n    <span class=\"wpcf7-form-control-wrap your-email\"><input type=\"email\" name=\"your-email\" value=\"\" size=\"40\" class=\"wpcf7-form-control wpcf7-text wpcf7-email wpcf7-validates-as-required wpcf7-validates-as-email\" aria-required=\"true\" aria-invalid=\"false\" \/><\/span> <\/p>\n<p>Votre t\u00e9l\u00e9phone (obligatoire)\n    <span class=\"wpcf7-form-control-wrap tel-130\"><input type=\"tel\" name=\"tel-130\" value=\"\" size=\"40\" class=\"wpcf7-form-control wpcf7-text wpcf7-tel wpcf7-validates-as-required wpcf7-validates-as-tel\" aria-required=\"true\" aria-invalid=\"false\" \/><\/span><\/p>\n<p>Votre message\n    <span class=\"wpcf7-form-control-wrap textarea-241\"><textarea name=\"textarea-241\" cols=\"40\" rows=\"4\" class=\"wpcf7-form-control wpcf7-textarea\" aria-invalid=\"false\"><\/textarea><\/span><\/p>\n<p><span class=\"wpcf7-form-control-wrap acceptance-373\"><span class=\"wpcf7-form-control wpcf7-acceptance\"><span class=\"wpcf7-list-item\"><input type=\"checkbox\" name=\"acceptance-373\" value=\"1\" aria-invalid=\"false\" checked=\"checked\" \/><\/span><\/span><\/span> J'accepte la politique de confidentialit\u00e9<\/p>\n<p style=\"padding-bottom:10px;\"><input type=\"submit\" value=\"Envoyer\" class=\"wpcf7-form-control wpcf7-submit\" \/><\/p>\n<div class=\"wpcf7-response-output\" aria-hidden=\"true\"><\/div><\/form><\/div><\/div><\/div><\/div><\/div>\n<div class=\"dt-sc-clear\"><\/div>\n<div class=\"dt-sc-hr-border\"><\/div>\n<h4>Sp\u00e9cialit\u00e9s instrumentales<\/h4>\n<div  class='column dt-sc-one-third   first' ><ul class='dt-sc-fancy-list   rounded-arrow'>\n<li>Piano<\/li>\n<li>Guitare<\/li>\n<li>Violon<\/li>\n<li>Viole<\/li>\n<li>Introductio au piano de jazz<\/li>\n<\/ul><\/div>\n<div  class='column dt-sc-one-third   ' ><ul class='dt-sc-fancy-list   rounded-arrow'>\n<li>Violoncelle<\/li>\n<li>Contrebasse<\/li>\n<li>Fl\u00fbte traversi\u00e8re<\/li>\n<li>Hautbois<\/li>\n<li>Clarinette<\/li>\n<\/ul><\/div>\n<div  class='column dt-sc-one-third   ' ><ul class='dt-sc-fancy-list   rounded-arrow'>\n<li>Saxophone<\/li>\n<li>Trompette<\/li>\n<li>Cor<\/li>\n<\/ul><\/div>\n<div class=\"dt-sc-clear\"><\/div>\n<div class=\"dt-sc-hr-border\"><\/div>\n<div class=\"dt-sc-appointment\"><p class=\"dt-sc-contact-info\"><i class=\"fa fa-file-text-o\"><\/i><a style=\"float: right; margin-right: 20px;\" href=\"https:\/\/www.coraldebilbao.com\/fr\/ensenanza-musical\/informacion-academica\/\">Documents, \u00e9preuves d\u2019acc\u00e8s et sollicitudes<\/a><strong>INFORMATION ACAD\u00c9MIQUES<\/strong><\/p><\/div>\n","protected":false},"excerpt":{"rendered":"<p>Education non formelles: Ecole de musique Destin\u00e9 aux personnes de tout \u00e2ge qui souhaitent aborder la pratique musicale comme une fin en soi. Les heures de diversions et de caract\u00e8re de moins de travail ne donnent pas lieu \u00e0 l&#8217;obtention de titres universitaires ou professionnels validit\u00e9s. Sp\u00e9cialit\u00e9s instrumentales<\/p>\n","protected":false},"author":6,"featured_media":0,"parent":2106,"menu_order":2,"comment_status":"open","ping_status":"closed","template":"","meta":[],"_links":{"self":[{"href":"https:\/\/www.coraldebilbao.com\/fr\/wp-json\/wp\/v2\/pages\/2111"}],"collection":[{"href":"https:\/\/www.coraldebilbao.com\/fr\/wp-json\/wp\/v2\/pages"}],"about":[{"href":"https:\/\/www.coraldebilbao.com\/fr\/wp-json\/wp\/v2\/types\/page"}],"author":[{"embeddable":true,"href":"https:\/\/www.coraldebilbao.com\/fr\/wp-json\/wp\/v2\/users\/6"}],"replies":[{"embeddable":true,"href":"https:\/\/www.coraldebilbao.com\/fr\/wp-json\/wp\/v2\/comments?post=2111"}],"version-history":[{"count":1,"href":"https:\/\/www.coraldebilbao.com\/fr\/wp-json\/wp\/v2\/pages\/2111\/revisions"}],"predecessor-version":[{"id":16883,"href":"https:\/\/www.coraldebilbao.com\/fr\/wp-json\/wp\/v2\/pages\/2111\/revisions\/16883"}],"up":[{"embeddable":true,"href":"https:\/\/www.coraldebilbao.com\/fr\/wp-json\/wp\/v2\/pages\/2106"}],"wp:attachment":[{"href":"https:\/\/www.coraldebilbao.com\/fr\/wp-json\/wp\/v2\/media?parent=2111"}],"curies":[{"name":"wp","href":"https:\/\/api.w.org\/{rel}","templated":true}]}}