{"id":2106,"date":"2014-08-06T09:22:52","date_gmt":"2014-08-06T09:22:52","guid":{"rendered":"http:\/\/coraldebilbao.com\/ensenanza-musical-2\/"},"modified":"2019-09-17T11:44:41","modified_gmt":"2019-09-17T09:44:41","slug":"ensenanza-musical","status":"publish","type":"page","link":"https:\/\/www.coraldebilbao.com\/fr\/ensenanza-musical\/","title":{"rendered":"Education Musicale"},"content":{"rendered":"<script type=\"text\/javascript\">var lsjQuery = jQuery;lsjQuery(document).ready(function() {\r\nif(typeof lsjQuery.fn.layerSlider == \"undefined\") {\r\nif( window._layerSlider && window._layerSlider.showNotice) { \r\nwindow._layerSlider.showNotice('layerslider_3','jquery');\r\n}\r\n} else {\r\nlsjQuery(\"#layerslider_3\").layerSlider({sliderVersion: '', responsiveUnder: 0, layersContainer: 0, pauseOnHover: 'on', twoWaySlideshow: true, skin: 'noskin', yourLogoStyle: 'left: 10px; top: 10px;', skinsPath: 'https:\/\/www.coraldebilbao.com\/wp-content\/plugins\/LayerSlider\/static\/layerslider\/skins\/', type: 'responsive', showCircleTimer: false});\r\n}\r\n});\r\n<\/script><div id=\"layerslider_3\" class=\"ls-wp-container fitvidsignore\" style=\"width:790px;height:266px;margin:0 auto;\"><div class=\"ls-slide\" data-ls=\"duration:2000;transition2d:5;\"><img src=\"http:\/\/coraldebilbao.com\/wp-content\/uploads\/2014\/08\/aprender-musica1.jpg\" class=\"ls-bg\" alt=\"Slide background\" \/><\/div><div class=\"ls-slide\" data-ls=\"duration:2000;transition2d:5;\"><img src=\"http:\/\/coraldebilbao.com\/wp-content\/uploads\/2014\/08\/aprender-musica2.jpg\" class=\"ls-bg\" alt=\"Slide background\" \/><\/div><div class=\"ls-slide\" data-ls=\"duration:2000;transition2d:5;\"><img src=\"http:\/\/coraldebilbao.com\/wp-content\/uploads\/2014\/08\/aprender-musica31.jpg\" class=\"ls-bg\" alt=\"Slide background\" \/><\/div><\/div>\n<div class='dt-sc-hr-invisible  '><\/div>\n<h2>Vous voulez apprendre la musique ? Vous voulez apprendre \u00e0 chanter ?<\/h2>\n<h5>Toute personne ayant des inclinaisons musicales peut trouver son espace et profiter et d\u00e9velopper ses comp\u00e9tences.<\/h5>\n<div class='dt-sc-hr-invisible  '><\/div>\n<div  class='column dt-sc-one-half   first' ><div class=\"dt-sc-tabs-container\"><ul class=\"dt-sc-tabs-frame\"><li><a href=\"#\">Comment?<\/a><\/li><li><a href=\"#\">Quand?<\/a><\/li><li><a href=\"#\">O\u00f9?<\/a><\/li><\/ul><div class=\"dt-sc-tabs-frame-content\">Avec une \u00e9quipe professoral fixe, qualifi\u00e9, dynamique et impliqu\u00e9. Impliqu\u00e9 dans le travail d&#8217;\u00e9quipe \u00e0 travers de s\u00e9minaires et d\u2019un suivi individuel de chaque \u00e9l\u00e8ve. Avec relation directe avec les parents afin qu&#8217;ils puissent \u00eatre bien inform\u00e9s et travailler directement dans l&#8217;\u00e9ducation musicale de leurs enfants.<\/div><div class=\"dt-sc-tabs-frame-content\">Un projet global qui peut impliquer n&#8217;importe qui avec une limite d&#8217;\u00e2ge: \u00e0 partir de 3 ans. Et si votre fils \/ fille a de 3 \u00e0 7 ans, cliquez sur &#8220;Enfants&#8221;, vous verrez qu&#8217;il ya une place pour lui \/ elle. Nous offrons un instrumental vari\u00e9 avec un large \u00e9ventail de pratiques compos\u00e9esde stages avecnos orchestres, fanfares et \u00e9videmment chorales. Un centre d&#8217;autorisations l\u00e9gales n\u00e9cessaires pour assurer l&#8217;\u00e9ducation formelle (Grade \u00e9l\u00e9mentaire et \u00e9ducations professionnelles) et l&#8217;\u00e9ducation non formelle (\u00e9cole de musique).<\/p><\/div><div class=\"dt-sc-tabs-frame-content\">Vous pouvez nous contacter via le formulaire sur cette page ou gr\u00e2ce aux coordonn\u00e9es suivantes:<\/p>\n<p class=\"dt-sc-contact-info address\"><i class=\"fa fa-building-o\"><\/i> Felipe Serrate, 2, 48013 Bilbao, Vizcaya<\/p>\n<p class=\"dt-sc-contact-info\"><i class=\"fa fa-phone\"><\/i>Tel. : (+34) 944 167 148<\/p>\n<p class=\"dt-sc-contact-info\"><i class=\"fa fa-envelope-o\"><\/i>Email : <a href=\"mailto:info@coraldebilbao.com\">info@coraldebilbao.com<\/a><\/p><\/div><\/div>\n<blockquote class='1 ' ><q><q>Enfants\nVoulez-vous que vos enfants aient un d\u00e9veloppement personnel et social complet ?\nVous voulez donner un arri\u00e8re-plan artistique ? Enfants \/ \u00e0 partir de trois \u00e0 sept ans commencent \u00e0 se familiariser avec la musique, commencent \u00e0 d\u00e9couvrir &#8230;\nPlus d&#8217;info<\/q><\/q> <\/blockquote><\/div>\n<div  class='column dt-sc-one-half   ' ><div class='dt-sc-titled-box  red'><h6 class='dt-sc-titled-box-title' >  Demande d'information<\/h6><div class='dt-sc-titled-box-content'><div role=\"form\" class=\"wpcf7\" id=\"wpcf7-f2821-o1\" lang=\"es-ES\" dir=\"ltr\">\n<div class=\"screen-reader-response\"><p role=\"status\" aria-live=\"polite\" aria-atomic=\"true\"><\/p> <ul><\/ul><\/div>\n<form action=\"\/fr\/wp-json\/wp\/v2\/pages\/2106#wpcf7-f2821-o1\" method=\"post\" class=\"wpcf7-form init\" novalidate=\"novalidate\" data-status=\"init\">\n<div style=\"display: none;\">\n<input type=\"hidden\" name=\"_wpcf7\" value=\"2821\" \/>\n<input type=\"hidden\" name=\"_wpcf7_version\" value=\"5.4\" \/>\n<input type=\"hidden\" name=\"_wpcf7_locale\" value=\"es_ES\" \/>\n<input type=\"hidden\" name=\"_wpcf7_unit_tag\" value=\"wpcf7-f2821-o1\" \/>\n<input type=\"hidden\" name=\"_wpcf7_container_post\" value=\"0\" \/>\n<input type=\"hidden\" name=\"_wpcf7_posted_data_hash\" value=\"\" \/>\n<input type=\"hidden\" name=\"_wpcf7cf_hidden_group_fields\" value=\"[]\" \/>\n<input type=\"hidden\" name=\"_wpcf7cf_hidden_groups\" value=\"[]\" \/>\n<input type=\"hidden\" name=\"_wpcf7cf_visible_groups\" value=\"[]\" \/>\n<input type=\"hidden\" name=\"_wpcf7cf_repeaters\" value=\"[]\" \/>\n<input type=\"hidden\" name=\"_wpcf7cf_steps\" value=\"{}\" \/>\n<input type=\"hidden\" name=\"_wpcf7cf_options\" value=\"{&quot;form_id&quot;:2821,&quot;conditions&quot;:[],&quot;settings&quot;:{&quot;animation&quot;:&quot;yes&quot;,&quot;animation_intime&quot;:200,&quot;animation_outtime&quot;:200,&quot;conditions_ui&quot;:&quot;normal&quot;,&quot;notice_dismissed&quot;:false,&quot;notice_dismissed_update-cf7-5.7.7&quot;:true}}\" \/>\n<input type=\"hidden\" name=\"idpedido\" value=\"C1775403534b\" \/>\n<input type=\"hidden\" name=\"_wpcf7_recaptcha_response\" value=\"\" \/>\n<\/div>\n<p>Votre nom (obligatoire)\n    <span class=\"wpcf7-form-control-wrap your-name\"><input type=\"text\" name=\"your-name\" value=\"\" size=\"40\" class=\"wpcf7-form-control wpcf7-text wpcf7-validates-as-required\" aria-required=\"true\" aria-invalid=\"false\" \/><\/span> <\/p>\n<p>Votre email (obligatoire)\n    <span class=\"wpcf7-form-control-wrap your-email\"><input type=\"email\" name=\"your-email\" value=\"\" size=\"40\" class=\"wpcf7-form-control wpcf7-text wpcf7-email wpcf7-validates-as-required wpcf7-validates-as-email\" aria-required=\"true\" aria-invalid=\"false\" \/><\/span> <\/p>\n<p>Votre t\u00e9l\u00e9phone (obligatoire)\n    <span class=\"wpcf7-form-control-wrap tel-130\"><input type=\"tel\" name=\"tel-130\" value=\"\" size=\"40\" class=\"wpcf7-form-control wpcf7-text wpcf7-tel wpcf7-validates-as-required wpcf7-validates-as-tel\" aria-required=\"true\" aria-invalid=\"false\" \/><\/span><\/p>\n<p>Votre message\n    <span class=\"wpcf7-form-control-wrap textarea-241\"><textarea name=\"textarea-241\" cols=\"40\" rows=\"4\" class=\"wpcf7-form-control wpcf7-textarea\" aria-invalid=\"false\"><\/textarea><\/span><\/p>\n<p><span class=\"wpcf7-form-control-wrap acceptance-373\"><span class=\"wpcf7-form-control wpcf7-acceptance\"><span class=\"wpcf7-list-item\"><input type=\"checkbox\" name=\"acceptance-373\" value=\"1\" aria-invalid=\"false\" checked=\"checked\" \/><\/span><\/span><\/span> J'accepte la politique de confidentialit\u00e9<\/p>\n<p style=\"padding-bottom:10px;\"><input type=\"submit\" value=\"Envoyer\" class=\"wpcf7-form-control wpcf7-submit\" \/><\/p>\n<div class=\"wpcf7-response-output\" aria-hidden=\"true\"><\/div><\/form><\/div><\/div><\/div><\/div>\n<div class=\"dt-sc-clear\"><\/div>\n<div class=\"dt-sc-hr-border\"><\/div>\n<div  class='column dt-sc-one-half   first' ><div class='dt-sc-colored-box space'  style='background:#831d1d;' ><h5><span class='fa fa-music'> <\/span>Education Formelle<\/h5><p><strong>Grade El\u00e9mentaire et Professionnelle:<\/strong> Surmonter chacun des grades donne lieu \u00e0 l\u2019obtention du certificat acad\u00e9mique ou dipl\u00f4me professionnel<\/p>\n<a href='https:\/\/www.coraldebilbao.com\/fr\/ensenanza-musical\/ensenanza-reglada\/' target='_blank'  class='dt-sc-button   small ' >Plus d&#8217;info<\/a><\/div><\/div>\n<div  class='column dt-sc-one-half   ' ><div class='dt-sc-colored-box space'  style='background:#5d0f0f;' ><h5><span class='fa fa-music'> <\/span>Education non Formelle<\/h5><p><strong>Ecole de Musique:<\/strong>Permet d&#8217;aborder la musique de fa\u00e7on pratique sans l&#8217;obtention de titres avec une validit\u00e9 universitaires ou professionnels<\/p>\n<a href='https:\/\/www.coraldebilbao.com\/fr\/ensenanza-musical\/ensenanza-no-reglada\/' target='_blank'  class='dt-sc-button   small ' >Plus d&#8217;info<\/a><\/div><\/div>\n<div class=\"dt-sc-clear\"><\/div>\n<div class=\"dt-sc-hr-border\"><\/div>\n<h4>Sp\u00e9cialit\u00e9s instrumentales (de l&#8217;\u00e9ducation formelle et non formelle)<\/h4>\n<div  class='column dt-sc-one-third   first' ><ul class='dt-sc-fancy-list   rounded-arrow'>\n<li>Piano<\/li>\n<li>Guitare<\/li>\n<li>Violon<\/li>\n<li>Viole<\/li>\n<li>Organe<\/li>\n<\/ul><\/div>\n<div  class='column dt-sc-one-third   ' ><ul class='dt-sc-fancy-list   rounded-arrow'>\n<li>Violoncelle<\/li>\n<li>Contrebasse<\/li>\n<li>Fl\u00fbte traversi\u00e8re<\/li>\n<li>Hautbois<\/li>\n<li>Introduction au piano de jazz<\/li>\n<\/ul><\/div>\n<div  class='column dt-sc-one-third   ' ><ul class='dt-sc-fancy-list   rounded-arrow'>\n<li>Clarinette<\/li>\n<li>Saxophone<\/li>\n<li>Trompette<\/li>\n<li>Cor<\/li>\n<\/ul><\/div>\n<div class=\"dt-sc-clear\"><\/div>\n<div class=\"dt-sc-hr-border\"><\/div>\n<div class=\"dt-sc-appointment\"><p class=\"dt-sc-contact-info\"><i class=\"fa fa-file-text-o\"><\/i><a style=\"float: right; margin-right: 20px;\" href=\"https:\/\/www.coraldebilbao.com\/fr\/ensenanza-musical\/informacion-academica\/\">Documents, \u00e9preuves d\u2019acc\u00e8s et sollicitudes<\/a><strong>INFORMATION ACAD\u00c9MIQUES<\/strong><\/p><\/div>\n<div class=\"dt-sc-clear\"><\/div>\n<div class=\"dt-sc-hr-border\"><\/div>\n<h4>Professeurs<\/h4>\n<div  class='column dt-sc-one-third   first' ><ul class='dt-sc-fancy-list   arrow'>\n<li>Abad, Marta<\/li>\n<li>Alonso, Leonardo<\/li>\n<li>Arruabarrena, Javier<\/li>\n<li>Azurza, Enrique<\/li>\n<li>Ba\u00f1os, Alberto<\/li>\n<li>Bravo, Est\u00edbaliz<\/li>\n<li>Dom\u00ednguez, V\u00edctor<\/li>\n<li>Escalza, Elena<\/li>\n<li>Fern\u00e1ndez, Lander<\/li>\n<\/ul><\/div>\n<div  class='column dt-sc-one-third   ' ><ul class='dt-sc-fancy-list   arrow'>\n<li>Flores, Aitor<\/li>\n<li>Gallego, Marian<\/li>\n<li>Gall\u00e9n, Mayra<\/li>\n<li>Gonz\u00e1lez de Ubieta, Marta<\/li>\n<li>Guerrero, Endika<\/li>\n<li>Guerrikabeitia, Idoia<\/li>\n<li>Hamzea, Radu<\/li>\n<li>Landeta, Josune<\/li>\n<li>Lizaso, Saioa<\/li>\n<\/ul><\/div>\n<div  class='column dt-sc-one-third   ' ><ul class='dt-sc-fancy-list   arrow'>\n<li>L\u00f3pez, Emma<\/li>\n<li>Ruiz, Alicia<\/li>\n<li>S\u00e1ez, Alberto<\/li>\n<li>Sampil, Andoni<\/li>\n<li>Sangr\u00f3niz, Urko<\/li>\n<li>Santurt\u00fan, Inmaculada<\/li>\n<li>Zalbide Fern\u00e1ndez, M\u00aa Jos\u00e9<\/li>\n<\/ul><\/div>\n<div class=\"dt-sc-clear\"><\/div>\n<div class=\"dt-sc-hr-border\"><\/div>\n<h3>Coordinateur Atelier Initiation Musicale :<\/h3>\n<p>ORMAZABAL BILBAO, Jos\u00e9 Luis<\/p>\n<div class=\"dt-sc-hr-border\"><\/div>\n<h3>Directrice :<\/h3>\n<p>P\u00c9REZ DE EULATE ALBIZU, Marisa<\/p>\n<p>&nbsp;<\/p>\n","protected":false},"excerpt":{"rendered":"<p>Vous voulez apprendre la musique ? Vous voulez apprendre \u00e0 chanter ? Toute personne ayant des inclinaisons musicales peut trouver son espace et profiter et d\u00e9velopper ses comp\u00e9tences. Sp\u00e9cialit\u00e9s instrumentales (de l&#8217;\u00e9ducation formelle et non formelle) Professeurs Coordinateur Atelier Initiation Musicale : ORMAZABAL BILBAO, Jos\u00e9 Luis Directrice : P\u00c9REZ DE EULATE ALBIZU, Marisa &nbsp;<\/p>\n","protected":false},"author":6,"featured_media":0,"parent":0,"menu_order":0,"comment_status":"open","ping_status":"closed","template":"","meta":[],"_links":{"self":[{"href":"https:\/\/www.coraldebilbao.com\/fr\/wp-json\/wp\/v2\/pages\/2106"}],"collection":[{"href":"https:\/\/www.coraldebilbao.com\/fr\/wp-json\/wp\/v2\/pages"}],"about":[{"href":"https:\/\/www.coraldebilbao.com\/fr\/wp-json\/wp\/v2\/types\/page"}],"author":[{"embeddable":true,"href":"https:\/\/www.coraldebilbao.com\/fr\/wp-json\/wp\/v2\/users\/6"}],"replies":[{"embeddable":true,"href":"https:\/\/www.coraldebilbao.com\/fr\/wp-json\/wp\/v2\/comments?post=2106"}],"version-history":[{"count":10,"href":"https:\/\/www.coraldebilbao.com\/fr\/wp-json\/wp\/v2\/pages\/2106\/revisions"}],"predecessor-version":[{"id":18879,"href":"https:\/\/www.coraldebilbao.com\/fr\/wp-json\/wp\/v2\/pages\/2106\/revisions\/18879"}],"wp:attachment":[{"href":"https:\/\/www.coraldebilbao.com\/fr\/wp-json\/wp\/v2\/media?parent=2106"}],"curies":[{"name":"wp","href":"https:\/\/api.w.org\/{rel}","templated":true}]}}