{"id":2102,"date":"2013-11-20T12:16:14","date_gmt":"2013-11-20T12:16:14","guid":{"rendered":"http:\/\/coraldebilbao.com\/inicio-2-2\/"},"modified":"2021-01-25T11:41:18","modified_gmt":"2021-01-25T10:41:18","slug":"inicio-2","status":"publish","type":"page","link":"https:\/\/www.coraldebilbao.com\/fr\/","title":{"rendered":"Accueil"},"content":{"rendered":"<div  class='column dt-sc-one-third   first' ><img loading=\"lazy\" class=\"aligncenter size-full wp-image-855\" src=\"https:\/\/www.coraldebilbao.com\/wp-content\/uploads\/2014\/08\/coro.png\" alt=\"Chorale de Bilbao\" width=\"100\" height=\"66\" \/><div class='dt-sc-ico-content  type5'><h5><a href='http:\/\/coraldebilbao.com\/fr\/coros\/coral-de-bilbao\/' target=''> Chorale de Bilbao <\/a><\/h5>La Soci\u00e9t\u00e9 Chorale de Bilbao-BilbokoElkarteaKoral a \u00e9t\u00e9 fond\u00e9e en 1886 pour le d\u00e9veloppement de la musique en g\u00e9n\u00e9ral et en particulier de la chorale<\/div><\/div>\n<div  class='column dt-sc-one-third   ' ><img loading=\"lazy\" class=\"aligncenter size-full wp-image-855\" src=\"https:\/\/www.coraldebilbao.com\/wp-content\/uploads\/2014\/08\/coro.png\" alt=\"Chorale Euskeria\" width=\"100\" height=\"66\" \/>\n<div class='dt-sc-ico-content  type5'><h5><a href='http:\/\/coraldebilbao.com\/fr\/coros\/coro-euskeria\/' target=''> Chorale Euskeria <\/a><\/h5>Fond\u00e9e en 1985 comme une \u00e9tape interm\u00e9diaire entre le Conservatoire Chorale et une chorale d&#8217;enfants et une chorale adulte ou par la propre chorale<\/div><\/div>\n<div  class='column dt-sc-one-third   ' ><img loading=\"lazy\" class=\"aligncenter size-full wp-image-855\" src=\"https:\/\/www.coraldebilbao.com\/wp-content\/uploads\/2014\/08\/coro.png\" alt=\"Chorale Conservatoire Bilbao\" width=\"100\" height=\"66\" \/>\n<div class='dt-sc-ico-content  type5'><h5><a href='https:\/\/www.coraldebilbao.com\/fr\/coros\/coro-ninos\/' target=''> Chorale Enfant \/ Conservatoire <\/a><\/h5>Fond\u00e9 en 1984 par le Directeur de la Choral de Bilbao est principalement pris en charge par les \u00e9tudiants du Conservatoire de la propre soci\u00e9t\u00e9 Choral<\/div><\/div>\n<div class='dt-sc-hr-invisible  '><\/div> <div  class='dt-sc-callout-box type5 ' ><div class=\"column dt-sc-four-fifth first\"><h4>DEVENEZ MEMBRE DE LA CHORAL BILBAO<\/h4>\n<h5>Vous pourrez profiter de nombreux avantages li\u00e9s au monde de la musique et de la culture<\/h5><\/div><div class=\"column dt-sc-one-fifth\"><a href='https:\/\/www.coraldebilbao.com\/fr\/socios\/' class='dt-sc-button medium' target='_self'>ADH\u00c9SION<\/a><\/div><\/div> <div class=\"dt-sc-clear\"><\/div> <div class='dt-sc-hr-invisible-medium  '><\/div>\n<div  class='column dt-sc-one-half   first' ><h2>Enfants<\/h2>\n<h4>Voulez-vous que vos enfants aient un d\u00e9veloppement personnel et social complet? Vous voulez donner un arri\u00e8re-plan artistique?<\/h4>\n<p>Enfants \/ \u00e0 partir de trois \u00e0 sept ans commencent \u00e0 se familiariser avec la musique.\nLes principaux domaines qui fonctionnent sont: le chant, l&#8217;\u00e9coute, le rythme et le mouvement, le tout pr\u00e9sent\u00e9 dans un environnement amusant et dr\u00f4le.\n<ul class='dt-sc-fancy-list  black  rounded-arrow'>\n<li>Il est structur\u00e9 selon l&#8217;\u00e2ge des \u00e9l\u00e8ves<\/li>\n<li>Des activit\u00e9s vari\u00e9es sont organis\u00e9es pour sensibiliser les diff\u00e9rents instruments<\/li>\n<li>A partirde 5 ans il y a possibilit\u00e9 de commencer \u00e0 pratiquer certains d&#8217;entre eux<\/li>\n<li>A partir de 7 ans est ajout\u00e9e la pratique chorale<\/li>\n<li>Tout au long de l\u2019ann\u00e9e scolaire sont programm\u00e9s des auditions et des spectacles<\/li>\n<\/ul><a href='https:\/\/www.coraldebilbao.com\/fr\/ensenanza-musical\/ninos\/' target='_self'  class='dt-sc-button   medium  red' >Plus d&#8217;info<\/a><\/div>\n<div  class='column dt-sc-one-half   ' ><h2>Education musicale<\/h2>\n<div class='dt-sc-ico-content  type3'><div class='icon'> <span class='fa fa-music'> <\/span> <\/div><h5><a href='https:\/\/www.coraldebilbao.com\/fr\/ensenanza-musical\/ensenanza-reglada\/' target=''> Education formelle <\/a><\/h5>L&#8217;\u00e9tudiant doit r\u00e9pondre aux objectifs du programme. La loi r\u00e9glemente les aspects acad\u00e9miques de la promotion de cours, \u00e9valuation, etc.<\/div>\n<div class='dt-sc-ico-content  type3'><div class='icon'> <span class='fa fa-music'> <\/span> <\/div><h5><a href='https:\/\/www.coraldebilbao.com\/fr\/ensenanza-musical\/ensenanza-no-reglada\/' target=''> Education nonformelle <\/a><\/h5>Destin\u00e9 aux personnes de tout \u00e2ge qui souhaitent aborder la pratique musicale comme une fin en soi.<\/div>\n<div class='dt-sc-ico-content  type3'><div class='icon'> <span class='fa fa-folder-open'> <\/span> <\/div><h5><a href='https:\/\/www.coraldebilbao.com\/fr\/ensenanza-musical\/informacion-academica\/' target=''> Information Acad\u00e9miques <\/a><\/h5>L&#8217;acc\u00e8s aux diff\u00e9rents documents universitaires; politiques scolaires, tests d&#8217;admission, des applications, etc.<\/div><\/div>\n<div class='dt-sc-hr-invisible  '><\/div>\n","protected":false},"excerpt":{"rendered":"","protected":false},"author":6,"featured_media":0,"parent":0,"menu_order":0,"comment_status":"open","ping_status":"closed","template":"","meta":[],"_links":{"self":[{"href":"https:\/\/www.coraldebilbao.com\/fr\/wp-json\/wp\/v2\/pages\/2102"}],"collection":[{"href":"https:\/\/www.coraldebilbao.com\/fr\/wp-json\/wp\/v2\/pages"}],"about":[{"href":"https:\/\/www.coraldebilbao.com\/fr\/wp-json\/wp\/v2\/types\/page"}],"author":[{"embeddable":true,"href":"https:\/\/www.coraldebilbao.com\/fr\/wp-json\/wp\/v2\/users\/6"}],"replies":[{"embeddable":true,"href":"https:\/\/www.coraldebilbao.com\/fr\/wp-json\/wp\/v2\/comments?post=2102"}],"version-history":[{"count":3,"href":"https:\/\/www.coraldebilbao.com\/fr\/wp-json\/wp\/v2\/pages\/2102\/revisions"}],"predecessor-version":[{"id":20680,"href":"https:\/\/www.coraldebilbao.com\/fr\/wp-json\/wp\/v2\/pages\/2102\/revisions\/20680"}],"wp:attachment":[{"href":"https:\/\/www.coraldebilbao.com\/fr\/wp-json\/wp\/v2\/media?parent=2102"}],"curies":[{"name":"wp","href":"https:\/\/api.w.org\/{rel}","templated":true}]}}