{"id":19958,"date":"2020-10-08T17:59:32","date_gmt":"2020-10-08T15:59:32","guid":{"rendered":"https:\/\/www.coraldebilbao.com\/?page_id=19958"},"modified":"2020-10-30T13:23:27","modified_gmt":"2020-10-30T12:23:27","slug":"play","status":"publish","type":"page","link":"https:\/\/www.coraldebilbao.com\/fr\/play\/","title":{"rendered":"P(L)AY pour que la musique continue"},"content":{"rendered":"\r\n<p class=\"has-text-align-center\">Indiquez ci-dessous le montant que vous souhaitez donner via notre passerelle de paiement s\u00e9curis\u00e9.<\/p>\r\n\r\n\r\n\r\n<div id=\"formaportaciones\">\r\n<p>Veuillez vous identifier afin que nous puissions vous remercier avec votre pr\u00e9nom et votre nom:<\/p>\r\n<input id=\"nombre\" type=\"text\" \/>\r\n<p>S&#8217;il vous pla\u00eet, \u00e9crivez votre e-mail et nous vous informerons de l&#8217;actualit\u00e9:<\/p>\r\n<input id=\"emaild\" type=\"text\" \/>\r\n<div class=\"tipopago\">\r\n<p>Indiquez ci-dessous si vous souhaitez utiliser votre carte bancaire ou Bizum:<\/p>\r\n<input id=\"pagotj\" checked=\"checked\" name=\"tipopago\" type=\"radio\" value=\"tj\" \/><label for=\"pagotj\">Carte Bancaire<\/label>\u00a0<input id=\"pagobz\" name=\"tipopago\" type=\"radio\" value=\"bz\" \/><label for=\"pagobz\">Bizum<\/label><\/div>\r\n<p>Notez le montant que vous souhaitez verser pour que nous puissions continuer \u00e0 jouer:<\/p>\r\n<div id=\"cantidades\"><input id=\"importeforredsys\" min=\"1\" type=\"number\" \/><input id=\"enviaformredsys\" type=\"submit\" value=\"Envoyer\" \/><\/div>\r\n<div id=\"resultado_fr\">\u00a0<\/div>\r\n<\/div>\r\n","protected":false},"excerpt":{"rendered":"<p>Indiquez ci-dessous le montant que vous souhaitez donner via notre passerelle de paiement s\u00e9curis\u00e9. Veuillez vous identifier afin que nous puissions vous remercier avec votre pr\u00e9nom et votre nom: S&#8217;il vous pla\u00eet, \u00e9crivez votre e-mail et nous vous informerons de l&#8217;actualit\u00e9: Indiquez ci-dessous si vous souhaitez utiliser votre carte bancaire ou Bizum: Carte Bancaire\u00a0Bizum Notez [&hellip;]<\/p>\n","protected":false},"author":6,"featured_media":0,"parent":0,"menu_order":0,"comment_status":"closed","ping_status":"closed","template":"","meta":[],"_links":{"self":[{"href":"https:\/\/www.coraldebilbao.com\/fr\/wp-json\/wp\/v2\/pages\/19958"}],"collection":[{"href":"https:\/\/www.coraldebilbao.com\/fr\/wp-json\/wp\/v2\/pages"}],"about":[{"href":"https:\/\/www.coraldebilbao.com\/fr\/wp-json\/wp\/v2\/types\/page"}],"author":[{"embeddable":true,"href":"https:\/\/www.coraldebilbao.com\/fr\/wp-json\/wp\/v2\/users\/6"}],"replies":[{"embeddable":true,"href":"https:\/\/www.coraldebilbao.com\/fr\/wp-json\/wp\/v2\/comments?post=19958"}],"version-history":[{"count":15,"href":"https:\/\/www.coraldebilbao.com\/fr\/wp-json\/wp\/v2\/pages\/19958\/revisions"}],"predecessor-version":[{"id":20165,"href":"https:\/\/www.coraldebilbao.com\/fr\/wp-json\/wp\/v2\/pages\/19958\/revisions\/20165"}],"wp:attachment":[{"href":"https:\/\/www.coraldebilbao.com\/fr\/wp-json\/wp\/v2\/media?parent=19958"}],"curies":[{"name":"wp","href":"https:\/\/api.w.org\/{rel}","templated":true}]}}