{"id":2683,"date":"2014-10-08T13:08:56","date_gmt":"2014-10-08T13:08:56","guid":{"rendered":"https:\/\/www.coraldebilbao.com\/quienes-somos\/ediciones-y-publicaciones\/"},"modified":"2025-07-15T14:22:31","modified_gmt":"2025-07-15T12:22:31","slug":"ediciones-y-publicaciones","status":"publish","type":"page","link":"https:\/\/www.coraldebilbao.com\/eu\/quienes-somos\/ediciones-y-publicaciones\/","title":{"rendered":"Edizio eta argitalpenak"},"content":{"rendered":"<h2>Edizio eta argitalpenak<\/h2>\n<div class=\"dt-sc-hr-border\"><\/div>\n<div  class='dt-sc-callout-box type5 ' ><div class=\"column dt-sc-four-fifth first\">BILBOKO KORAL ELKARTEAREN 2024ko MEMORIA<\/div><div class=\"column dt-sc-one-fifth\"><a href='#' class='dt-sc-button medium' target='_blank'>IKUSI<\/a><\/div><\/div>\n<div class=\"dt-sc-hr-border\"><\/div>\n<div  class='dt-sc-callout-box type5 ' ><div class=\"column dt-sc-four-fifth first\">BILBOKO KORAL ELKARTEAREN 2024ko PRENTSA TXOSTENA<\/div><div class=\"column dt-sc-one-fifth\"><a href='https:\/\/drive.google.com\/file\/d\/1EiU5ClY6dLLIqJA1enSA-5C0XzIjnxIF\/view' class='dt-sc-button medium' target='_blank'>IKUSI<\/a><\/div><\/div>\n<div class=\"dt-sc-hr-border\"><\/div>\n<div  class='column dt-sc-one-half   first' ><div class='dt-sc-toggle-frame-set'><div class=\"dt-sc-toggle-frame\">\t<h5 class='dt-sc-toggle-accordion '><a href='#'>LIDE TA IXIDOR<\/a><\/h5>\t<div class=\"dt-sc-toggle-content\" style=\"display: none;\">\t\t<div class=\"block\"><img loading=\"lazy\" class=\"alignright wp-image-25558 size-thumbnail\" src=\"https:\/\/www.coraldebilbao.com\/wp-content\/uploads\/2025\/07\/Lide-ta-Ixidor-150x150.png\" alt=\"\" width=\"150\" height=\"150\" srcset=\"https:\/\/www.coraldebilbao.com\/wp-content\/uploads\/2025\/07\/Lide-ta-Ixidor-150x150.png 150w, https:\/\/www.coraldebilbao.com\/wp-content\/uploads\/2025\/07\/Lide-ta-Ixidor-300x297.png 300w, https:\/\/www.coraldebilbao.com\/wp-content\/uploads\/2025\/07\/Lide-ta-Ixidor.png 464w\" sizes=\"(max-width: 150px) 100vw, 150px\" \/><\/p>\n<h4>Lide ta Ixidor<\/h4>\n<p>Grabaci\u00f3n realizada en 2021\t\t<\/div>\t<\/div><\/div>\n<div  class='column dt-sc-one-half   first' ><\/div><div class='dt-sc-toggle-frame-set'><\/div><div class=\"dt-sc-toggle-frame\">\t<h5 class='dt-sc-toggle-accordion '><a href='#'>KANTA DAGIGUN DANOK<\/a><\/h5>\t<div class=\"dt-sc-toggle-content\" style=\"display: none;\">\t\t<div class=\"block\"><img loading=\"lazy\" class=\"wp-image-25516 size-full alignright\" src=\"https:\/\/www.coraldebilbao.com\/wp-content\/uploads\/2025\/06\/Kanta-dagigun-danok-portada.jpg\" alt=\"Kanta dagigun danok\" width=\"150\" height=\"113\" \/><\/p>\n<h4>Kanta dagigun danok<\/h4>\n<p>Grabaci\u00f3n realizada en 2021\t\t<\/div>\t<\/div><\/div>\n<div  class='column dt-sc-one-half   first' ><\/div><div class='dt-sc-toggle-frame-set'><\/div><div class=\"dt-sc-toggle-frame\">\t<h5 class='dt-sc-toggle-accordion '><a href='#'>MAITENA<\/a><\/h5>\t<div class=\"dt-sc-toggle-content\" style=\"display: none;\">\t\t<div class=\"block\"><img class=\"alignright\" src=\"https:\/\/www.coraldebilbao.com\/wp-content\/uploads\/2022\/06\/maitena-cover-coral-de-bilbao.jpg\" \/><\/p>\n<h4>Maitena<\/h4>\n<p>Grabaci\u00f3n realizada en 2020\t\t<\/div>\t<\/div><\/div>\n<div  class='column dt-sc-one-half   first' ><\/div><div class='dt-sc-toggle-frame-set'><\/div><div class=\"dt-sc-toggle-frame\">\t<h5 class='dt-sc-toggle-accordion '><a href='#'>ARGI HASTIAN<\/a><\/h5>\t<div class=\"dt-sc-toggle-content\" style=\"display: none;\">\t\t<div class=\"block\"><img class=\"alignright\" src=\"https:\/\/www.coraldebilbao.com\/wp-content\/uploads\/2022\/06\/argi-hastian-coral-de-bilbao.jpg\" \/><\/p>\n<h4>Argi hastian<\/h4>\n<p>Grabaci\u00f3n realizada en 2020\t\t<\/div>\t<\/div><\/div>\n<div class=\"dt-sc-toggle-frame\">\t<h5 class='dt-sc-toggle-accordion '><a href='#'>VELATIA<\/a><\/h5>\t<div class=\"dt-sc-toggle-content\" style=\"display: none;\">\t\t<div class=\"block\"><img loading=\"lazy\" class=\"alignright size-full wp-image-1799\" src=\"https:\/\/www.coraldebilbao.com\/wp-content\/uploads\/2014\/10\/velatia.jpg\" alt=\"velatia\" width=\"150\" height=\"136\" \/><\/p>\n<h4>VELATIA<\/h4>\n<p><strong>Hainbat autore<\/strong>\nPop musika obren hautaketa. Velatia-rentzako edizio esklusiboa<\/p>\n<p>Pianoa: AnusCividian \u2013 Gitarra: Xabier M\u00e9ndez \u2013 Hammond organoa: Juan Ortiz \u2013 Bilboko Koralaren Euskeria Korua \u2013 Urko Sangr\u00f3niz, zuzendaria<\/p>\n<p>Bilboko Koral Elkartearen entsegu aretoan eginiko grabaketa, 2012ko ekainaren 22tik 24ra<\/p>\n<p>Lege depositua Bi\/1886\/2012\t\t<\/div>\t<\/div><\/div>\n<div class=\"dt-sc-toggle-frame\">\t<h5 class='dt-sc-toggle-accordion '><a href='#'>125 Urte Kantuan<\/a><\/h5>\t<div class=\"dt-sc-toggle-content\" style=\"display: none;\">\t\t<div class=\"block\"><img loading=\"lazy\" class=\"alignright size-thumbnail wp-image-1791\" src=\"https:\/\/www.coraldebilbao.com\/wp-content\/uploads\/2014\/10\/125-Urte-Kantuan-150x150.jpg\" alt=\"125 Urte Kantuan\" width=\"150\" height=\"150\" \/><\/p>\n<h4>125 Urte Kantuan<\/h4>\n<p><strong>Hainbat autore<\/strong>\nBilboko Koral Elkartearen 125. Urteurrena ospatzeko egindako produkzioa<\/p>\n<p>Bilboko Udal Banda \u2013 Bilboko Korala, Bilboko Koralaren Euskeria Korua eta Bilboko Koralaren Kontserbatorioko Korua \u2013 I\u00f1aki Urkizu, zuzendaria<\/p>\n<p>EITB-ren Bilboko egoitzan burututako grabazioa, 2011ko uztailean<\/p>\n<p>EL CORREO\/2011\t\t<\/div>\t<\/div><\/div>\n<div class=\"dt-sc-toggle-frame\">\t<h5 class='dt-sc-toggle-accordion '><a href='#'>Concierto de Navidad BBVA<\/a><\/h5>\t<div class=\"dt-sc-toggle-content\" style=\"display: none;\">\t\t<div class=\"block\"><img loading=\"lazy\" class=\"alignright size-full wp-image-1808\" src=\"https:\/\/www.coraldebilbao.com\/wp-content\/uploads\/2014\/10\/concierto-navidad-bbva.jpg\" alt=\"concierto-navidad-bbva\" width=\"150\" height=\"134\" \/><\/p>\n<h4>BBVA-ren Gabonetako Kotzertua &#8211; Koral Elkartearen 125. Urteurrena<\/h4>\n<p><strong>Hainbat autore<\/strong><\/p>\n<p>Bilboko Udal Banda \u2013 Bilboko Korala, Bilboko Koralaren Euskeria Korua eta Bilboko Koralaren Kontserbatorioko Korua \u2013 I\u00f1aki Urkizu, zuzendaria<\/p>\n<p>Lege depositua: BI-3181\/2011\nBBVA\t\t<\/div>\t<\/div><\/div>\n<div class=\"dt-sc-toggle-frame\">\t<h5 class='dt-sc-toggle-accordion '><a href='#'>Pablo Sorozabal<\/a><\/h5>\t<div class=\"dt-sc-toggle-content\" style=\"display: none;\">\t\t<div class=\"block\"><img loading=\"lazy\" class=\"alignright size-thumbnail wp-image-1779\" src=\"https:\/\/www.coraldebilbao.com\/wp-content\/uploads\/2014\/10\/21Sorozabal-150x150.jpg\" alt=\"21Sorozabal\" width=\"150\" height=\"150\" srcset=\"https:\/\/www.coraldebilbao.com\/wp-content\/uploads\/2014\/10\/21Sorozabal-150x150.jpg 150w, https:\/\/www.coraldebilbao.com\/wp-content\/uploads\/2014\/10\/21Sorozabal.jpg 190w\" sizes=\"(max-width: 150px) 100vw, 150px\" \/><\/p>\n<h4>Pablo Sorozabal<\/h4>\n<p><strong>Pablo Sorozabal (1897-1988)<\/strong>\n(Hainbat obra)<\/p>\n<p>Maite Arruabarrena, sopranoa \u2013 Euskadiko Orkestra Sinfonikoa \u2013 Bilboko Koral Elkartea \u2013 Cristian Mandeal, zuzendaria<\/p>\n<p>Basque Music Collection, Vol. VI\nClaves Records CD50-2205<\/p>\n<p>Berrargitalpena: \u201cM\u00fasicaVasca-Euskal Musika\u201d bilduma\n2008 Club Internacional de Libro\nLege depositua S-1057-2008\t\t<\/div>\t<\/div><\/div>\n<div class=\"dt-sc-toggle-frame\">\t<h5 class='dt-sc-toggle-accordion '><a href='#'>KATIUSKA<\/a><\/h5>\t<div class=\"dt-sc-toggle-content\" style=\"display: none;\">\t\t<div class=\"block\"><img loading=\"lazy\" class=\"alignright size-thumbnail wp-image-1788\" src=\"https:\/\/www.coraldebilbao.com\/wp-content\/uploads\/2014\/10\/katiuska_edited-150x150.jpg\" alt=\"katiuska_edited\" width=\"150\" height=\"150\" \/><\/p>\n<h4>KATIUSKA<\/h4>\n<p>Katiuska: Maite Alberola, sopranoa \u2013 Pedro Starkof: \u00c1ngel Odena, baritonoa \u2013 Sergio Printzipea: Jon Plazaola, tenorea \u2013 Brunovich Koronela: Enrique Baquerizo, baritonoa \u2013 Olga: Milagros Mart\u00edn, sopranoa \u2013 Tatiana: Trinidad Iglesias, aktorea \u2013 Boni: Mikeldi Atxalandabaso, tenorea \u2013 Amadeo Pich: Lander Iglesias, aktorea<\/p>\n<p>Bilboko Orkestra Sinfonikoa \u2013 Bilboko Koral Elkartea \u2013 David Gim\u00e9nez Carreras, musika zuzendaria \u2013 Emilio Sagi, eszena zuzendaria<\/p>\n<p>Arriaga Antzokiaren produkzio berria, Valladolideko Calderon Antzokia, Oviedoko Campoamor Antzokia eta Madrilgo ErretAntzokiarerekin elkarlanean\nBilboko Arriaga Antzokian burututako grabaketa, 2008ko irailaren 24 eta 29 artean<\/p>\n<p>2009 Fundaci\u00f3n de la Zarzuela Espa\u00f1ola y SelloAutor SA01625\nLege Depositua M-19657-2009- S.G.A.E.- DVD\t\t<\/div>\t<\/div><\/div>\n<div class=\"dt-sc-toggle-frame\">\t<h5 class='dt-sc-toggle-accordion '><a href='#'>Music of the spheres<\/a><\/h5>\t<div class=\"dt-sc-toggle-content\" style=\"display: none;\">\t\t<div class=\"block\"><img loading=\"lazy\" class=\"alignright size-full wp-image-1787\" src=\"https:\/\/www.coraldebilbao.com\/wp-content\/uploads\/2014\/10\/Mike-Oldfield.jpg\" alt=\"Mike Oldfield\" width=\"160\" height=\"160\" srcset=\"https:\/\/www.coraldebilbao.com\/wp-content\/uploads\/2014\/10\/Mike-Oldfield.jpg 160w, https:\/\/www.coraldebilbao.com\/wp-content\/uploads\/2014\/10\/Mike-Oldfield-150x150.jpg 150w\" sizes=\"(max-width: 160px) 100vw, 160px\" \/><\/p>\n<h4>Music of the spheres<\/h4>\n<p><strong>Mikel Oldfield (1953-)<\/strong><\/p>\n<p>Available on CD for first time\n2 CD limited Edition\nCD 2 &#8211; Bonus Disc featuring \u201cLive at the Guggenheim\u201d performance (07.03.08)<\/p>\n<p>Hayley Westenra, sopranoa \u2013 Mikel Oldfield, gitarra \u2013 Euskadiko Orkestra Sinfonikoa \u2013 Bilboko Koral Elkartea (emakumeen korua) \u2013 Enrique Ugarte, zuzendaria<\/p>\n<p>Mercury Records Limited under exclusive licence to Universal Music Classics and Jazz a division of Universal Operations Limited\nMade in EU. BIEM\/SABAM.00028947669708\nwww.mikeoldfield.com<\/p>\t\t<\/div>\t<\/div><\/div>\n<div class=\"dt-sc-toggle-frame\">\t<h5 class='dt-sc-toggle-accordion '><a href='#'>GERNIKA<\/a><\/h5>\t<div class=\"dt-sc-toggle-content\" style=\"display: none;\">\t\t<div class=\"block\"><img loading=\"lazy\" class=\"alignright size-thumbnail wp-image-1776\" src=\"https:\/\/www.coraldebilbao.com\/wp-content\/uploads\/2014\/10\/gernika-150x150.jpg\" alt=\"gernika\" width=\"150\" height=\"150\" srcset=\"https:\/\/www.coraldebilbao.com\/wp-content\/uploads\/2014\/10\/gernika-150x150.jpg 150w, https:\/\/www.coraldebilbao.com\/wp-content\/uploads\/2014\/10\/gernika.jpg 190w\" sizes=\"(max-width: 150px) 100vw, 150px\" \/><\/p>\n<h4>Gernika, opera lau ekitalditan<\/h4>\n<p><strong>Francisco Escudero (1912-2002)<\/strong><\/p>\n<p>Bilboko Koral Elkartearen enkarguz 1979an egindako lana\nLibretoa: Francisco Escudero, Luis Iriondoren argumentuan oinarritua<\/p>\n<p>Gernika: Ana M\u00aaS\u00e1nchez, sopranoa \u2013 Podio: Manuel Lanza, baritonoa \u2013 Gogor: Gustavo Pe\u00f1a, tenorea \u2013 Aitona: Alfonso Echevarr\u00eda, baxua \u2013 Erregea: Enrique Baquerizo, baritonoa \u2013 Publio: Fernando Cobo, tenorea \u2013 Aitor\/Honor\u00edfico 2: Gorka Gerrikabeitia, tenorea (*) \u2013 Aritz: Luis M\u00aaUriarte, tenorea (*) \u2013 Arkaitz: Jes\u00fas Arranz, (*) \u2013 Ohorezkoa 1: Imanol Nebreda, tenorea (*) \u2013 Heraldo\/Tropako Nagusia: Urko Sangroniz, baritonoa (*) \u2013 Monja: LoliHern\u00e1ndez, sopranoa (*)\n(*) Koruko partaideak<\/p>\n<p>Euskadiko Orkestra Sinfonikoa \u2013 Bilboko Koral Elkartea \u2013 Jos\u00e9Ram\u00f3nEncinar, zuzendaria\nEuskadiko Orkestrako Sinfonikoren Donostiako Miramongo egoitzan burututako grabaketa 2007ko azaroa eta abenduan.<\/p>\n<p>DECCA 0028947667957. GERNIKA. Francisco Escudero 2 CD\t\t<\/div>\t<\/div><\/div><\/div><\/div>\n<div  class='column dt-sc-one-half   ' ><div class='dt-sc-toggle-frame-set'><div class=\"dt-sc-toggle-frame\">\t<h5 class='dt-sc-toggle-accordion '><a href='#'>Arrupe<\/a><\/h5>\t<div class=\"dt-sc-toggle-content\" style=\"display: none;\">\t\t<div class=\"block\"><img loading=\"lazy\" class=\"alignright size-full wp-image-1784\" src=\"https:\/\/www.coraldebilbao.com\/wp-content\/uploads\/2014\/10\/arrupe.jpg\" alt=\"arrupe\" width=\"150\" height=\"150\" \/><\/p>\n<h4>Arrupe<\/h4>\n<p><strong>Gontzal Mend\u00edbil (1956-)<\/strong>\nArrupe, Ikuskizun Musikala\/Musical\nArrupe Aitaren jaiotzaren mendeurrenaren ohorez egindako produkzioa, Prep\u00f3sito General de los Jesuitas<\/p>\n<p>Gontzal Mendibil \u2013 LudvigSymphonyOrchestra \u2013 Donostiako Orfeoia \u2013 Bilboko Koralaren Kontserbatorioko Korua \u2013 Pascual Molongua \u2013 Igor YebraBalleta \u2013 Beti Jai Alai Dantzak \u2013 JuanjoOc\u00f3n, zuzendaria<\/p>\n<p>KEINU Produkzioak LG\/DL BI 3063-07 2 CDs&amp;DVD\nEuskalduna Jauregian Zuzenean grabatua\/Live recorded at Euskalduna Palace (14.11.07).\nwww.gontzalmendibil.com\nwww.pedroarrupe.net<\/p>\t\t<\/div>\t<\/div><\/div>\n<div class=\"dt-sc-toggle-frame\">\t<h5 class='dt-sc-toggle-accordion '><a href='#'>Concierto Iglesia del R. Monast. de la Encarnaci\u00f3n<\/a><\/h5>\t<div class=\"dt-sc-toggle-content\" style=\"display: none;\">\t\t<div class=\"block\"><img loading=\"lazy\" class=\"alignright size-full wp-image-1775\" src=\"https:\/\/www.coraldebilbao.com\/wp-content\/uploads\/2014\/10\/concierto-real-monasterio-de-la-encarnacion.jpg\" alt=\"concierto-real-monasterio-de-la-encarnacion\" width=\"150\" height=\"130\" \/><\/p>\n<h4>Madrilgo Real Monasterio de la Encarnaci\u00f3n-eko Elizan Espainiar Konstituzioaren XXV.<\/h4>\n<p>Urteurrenaren harira Senatuak eskainitako kontzertua\nHainbat autor<\/p>\n<p>GerardoRif\u00f3n Organoa \u2013 Bilboko Koral Elkartea \u2013 Gorka Sierra, zuzendaria<\/p>\n<p>Madrilgo Real Monasterio de la Encarnaci\u00f3n-eko Elizan burututako grabaketa, 2003ko urriaren 31an\n\u201cTioPete\u201d Estudioak\t\t<\/div>\t<\/div><\/div>\n<div class=\"dt-sc-toggle-frame\">\t<h5 class='dt-sc-toggle-accordion '><a href='#'>TURANDOT<\/a><\/h5>\t<div class=\"dt-sc-toggle-content\" style=\"display: none;\">\t\t<div class=\"block\"><img loading=\"lazy\" class=\"alignright size-full wp-image-1760\" src=\"https:\/\/www.coraldebilbao.com\/wp-content\/uploads\/2014\/10\/cd-turandot.gif\" alt=\"cd-turandot\" width=\"120\" height=\"120\" \/><\/p>\n<h4>TURANDOT<\/h4>\n<p><strong>G. Puccini (1858-1924)<\/strong>\nOpera hiru ekitalditan<\/p>\n<p>Turandot Printzesa: Giovanna Casolla, sopranoa \u2013 Calaf: Lando Bartolini, tenorea \u2013 Liu: Masako Deguci, sopranoa \u2013 Enperadorea: Francisco Heredia, tenorea \u2013 Timur: Felipe Bou, baxua \u2013 Ping: Armando Ariostini, bar\u00edtonoa\u2013 Pang: Javier M\u00e1s, tenorea \u2013 Pong: Vincen\u00e7 Esteve, tenorea \u2013 Mandarin: Jos\u00e9 A. Garc\u00eda-Quijada, baritonoa \u2013 Persiako Printzipea: Gorka Gerrikabeitia, tenorea (*) \u2013 Zerbitzariak: Bego\u00f1a Lapatza eta Ola Revuelta, sopranoak (*)\n(*) Koruko partaideak<\/p>\n<p>Malagako Orkestra Filarmonikoa \u2013 Escolan\u00eda Santa Mar\u00eda de la Victoria \u2013 Bilboko Koral Elkartea \u2013 Alexander Rahbari, zuzendaria<\/p>\n<p>Malagako Miguel de Cervantes Udal Antzokian grabatua, 2001ko urriaren 26 eta 27an\nNAXOS-Classics Opera Bilduma 8.660089-90 \/ 2 CD<\/p>\n<p>2003 HNH International Ltd.\t\t<\/div>\t<\/div><\/div>\n<div class=\"dt-sc-toggle-frame\">\t<h5 class='dt-sc-toggle-accordion '><a href='#'>REQUIEM<\/a><\/h5>\t<div class=\"dt-sc-toggle-content\" style=\"display: none;\">\t\t<div class=\"block\"><img loading=\"lazy\" class=\"alignright size-full wp-image-1770\" src=\"https:\/\/www.coraldebilbao.com\/wp-content\/uploads\/2014\/10\/requiem1.jpg\" alt=\"requiem\" width=\"150\" height=\"132\" \/><\/p>\n<h4>REQUIEM<\/h4>\n<p><strong>Giuseppe Verdi (1813-1901)<\/strong>\nRequiem\nAlfredo Kraus-i omenaldia<\/p>\n<p>Sopranoa: Carmen Ribera \u2013 Mezzosopranoa: AntonellaDallaPozza \u2013 Tenorea: Miguel Olano \u2013 Baxua: Elia Todisco<\/p>\n<p>Espainiako Orkestra Filarmonikoa \u2013 Bilboko Koral Elkartea \u2013 Pascual Osa, zuzendaria<\/p>\n<p>Bilboko Arriaga Antzokian zuzenean grabatua, 2001ko irailaren 10ean<\/p>\n<p>Alfredo Kraus-i Omenaldia LCD-059 2 CD\nTIO PETE Estudioak \u2013 Lege depositua BI-2710-01\t\t<\/div>\t<\/div><\/div>\n<div class=\"dt-sc-toggle-frame\">\t<h5 class='dt-sc-toggle-accordion '><a href='#'>EL CASER\u00cdO<\/a><\/h5>\t<div class=\"dt-sc-toggle-content\" style=\"display: none;\">\t\t<div class=\"block\"><img loading=\"lazy\" class=\"alignright size-thumbnail wp-image-1765\" src=\"https:\/\/www.coraldebilbao.com\/wp-content\/uploads\/2014\/10\/El-Caserio-150x150.jpg\" alt=\"El-Caserio\" width=\"150\" height=\"150\" \/><\/p>\n<h4>EL CASER\u00cdO<\/h4>\n<p><strong>Jes\u00fas Guridi (1886-1961)<\/strong>\nKomedia lirikoa hiru ekitalditan\nFederico Romero eta Guillermo Fern\u00e1ndez Shaw-en Libretoa<\/p>\n<p>Santi: Vicente Sardinero, baritonoa \u2013 Ana Mari: Ana Rodrigo, sopranoa \u2013 Jos\u00e9 Miguel: Emilio S\u00e1nchez, tenorea \u2013 Chom\u00edn: Felipe Nieto, tenorea \u2013 Don Leoncio\/\u2026: Felipe Nieto, tenorea \u2013 Eustasia\/\u2026: Mar\u00eda Jos\u00e9 Su\u00e1rez, sopranoa<\/p>\n<p>Bilboko Orkestra Sinfonikoa \u2013 Bilboko Koral Elkartea \u2013 Juanjo Mena, zuzendaria<\/p>\n<p>Vitoria-Gasteizko Jesus Guridi Kontserbatorioan burututako grabaketa, 2001ko abuztuaren 20tik 23ra\nBilduma: Cl\u00e1sicosVasco DEIA Euskal Klasikoak<\/p>\n<p>2003 Marco Polo &amp;NaxosHisp\u00e1nica, S.L.\t\t<\/div>\t<\/div><\/div>\n<div class=\"dt-sc-toggle-frame\">\t<h5 class='dt-sc-toggle-accordion '><a href='#'>AMETS EGIN<\/a><\/h5>\t<div class=\"dt-sc-toggle-content\" style=\"display: none;\">\t\t<div class=\"block\"><img loading=\"lazy\" class=\"alignright size-full wp-image-1796\" src=\"https:\/\/www.coraldebilbao.com\/wp-content\/uploads\/2014\/10\/amets-egin.jpg\" alt=\"amets-egin\" width=\"150\" height=\"131\" \/><\/p>\n<h4>AMETS EGIN<\/h4>\n<p><strong>Hainbat autore<\/strong>\nMusika hezkuntzarako abestiak<\/p>\n<p>Bilboko Koralaren Kontserbatorioa\n2000ko ekainaren eta 2011ko martxoaren artean eginiko grabazioa, Urdulizeko \u201cTioPepe\u201d estudioetan\n\u201cTioPepe\u201d estudioak.\nLCD-048 Lege depositua Bi-1143-01\t\t<\/div>\t<\/div><\/div>\n<div class=\"dt-sc-toggle-frame\">\t<h5 class='dt-sc-toggle-accordion '><a href='#'>DIEZ MELOD\u00cdAS VASCAS<\/a><\/h5>\t<div class=\"dt-sc-toggle-content\" style=\"display: none;\">\t\t<div class=\"block\"><img loading=\"lazy\" class=\"alignright size-full wp-image-1754\" src=\"https:\/\/www.coraldebilbao.com\/wp-content\/uploads\/2014\/10\/diez-melodias-vascas.gif\" alt=\"diez melodias vascas\" width=\"110\" height=\"110\" \/><\/p>\n<h4>DIEZ MELOD\u00cdAS VASCAS<\/h4>\n<p><strong>Jes\u00fas Guridi (1886-1961)<\/strong>\n<strong>As\u00ed cantan los chicos<\/strong><\/p>\n<p>Bilboko Orkestra Sinfonikoa \u2013 Bilboko Koral Elkartea \u2013 Juanjo Mena, zuzendaria<\/p>\n<p>Euskalduna Jauregian grabatua, 2000ko ekainaren 26 eta 30 artean\nMarco Plo&amp;NaxosIberica, S.L.-akDEIA-rentzako ekoiztua\nBilduma: Cl\u00e1sicosVascos DEIA Euskal Klasikoak\nLege depositua Bi-48024-2000<\/p>\n<p>Berrargitalpena: JES\u00daS GURIDI \u201cTen Basques Melodies-Thus sing thechildren\u201d\nBilduma Spanish Classics 8.557110\t\t<\/div>\t<\/div><\/div>\n<div class=\"dt-sc-toggle-frame\">\t<h5 class='dt-sc-toggle-accordion '><a href='#'>AGUR JAUNAK<\/a><\/h5>\t<div class=\"dt-sc-toggle-content\" style=\"display: none;\">\t\t<div class=\"block\"><img loading=\"lazy\" class=\"alignright size-thumbnail wp-image-1744\" src=\"https:\/\/www.coraldebilbao.com\/wp-content\/uploads\/2014\/10\/Agur-JAunak-150x150.jpg\" alt=\"Agur JAunak\" width=\"150\" height=\"150\" \/><\/p>\n<h4>AGUR JAUNAK-Musiques Basques<\/h4>\n<p><strong>Hainbat autore <\/strong><\/p>\n<p>Olatz Saitua, sopranoa \u2013 Orchestre du Capitole de Toulouse \u2013 Bilboko Koral Elkartea \u2013 MichelPlasson, zuzendaria<\/p>\n<p>Toulouse-ko Halleauxgrains-ean burututako grabazioa 1998ko abenduan<\/p>\n<p>EMI Classics &#8211; 7243 5 56876 2 3\n1999 EMI Records Ltd.\t\t<\/div>\t<\/div><\/div>\n<div class=\"dt-sc-toggle-frame\">\t<h5 class='dt-sc-toggle-accordion '><a href='#'>AMAYA<\/a><\/h5>\t<div class=\"dt-sc-toggle-content\" style=\"display: none;\">\t\t<div class=\"block\"><img loading=\"lazy\" class=\"alignright size-thumbnail wp-image-1749\" src=\"https:\/\/www.coraldebilbao.com\/wp-content\/uploads\/2014\/10\/amaya-150x150.jpg\" alt=\"amaya\" width=\"150\" height=\"150\" srcset=\"https:\/\/www.coraldebilbao.com\/wp-content\/uploads\/2014\/10\/amaya-150x150.jpg 150w, https:\/\/www.coraldebilbao.com\/wp-content\/uploads\/2014\/10\/amaya.jpg 250w\" sizes=\"(max-width: 150px) 100vw, 150px\" \/><\/p>\n<h4>AMAYA<\/h4>\n<p><strong>Jes\u00fas Guridi (1886-1961)<\/strong><\/p>\n<p>Drama lirikoa hiru ekitalditan eta Epilogoa\nLibretoa: Navarro Villoslada-ren izen bereko eleberrian oinarritua, gazteleraz Jos\u00e9 Mar\u00eda Arroita-J\u00e1uregui-k egokitua.<\/p>\n<p>Amaya: Rebecca Copley, sopranoa \u2013 Amagoya: Marianne Cornetti, mezzosopranoa \u2013 Paula\/\u2026 : Itxaro Mentxaka, mezzosopranoa \u2013 Teodosio: Cesar Hern\u00e1ndez, tenorea \u2013 Asier: Rosendo Flores, baxua \u2013 Miguel\/\u2026: Carlos Conde, baritonoa \u2013 Escudero 1\/\u2026: Agenl Pazos, tenorea \u2013 Agure bat\/\u2026: Gorka Robles, tenorea<\/p>\n<p>Bilboko Orkestra Sinfonikoa \u2013 Bilboko Koral Elkartea \u2013 Theo Alc\u00e1ntara, zuzendaria<\/p>\n<p>Grabaketa: Bilboko Arriaga Antzokian, 1998ko ekainaren 20tik 27ra\nNAXOS<\/p>\n<p>Lege depositua B-47752-1999 2 CD\t\t<\/div>\t<\/div><\/div>\n<div class=\"dt-sc-toggle-frame\">\t<h5 class='dt-sc-toggle-accordion '><a href='#'>GOYESCAS<\/a><\/h5>\t<div class=\"dt-sc-toggle-content\" style=\"display: none;\">\t\t<div class=\"block\"><img loading=\"lazy\" class=\"alignright size-full wp-image-1725\" src=\"https:\/\/www.coraldebilbao.com\/wp-content\/uploads\/2014\/10\/Goyescas.jpg\" alt=\"Goyescas\" width=\"89\" height=\"89\" \/><\/p>\n<h4>Goyescas edo Los Majos Enamorados<\/h4>\n<p><strong>Enric Granados (1867-1916)<\/strong><\/p>\n<p>Opera hiru ekitalditan\nFernando Periquet-en Libretoa\nAlbert Guinovart-ek berrikusitako orkestazioa<\/p>\n<p>Rosario: Carmen Gonz\u00e1lez, sopranoa \u2013 Fernando: Josep Ruiz, tenorea \u2013 Pepa: Maite Arruabarrena, mezzosopranoa \u2013 Paquiro: Alfonso Echevarria, baxua<\/p>\n<p>Cadaqu\u00e9s-eko Orkestra \u2013 Bilboko Koral Elkartea \u2013 GianandreaNoseda, zuzendaria<\/p>\n<p>Lleidako Enric Granados Auditorioan burututako grabaketa, Lleidako Unibertsitatearen 700. Urteurrenaren inguruko ekitaldien baitan, 1997ko apirilaren 21 eta 22<\/p>\n<p>TR 0002 &#8211; 1997 TRIT\u00d3, S.L.<\/p>\n<p>Berrargitalpena Dep. legala B.34616-2007\t\t<\/div>\t<\/div><\/div>\n<div class=\"dt-sc-toggle-frame\">\t<h5 class='dt-sc-toggle-accordion '><a href='#'>ALEGR\u00cdAS<\/a><\/h5>\t<div class=\"dt-sc-toggle-content\" style=\"display: none;\">\t\t<div class=\"block\"><img loading=\"lazy\" class=\"alignright size-full wp-image-1713\" src=\"https:\/\/www.coraldebilbao.com\/wp-content\/uploads\/2014\/10\/Alegrias.jpg\" alt=\"Alegrias\" width=\"110\" height=\"110\" srcset=\"https:\/\/www.coraldebilbao.com\/wp-content\/uploads\/2014\/10\/Alegrias.jpg 160w, https:\/\/www.coraldebilbao.com\/wp-content\/uploads\/2014\/10\/Alegrias-150x150.jpg 150w\" sizes=\"(max-width: 110px) 100vw, 110px\" \/><\/p>\n<h4>Cantata-Divertimento<\/h4>\n<p><strong>Ant\u00f3n Garc\u00eda Abril (1933-)<\/strong><\/p>\n<p>Josefina Brivio, mezzosopranoa \u2013 David Abeij\u00f3n, errezitatzaile-haurra \u2013 Galiziako Orkestra Sinfonikoa \u2013 V\u00edctor Pablo, zuzendaria<\/p>\n<p>A Coru\u00f1ako Auditorio eta Kongresuen Jauregian burututako grabazioa, 1995ko abenduan.\n1997 Autor Fundazioa 97032 7<\/p>\n<p>Berrargitalpena: 2000 IberautorPromocionesCulturales, S.R.L.\t\t<\/div>\t<\/div><\/div>\n<div class=\"dt-sc-toggle-frame\">\t<h5 class='dt-sc-toggle-accordion '><a href='#'>H\u00c9RODIADE<\/a><\/h5>\t<div class=\"dt-sc-toggle-content\" style=\"display: none;\">\t\t<div class=\"block\"><img loading=\"lazy\" class=\"alignright size-full wp-image-1701\" src=\"https:\/\/www.coraldebilbao.com\/wp-content\/uploads\/2014\/10\/Herodiade.jpg\" alt=\"Herodiade\" width=\"104\" height=\"90\" \/><\/p>\n<h4>H\u00c9RODIADE<\/h4>\n<p><strong>Jules Massenet<\/strong>\nLau pasartetako opera, frantsezko libretoarekin Paul Millet eta Henry Grumont-ek idatzia, Gustave Flaubert-en titulu bereko eleberrian oinarritua.<\/p>\n<p>Salom\u00e9: Cerril Studer, sopranoa \u2013 H\u00e9rodiade: Nadine Dense, mezzosopranoa \u2013 Jean: Ben Heppner, tenorea \u2013 H\u00e8rode: Thomas Hampson, baritonoa \u2013 Phanuel: Jos\u00e9 Van Dam, baxua<\/p>\n<p>Choeur et Orchestre du Capitole de Toulouse \u2013 Bilboko Koral Elkartea \u2013 Michel Plasson, zuzendaria<\/p>\n<p>Toulouse-ko Halleauxgrains-ean burututako grabazioa 1994ko abenduan\nEMI Classics \u2013 3 CD B 0000252VI\nBerrargitalpena: Warner Classics2012an\t\t<\/div>\t<\/div><\/div>\n<div class=\"dt-sc-toggle-frame\">\t<h5 class='dt-sc-toggle-accordion '><a href='#'>MISA CRIOLLA<\/a><\/h5>\t<div class=\"dt-sc-toggle-content\" style=\"display: none;\">\t\t<div class=\"block\"><img loading=\"lazy\" class=\"alignright size-full wp-image-1695\" src=\"https:\/\/www.coraldebilbao.com\/wp-content\/uploads\/2014\/10\/Misa-Criolla.jpg\" alt=\"Misa Criolla\" width=\"90\" height=\"90\" \/><\/p>\n<h4>Misa Criolla &#8211; Navidad nuestra<\/h4>\n<p><strong>Ariel Ram\u00edrez<\/strong><\/p>\n<p>Jos\u00e9 Carreras, tenorea \u2013 Perkusioa: Grupo Huancava \u2013 Pianoa: Ariel Ram\u00edrez<\/p>\n<p>Laredoko Salve Korala \u2013 Bilboko Koral Elkartea<\/p>\n<p>Ampuero-koBien Aparecida Santutegian egindako grabazioa, 1987ko uztailean\nPhillips Digital Classics 420 955-1 \u2013 Lp. Album 1988\t\t<\/div>\t<\/div><\/div><\/div><\/div>\n","protected":false},"excerpt":{"rendered":"<p>Edizio eta argitalpenak<\/p>\n","protected":false},"author":6,"featured_media":0,"parent":2658,"menu_order":4,"comment_status":"open","ping_status":"open","template":"","meta":[],"_links":{"self":[{"href":"https:\/\/www.coraldebilbao.com\/eu\/wp-json\/wp\/v2\/pages\/2683"}],"collection":[{"href":"https:\/\/www.coraldebilbao.com\/eu\/wp-json\/wp\/v2\/pages"}],"about":[{"href":"https:\/\/www.coraldebilbao.com\/eu\/wp-json\/wp\/v2\/types\/page"}],"author":[{"embeddable":true,"href":"https:\/\/www.coraldebilbao.com\/eu\/wp-json\/wp\/v2\/users\/6"}],"replies":[{"embeddable":true,"href":"https:\/\/www.coraldebilbao.com\/eu\/wp-json\/wp\/v2\/comments?post=2683"}],"version-history":[{"count":18,"href":"https:\/\/www.coraldebilbao.com\/eu\/wp-json\/wp\/v2\/pages\/2683\/revisions"}],"predecessor-version":[{"id":25562,"href":"https:\/\/www.coraldebilbao.com\/eu\/wp-json\/wp\/v2\/pages\/2683\/revisions\/25562"}],"up":[{"embeddable":true,"href":"https:\/\/www.coraldebilbao.com\/eu\/wp-json\/wp\/v2\/pages\/2658"}],"wp:attachment":[{"href":"https:\/\/www.coraldebilbao.com\/eu\/wp-json\/wp\/v2\/media?parent=2683"}],"curies":[{"name":"wp","href":"https:\/\/api.w.org\/{rel}","templated":true}]}}