{"id":2670,"date":"2014-08-18T10:11:31","date_gmt":"2014-08-18T10:11:31","guid":{"rendered":"https:\/\/www.coraldebilbao.com\/quienes-somos\/historia\/"},"modified":"2022-11-07T17:13:19","modified_gmt":"2022-11-07T16:13:19","slug":"historia","status":"publish","type":"page","link":"https:\/\/www.coraldebilbao.com\/eu\/quienes-somos\/historia\/","title":{"rendered":"Historia"},"content":{"rendered":"<h2>Historia<br \/>\n<em><img loading=\"lazy\" class=\"alignright size-full wp-image-1331\" src=\"https:\/\/www.coraldebilbao.com\/wp-content\/uploads\/2014\/08\/historia1.jpg\" alt=\"historia\" width=\"450\" height=\"301\" srcset=\"https:\/\/www.coraldebilbao.com\/wp-content\/uploads\/2014\/08\/historia1.jpg 450w, https:\/\/www.coraldebilbao.com\/wp-content\/uploads\/2014\/08\/historia1-300x200.jpg 300w\" sizes=\"(max-width: 450px) 100vw, 450px\" \/>1886-2022<\/em><\/h2>\n<h5><b>Bilboko Koral Elkartea<\/b>\u00a01886an sortu zen musikaren ezagutza eta hedapena bultzatzeko helburuarekin, batez ere abesbatzen esparruan. Egun, bere iraganaz jabetuta eta etorkizunarekin konprometituta, bere alderdi artistikoan hiru koru\u00a0<i>amateur<\/i>\u00a0ditu -haurrena, gazteena eta helduena-, zein bere nortasunarekin eszena profesionalean ezagunak; alderdi sozialean,\u00a0 Alderdi akademikoan, musika-irakaskuntza zentru bat proiektuaren ardatzetariko bat da eta eskola-koruen sare bati eusten dio (Eskolan kantari). Koral Elkartea ohikoa da tokiko programazioan, eta, hasiera-hasieratik, beti aritu izan da euskal musikarien lana jorratzen eta atzerrian ezagutzera ematen, besteak beste sorkuntza ugari sustatuz eta estreinatuz. Era berean, ospe handia bereganatu du maisu nabarmenekin, panoramako agertoki garrantzitsuenak zapaldu ditu, eta ia orkestra nazional guztiekin eta nazioarteko orkestra nagusiekin jardun du. Orain arteko ibilbide luzean, hainbat sari jaso ditu; garaietara egokitzen jakin du, ba grabaketetan bai zuzenekoetan tradizioa eta berrikuntza bat eginez; eta talde balioaniztun eta malgua da, estilo oso ezberdinetako errepertorioei heltzeko gai:<i>\u00a0a capella<\/i> kantaturiko polifonia errenazentistatik masa sinfoniko-koral garaikide handietaraino.<\/h5>\n<div class=\"dt-sc-clear\"><\/div>\n<div class='dt-sc-toggle-frame-set'><h5 class='dt-sc-toggle-accordion '><a href='#'>Bere hastapenetako sariketak<\/a><\/h5><div class=\"dt-sc-toggle-content\" style=\"display: none;\"><div class=\"block\"><a href=\"https:\/\/www.coraldebilbao.com\/wp-content\/uploads\/2014\/08\/1certamenes.jpg\"><img loading=\"lazy\" class=\"alignleft size-medium wp-image-1583\" src=\"https:\/\/www.coraldebilbao.com\/wp-content\/uploads\/2014\/08\/1certamenes-300x161.jpg\" alt=\"1certamenes\" width=\"300\" height=\"161\" srcset=\"https:\/\/www.coraldebilbao.com\/wp-content\/uploads\/2014\/08\/1certamenes-300x161.jpg 300w, https:\/\/www.coraldebilbao.com\/wp-content\/uploads\/2014\/08\/1certamenes.jpg 789w\" sizes=\"(max-width: 300px) 100vw, 300px\" \/><\/a>Hasieratik bertatik azaldu zen bere nazio eta nazioarte mailako bokazioa, ondoko sariketetan parte zuelarik:<\/p>\n<p>&#8211; Donostia Hiriko Nazioarteko Musika Sariketa Nagusia (1886)\n&#8211; Madrilgo Orfeoien Nazioarteko Lehiaketa (1887)\n&#8211; Gernikako Euskal Jaietako Orfeoien Lehiaketa (1888)\n&#8211; Bartzelonako Koralen Nazioarteko Lehiaketa (1888)\n&#8211; Santanderko Orfeoien Nazioarteko Lehiaketa (1890)\n&#8211; Donostiako Nazioarteko Musika Sariketa Nagusia (1890)\n&#8211; Donibane-Lohitzuneko Armonia Musika, Fanfarre eta Orfeoien Nazioarteko Lehiaketa Nagusia (1891)\n&#8211; Amerikaren Aurkikuntzaren IV Mendeurreneko Oroitzapenezko Lehiaketa, Madril (1892)\n&#8211; Bartzelonako Erakusketa Unibertsaleko Orfeoien Lehiaketa (1892)\n&#8211; Miarritzeko Orfeoi, Armonia Musika eta Ikasle Fanfarreen Nazioarteko Lehiaketa Nagusia (1893)\n&#8211; Iru\u00f1eako Orfeoi eta Banden Nazioarteko Lehiaketa (1894)\n&#8211; Marseille Hiriko Musiken Nazio eta Nazioarteko Lehiaketa Nagusia (1897)\n&#8211; Bordele Hiriko Musika, Orfeoi, Armonia eta Fanfarreen Nazioarteko Lehiaketa Nagusia (1898)\n&#8211; Donostia Hiriko Musikaren Nazioarteko Lehiaketa Nagusia (1902)\n&#8211; Bordele Hiriko Musikaren Nazioarteko Lehiaketa Nagusia (1904)\n&#8211; Belgikako Verviers Hiriko Taldeko Kantuaren Nazioarteko Lehiaketa (1905)<\/p>\n<p>Guztietan Lehenengo Saria irabazi zelarik.<\/div><\/div>\n<h5 class='dt-sc-toggle-accordion '><a href='#'>1905, Euskal Lirikari bultzada<\/a><\/h5><div class=\"dt-sc-toggle-content\" style=\"display: none;\"><div class=\"block\"><a href=\"https:\/\/www.coraldebilbao.com\/wp-content\/uploads\/2014\/08\/2lirica.jpg\"><img loading=\"lazy\" class=\"alignright size-medium wp-image-1586\" src=\"https:\/\/www.coraldebilbao.com\/wp-content\/uploads\/2014\/08\/2lirica-300x190.jpg\" alt=\"2lirica\" width=\"300\" height=\"190\" srcset=\"https:\/\/www.coraldebilbao.com\/wp-content\/uploads\/2014\/08\/2lirica-300x190.jpg 300w, https:\/\/www.coraldebilbao.com\/wp-content\/uploads\/2014\/08\/2lirica.jpg 800w\" sizes=\"(max-width: 300px) 100vw, 300px\" \/><\/a>\n1905etik aurrera, hasierako koruak emakumezko ahotsak hartu zituen bere baitan, behin-betiko eta modu iraunkorrean koru misto izatera pasa zelarik. Berrehun kantarirekin etapa berri bati ekin zion lehiaketa berrietara aurkezteari uko eginez. Etapa berri honetan, BILBOKO KORAL ELKARTEAK euskal opera bultzatzeko konpromisoa hartu zuen, ondoko estreinaldien bidez:\n&#8211; Charles Colin-en Maitena (1909)\n&#8211; Jos\u00e9 M\u00aa Usandizagaren Mendi Mendiyan (1910)\n&#8211; Santos de Inchaustiren Lide eta Ixidor (1910)\n&#8211; Jes\u00fas Guridiren Mirentxu (1910)\n&#8211; Jos\u00e9 Power eta Pedro Mart\u00ednezenDeboika (1914)\n&#8211; Jes\u00fas Guridiren Amaya (1920)<\/p>\n<p>Gorabehera eta ziklo desberdinen ondoren, perfekzio maila ukitzera iritsi da gaur egun.<\/p><\/div><\/div>\n<h5 class='dt-sc-toggle-accordion '><a href='#'>Zuzendariak<\/a><\/h5><div class=\"dt-sc-toggle-content\" style=\"display: none;\"><div class=\"block\"><a href=\"https:\/\/www.coraldebilbao.com\/wp-content\/uploads\/2014\/08\/3directores.jpg\"><img loading=\"lazy\" class=\"alignleft size-medium wp-image-1589\" src=\"https:\/\/www.coraldebilbao.com\/wp-content\/uploads\/2014\/08\/3directores-300x199.jpg\" alt=\"3directores\" width=\"300\" height=\"199\" srcset=\"https:\/\/www.coraldebilbao.com\/wp-content\/uploads\/2014\/08\/3directores-300x199.jpg 300w, https:\/\/www.coraldebilbao.com\/wp-content\/uploads\/2014\/08\/3directores.jpg 800w\" sizes=\"(max-width: 300px) 100vw, 300px\" \/><\/a>Bilboko Koral Elkartea, besteak beste, ondoko maisuek zuzendu dute: CletoZavala, Aureliano Valle, Jes\u00fasGuridi, Arturo Inchausti, Jes\u00fasAr\u00e1mbarri, Modesto Arana, Rafael Fr\u00fchbeck de Burgos, Gorka Sierra, I\u00f1aki Moreno, Joan Cabero eta, gaur egunean, Julio Gergely.<\/p>\n<p>Bere koruek nazioartean ospe handi duten ondoko orkestra zuzendarien gidaritzapean jardun dute: AtaulfoArgenta, Enrique Fern\u00e1ndezArb\u00f3s, Bartolom\u00e9P\u00e9rez Casas, WladimirGolscham, Juan Lamote de Grignon, JasechaHorenstein, Sir MalcomSargent, Od\u00f3n Alonso, Enrique Garc\u00eda Asensio, Antoni RosMarb\u00e1, Miguel \u00c1ngelG\u00f3mezMart\u00ednez, MstislavRostropovich, TheoAlc\u00e1ntara, MichelPlasson, V\u00edctor Pablo P\u00e9rez, Jan Lathan-Koening, AldoCeccato, GeorgePrete, JohnNelson, UrielSegal, JosepPons, Arturo Tamayo, Jos\u00e9Ram\u00f3nEncinar, JerzySemkow, Juanjo Mena, YutakaSado, Martin Haselb\u00f6ck, MichiyoshiInoue, ChristophSpering etaJiriBelohlavek, besteak beste.<\/p><\/div><\/div>\n<h5 class='dt-sc-toggle-accordion '><a href='#'>Estreinaldi azpimarragarriak<\/a><\/h5><div class=\"dt-sc-toggle-content\" style=\"display: none;\"><div class=\"block\"><a href=\"https:\/\/www.coraldebilbao.com\/wp-content\/uploads\/2014\/08\/4estrenos.jpg\"><img loading=\"lazy\" class=\"alignright size-medium wp-image-1592\" src=\"https:\/\/www.coraldebilbao.com\/wp-content\/uploads\/2014\/08\/4estrenos-300x225.jpg\" alt=\"4estrenos\" width=\"300\" height=\"225\" srcset=\"https:\/\/www.coraldebilbao.com\/wp-content\/uploads\/2014\/08\/4estrenos-300x225.jpg 300w, https:\/\/www.coraldebilbao.com\/wp-content\/uploads\/2014\/08\/4estrenos.jpg 800w\" sizes=\"(max-width: 300px) 100vw, 300px\" \/><\/a>Bilboko Koral Elkarteak <strong>Espainian<\/strong> honakoak estreinatu ditu:<\/p>\n<p>&#8211; C. Franck-en Las Bienaventuranzas (1907), Ruth (1908), Redenci\u00f3n (1909), Rebecca (1909) etaPsych\u00e9 (1919).\n&#8211; R. Schumann-en Fausto (1908).\n&#8211; R.Wagner-enLa Cena de losAp\u00f3stoles (1895), Parsifal (pasarteak) (1914) etaLosMaestrosCantores (1916) (pasarteak).\n&#8211; F. Schubert-enCanto de losesp\u00edritussobrelasaguas (1901).\n&#8211; J. S. Bach-en Oratorio de Navidad (pasarteak) (1901).\n&#8211; E. Grieg-enMitolog\u00edaNoruegaOlavTrygvason (1901).\n&#8211; H. Berlioz-enLa Condenaci\u00f3n de Fausto (1909).\n&#8211; J. S. Bach-en La Pasi\u00f3nseg\u00fan San Mateo (pasarteak) (1912).\n&#8211; J. Brahms-enUn Requiem Alem\u00e1n (1913).\n&#8211; G. Bizet-enL\u2019Arlesienne (1916).\n&#8211; A. Borodin-enLas danzas del Pr\u00edncipe Igor (1919).\n&#8211; G. Verdi-renRequiem (1934).\n&#8211; F. Schmitt-enSalmo XLVII (1943).\n&#8211; F. Mendelssohn-enEl\u00edas (1953).\n&#8211; W. A. Mozart \u2013enV\u00edsperasSolemnes de unConfesor (1956).\n&#8211; C. Orff-enCarminaBurana (1960).\n&#8211; R.Vaughan-Williams-enHodie (1997).\n&#8211; de G. Ligeti-ren Requiem (2003).\n&#8211; B. Britten\u2013enSinfon\u00eda de Primavera (2012).<\/p>\n<p>Eta <strong>mundu mailan<\/strong>:<\/p>\n<p>&#8211; J. Guridi-renCuadrosVascos (1931).\n&#8211; J. Ar\u00e1mbarri-renCastilla (oratorioa) (1941).\n&#8211; F. Escudero-ren Illeta (kantata) (1955) eta Gernika (opera) (1987).\n&#8211; G. Sierra-ren Gernika (oratorioa) (1990).\n&#8211; M. Theodorakis-en Medea (opera) (1991).\n&#8211; C. A. Bernaola-renEuskadi. Euskarari Abestia (1995).<\/p><\/div><\/div>\n<h5 class='dt-sc-toggle-accordion '><a href='#'>Orkestra Handiak<\/a><\/h5><div class=\"dt-sc-toggle-content\" style=\"display: none;\"><div class=\"block\"><a href=\"https:\/\/www.coraldebilbao.com\/wp-content\/uploads\/2014\/08\/5grandesorquestas.jpg\"><img loading=\"lazy\" class=\"alignleft size-medium wp-image-1595\" src=\"https:\/\/www.coraldebilbao.com\/wp-content\/uploads\/2014\/08\/5grandesorquestas-300x209.jpg\" alt=\"5grandesorquestas\" width=\"300\" height=\"209\" srcset=\"https:\/\/www.coraldebilbao.com\/wp-content\/uploads\/2014\/08\/5grandesorquestas-300x209.jpg 300w, https:\/\/www.coraldebilbao.com\/wp-content\/uploads\/2014\/08\/5grandesorquestas.jpg 800w\" sizes=\"(max-width: 300px) 100vw, 300px\" \/><\/a>1986tik, Puerto Ricon bertako Orkestra Nazionalarekin eta bere zuzendari Od\u00f3n Alonsoren gidaritzapean egindako biraz geroztik, kontzertu eta jaialdietan bere parte hartzea handitu du, ez soilik Espainian, baita Frantzia, Portugal eta Alemanian ere, Espainiako zein nazioarteko orkestra nagusiekin batera: Moskuko Sinfonika, Radio-Difusion Orkestra Portugaldarra,Burdeos-Akitaniako Orkestra Nazionala, Royal Philharmonic Orchestra, Budapesteko Orkestra Sinfonikoa, Tolouseko Capitoleko Orkestra Nazionala, Berlingo Orkestra Sinfonikoa, Aquisgr\u00e1ne-ko Orkestra Sinfonikoa, Stradivaria Ensamble-a, Pariseko Kamara Orkestra, Varsovia Sinfonia, Lyongo Orkestra Nazionala, Dresde-ko Orkestra Filarmonikoa, Lamoreux Orkestra eta BBC-ren Orkestra Sinfonikoa. Nazioarteko proiekziodun ibilbide honetan, 2006ko maiatzean Japongo hiriburuan zenbait kontzertu eskaini zituen Tokioko Orkestra Sinfoniko Metropolitanoarekin batera.<\/div><\/div>\n<h5 class='dt-sc-toggle-accordion '><a href='#'>Grabaketak<\/a><\/h5><div class=\"dt-sc-toggle-content\" style=\"display: none;\"><div class=\"block\"><a href=\"https:\/\/www.coraldebilbao.com\/wp-content\/uploads\/2014\/08\/6grabaciones.jpg\"><img loading=\"lazy\" class=\"alignright size-medium wp-image-1598\" src=\"https:\/\/www.coraldebilbao.com\/wp-content\/uploads\/2014\/08\/6grabaciones-300x199.jpg\" alt=\"6grabaciones\" width=\"300\" height=\"199\" srcset=\"https:\/\/www.coraldebilbao.com\/wp-content\/uploads\/2014\/08\/6grabaciones-300x199.jpg 300w, https:\/\/www.coraldebilbao.com\/wp-content\/uploads\/2014\/08\/6grabaciones.jpg 800w\" sizes=\"(max-width: 300px) 100vw, 300px\" \/><\/a>Bilboko Koral Elkarteak honako diskoak grabatu ditu:\n&#8211; Ariel Ram\u00edrez-enMisaCriolla, Salv\u00e9 Koralarekin batera, Jos\u00e9Carreras tenorea eta pianoan Ariel Ram\u00edrezbera. Zuzendaria, Jos\u00e9 Luis Ocejo.\n&#8211; Massenett-enHerodiade,Toulouseko Capitoleko Orkestra Nazionalarekin. Zuzendaria,MichelPlasson.\n&#8211; A. Garc\u00edaAbril-enAlegrias, Galiziako Orkestra Sinfonikoarekin. Zuzendaria, V\u00edctor Pablo P\u00e9rez.\n&#8211; E. Granados-en Goyescas, Cadaqu\u00e9s-eko Orkestrarekin. Zuzendaria, GianandreaNoseda.\n&#8211; Autore ugariren euskal musika, Agur Jaunak, Toulouseko Capitoleko Orkestra Nazionalarekin. Zuzendaria, MichelPlasson.\n&#8211; J. Guridi-ren Amaya, Bilboko Orkestra Sinfonikoarekin. Zuzendaria, TheoAlc\u00e1ntara.\n&#8211; J. Guridi-renElCaser\u00edo,Bilboko Orkestra Sinfonikoarekin. Zuzendaria, Juan Jos\u00e9 Mena.\n&#8211; J. Guridi-renAs\u00edcantanloschicos, Bilboko Orkestra Sinfonikoarekin. Zuzendaria, Juan Jos\u00e9 Mena.\n&#8211; P. Soroz\u00e1bal-en Sorozabal Hainbat obra, Euskadiko Orkestra Sinfonikoarekin. Zuzendaria, ChristianMandeal.\n&#8211; G. Puccini-renTurandot, Malagako Orkestra Filarmonikoarekin. Zuzendaria, Alexander Rahbari.\n&#8211; Espainiar Konstituzioaren XXV Urteurreneko Omenezko Kontzertua (sakra musika espainiarra, europarra eta hegoamerikarra). Zuzendaria, Gorka Sierra.\n&#8211; F. Escudero-ren Gernika, Euskadiko Orkestra Sinfonikoarekin. Zuzendaria, Jos\u00e9Ram\u00f3nEncinar.\n&#8211; Pablo Sorozabal-en Katiuska (DVD) Arriaga Antzokiaren Produkzioa. Bilboko Orkestra Sinfonikoa. Zuzendaria, David Gim\u00e9nezCarreras.\n&#8211; 125 Urte Kantuan-Cantandodurante 125 a\u00f1os. Autore ugariren Euskal Musika, Bilboko Udal Bandarekin. Zuzendaria, I\u00f1aki Urkizu.\n&#8211; BBVA Gabonetako Kontzertua. Koral Elkartearen 125. urteurrena. Autore ugariren Euskal Musika, Bilboko Udal Bandarekin. Zuzendaria, I\u00f1aki Urkizu.\n&#8211; Pop Musika. Koru eta pianoarentzako pop musikaren bertsio arrakastatsuak. Zuzendaria, Urko Sangroniz.<\/div><\/div>\n<h5 class='dt-sc-toggle-accordion '><a href='#'>Azpimarratzeko Sariak<\/a><\/h5><div class=\"dt-sc-toggle-content\" style=\"display: none;\"><div class=\"block\"><a href=\"https:\/\/www.coraldebilbao.com\/wp-content\/uploads\/2014\/08\/7galardones.jpg\"><img loading=\"lazy\" class=\"alignleft size-medium wp-image-1601\" src=\"https:\/\/www.coraldebilbao.com\/wp-content\/uploads\/2014\/08\/7galardones-300x199.jpg\" alt=\"7galardones\" width=\"300\" height=\"199\" srcset=\"https:\/\/www.coraldebilbao.com\/wp-content\/uploads\/2014\/08\/7galardones-300x199.jpg 300w, https:\/\/www.coraldebilbao.com\/wp-content\/uploads\/2014\/08\/7galardones.jpg 800w\" sizes=\"(max-width: 300px) 100vw, 300px\" \/><\/a>Bilboko Koral Elkarteak honako sariak jaso ditu azken urteetan:\n&#8211; Arte Ederretako Merituaren Urrezko Domina (1986).\n&#8211; Bilboko Komertzio, Industria eta Nabigazio Ganberaren Mendeurreneko Domina (1986).\n&#8211; Bizkaiko Koruen Federazioko Urrezko Domina (1986).\n&#8211; UNICEF Fundazioaren 50. Urteurreneko Domina (1996).\n&#8211; Euskalerriaren Adiskideen Elkartearen Bazkide Kolektibo izendapena (1997).\n&#8211; Andr\u00e9s de Ma\u00f1aricua y Nuere Saria, Bizkaiko Foru Aldundiaren eskutik (1998).\n&#8211; Sabino Arana Fundazioaren Saria, Gizarte arloan (2001).\n&#8211; UNICEF Domina (2003).\n&#8211; San Fernandoko Arte Ederretako Erret Akademiaren Ohorezko Domina (2005).\n&#8211; Ibilaldia-Bizkaiko Ikastolen jaialdiaren Omenaldia, euskara eta folklorearen zabalpenean egindako lanagatik (2005).\n&#8211; Bilbo Hiriko Urrezko Domina (2007).\n&#8211; \u201cBizkaiko Txakolinaren Enbaxadoreak\u201d, Bizkaiko Txakolina Jatorrizko Izendapenaren Kontseiluak izendatua (2007).\n&#8211; Dama Bilbotarra, SociedadBilbaina-aren eskutik (2013).<\/div><\/div><\/div>\n","protected":false},"excerpt":{"rendered":"<p>Historia 1886-2022 Bilboko Koral Elkartea\u00a01886an sortu zen musikaren ezagutza eta hedapena bultzatzeko helburuarekin, batez ere abesbatzen esparruan. Egun, bere iraganaz jabetuta eta etorkizunarekin konprometituta, bere alderdi artistikoan hiru koru\u00a0amateur\u00a0ditu -haurrena, gazteena eta helduena-, zein bere nortasunarekin eszena profesionalean ezagunak; alderdi sozialean,\u00a0 Alderdi akademikoan, musika-irakaskuntza zentru bat proiektuaren ardatzetariko bat da eta eskola-koruen sare bati eusten [&hellip;]<\/p>\n","protected":false},"author":6,"featured_media":0,"parent":2658,"menu_order":1,"comment_status":"open","ping_status":"open","template":"","meta":[],"_links":{"self":[{"href":"https:\/\/www.coraldebilbao.com\/eu\/wp-json\/wp\/v2\/pages\/2670"}],"collection":[{"href":"https:\/\/www.coraldebilbao.com\/eu\/wp-json\/wp\/v2\/pages"}],"about":[{"href":"https:\/\/www.coraldebilbao.com\/eu\/wp-json\/wp\/v2\/types\/page"}],"author":[{"embeddable":true,"href":"https:\/\/www.coraldebilbao.com\/eu\/wp-json\/wp\/v2\/users\/6"}],"replies":[{"embeddable":true,"href":"https:\/\/www.coraldebilbao.com\/eu\/wp-json\/wp\/v2\/comments?post=2670"}],"version-history":[{"count":2,"href":"https:\/\/www.coraldebilbao.com\/eu\/wp-json\/wp\/v2\/pages\/2670\/revisions"}],"predecessor-version":[{"id":22633,"href":"https:\/\/www.coraldebilbao.com\/eu\/wp-json\/wp\/v2\/pages\/2670\/revisions\/22633"}],"up":[{"embeddable":true,"href":"https:\/\/www.coraldebilbao.com\/eu\/wp-json\/wp\/v2\/pages\/2658"}],"wp:attachment":[{"href":"https:\/\/www.coraldebilbao.com\/eu\/wp-json\/wp\/v2\/media?parent=2670"}],"curies":[{"name":"wp","href":"https:\/\/api.w.org\/{rel}","templated":true}]}}