{"id":2649,"date":"2014-08-12T12:37:37","date_gmt":"2014-08-12T12:37:37","guid":{"rendered":"https:\/\/www.coraldebilbao.com\/coros\/coro-ninos\/"},"modified":"2022-05-30T15:19:03","modified_gmt":"2022-05-30T13:19:03","slug":"haurrenkorua","status":"publish","type":"page","link":"https:\/\/www.coraldebilbao.com\/eu\/coros\/haurrenkorua\/","title":{"rendered":"Haurren Korua"},"content":{"rendered":"<img loading=\"lazy\" class=\"alignnone size-full wp-image-17663\" src=\"https:\/\/www.coraldebilbao.com\/wp-content\/uploads\/2018\/03\/coro-infantil-de-la-coral-de-bilbao.jpg\" alt=\"Coro infantil de la Sociedad Coral de Bilbao\" width=\"790\" height=\"266\" srcset=\"https:\/\/www.coraldebilbao.com\/wp-content\/uploads\/2018\/03\/coro-infantil-de-la-coral-de-bilbao.jpg 790w, https:\/\/www.coraldebilbao.com\/wp-content\/uploads\/2018\/03\/coro-infantil-de-la-coral-de-bilbao-300x101.jpg 300w, https:\/\/www.coraldebilbao.com\/wp-content\/uploads\/2018\/03\/coro-infantil-de-la-coral-de-bilbao-768x259.jpg 768w\" sizes=\"(max-width: 790px) 100vw, 790px\" \/>\n<div class='dt-sc-hr-invisible  '><\/div>\n<h2>BILBOKO KORALEKO HAURREN KORUA<\/h2>\n<p>Kantua txiki-txikitatik bultzatzeko asmoz, Gorka Sierrak Haurren Korua sortu zuen, 1984an, eta gero, 1994an, Jose Luis Ormazabalek hartu zuen haren lekukoa. Era berean, zuzendari hauek izan ditu koruak: John Elliot Gardiner, Eric Whitacre, Mistoslav Rostropovich, Valeri Gu\u00e9rguiev, Erik Nielsen, Rafael Fr\u00fchbeck de Burgos, Juanjo Mena, Enrique Garc\u00eda Asensio, V\u00edctor Pablo P\u00e9rez, Josep Pons eta Ros Marb\u00e1, besteak beste.<\/p>\n<p>Talde gaztea ohikoa da Euskal Herriko kantu koralaren eszenan, dela <em>a capella<\/em> kontzertuetan, dela mota askotako ikuskizunetan, Brittenen <em>War R\u00e9quiem<\/em> lanean, kasu, Calixto Bieitok zuzendua, baina baita hemendik kanpokoan ere: berriki, Ravennako Teatro Alighierin aritu da, Marseillako Ballet Nazionalarekin batera, hala nola Madrilgo Auditorium Nazionalean eta Teatro Realen, Bartzelonako Palau de la M\u00fasican, Sevillako La Maestranzan, etab.<\/p>\n<p>Horrez gain, EOS eta BOS tokiko orkestrek lagunduta abestu izan du, eta hainbat lanen estreinaldietan parte hartu du: <em>Zeru urdinetik<\/em>, B. J. Berstelmeierrena; <em>Cantata Euskadi, <\/em>C. Bernaolarena; <em>Eguberriko Iguzki,<\/em> X. Sarasolarena; <em>Koral bat gara<\/em>, X. Sarasola eta X. Amurizarena; <em>Kantuz ari den herria<\/em>, I. Urkizu eta A. Ega\u00f1arena; <em>Deitzen dizut Virgilio,<\/em> J. C. P\u00e9rez eta B. Atxagarena; <em>Kantatu landu Ikasi <\/em>eta <em>Ez beti da ez,<\/em> F. Vel\u00e1zquezena.<\/p>\n<p>Halaber, estatuko orkestrekin batera abestu izan du, JONDE, ONE eta Galiziako Orkestra Sinfonikoarekin, kasu, bai eta nazioartekoekin ere: Royal Philharmonic Orchestra eta Mariinsky Antzokiko Operako Orkestra, besteren artean, errepertorio sinfonikoari edota operakoari helduta, zeinen artean hauek nabarmentzen diren: <em>I Pagliacci<\/em>, R. Leoncavallorena; <em>Carmen,<\/em> G. Bizetena; <em>Mirentxu,<\/em> J. Guridirena;<em> Noeren uholdea<\/em>, B. Brittenena; <em>Boris Godunov<\/em>, M. Mussorgskyrena; eta<em> Tosca<\/em>, <em>Turandot<\/em> eta <em>La Boh\u00e8me,<\/em> G. Puccinirenak.<\/p>\n<p>&nbsp;<\/p>\n<p><strong>Lehen ahotsa<\/strong><br \/>\nDaniel Alvarez<br \/>\nM\u00f3nica Alvarez<br \/>\nBerta Arriola<br \/>\nNatalia Chillon<br \/>\nPablo Corcostegui<br \/>\nUnax Cuena<br \/>\nAbril Delgado<br \/>\nAndoni Elordi<br \/>\nAdriana Fernandez<br \/>\nMirari Fernandez<br \/>\nKarmele Gonzalez<br \/>\nIratxe Hernandez<br \/>\nViana Hernandez<br \/>\nSoraya Jimenez<br \/>\nMaialen Morales<br \/>\nLoyola Orbezua<br \/>\nNahia Ruiz<br \/>\nMaren Sastre<br \/>\nClara Torres<br \/>\nVictoria Trocer<br \/>\nMaddi Ugarteburu<br \/>\nMikel Urkijo<br \/>\nAmaiur Zabaleta<br \/>\nAlba Zorelle<\/p>\n<p><strong>Bigarren ahotsa<\/strong><br \/>\nJune Akarregui<br \/>\nPaula Alvarez<br \/>\nLaia Barrenkua<br \/>\nAndrea Beasain<br \/>\nJulen Becerra<br \/>\nAne Bolinaga<br \/>\nInes Bravo<br \/>\nLaura Fernandez<br \/>\nIgone Garcia<br \/>\nMara Garcia<br \/>\nJustine Huguel<br \/>\nSabela Lenz<br \/>\nIzaro Linares<br \/>\nJuan Carlos Lopez<br \/>\nAne Maeso<br \/>\nLeire Olabarrieta<br \/>\nNoa Otaduy<br \/>\nGrace Turrez<\/p>\n<p><strong>Hirugarren ahotsa<\/strong><br \/>\nElixabete Chirapozu<br \/>\nMaria Climent<br \/>\nBego\u00f1a Elua<br \/>\nHelena Esteban<br \/>\nTatiana Garrido<br \/>\nMaite Irastorza<br \/>\nInes Irigoyen<br \/>\nMarta Isasti<br \/>\nI\u00f1igo Olea<br \/>\nIrene Orbezua<br \/>\nAlize Paulogorran<br \/>\nMar\u00eda Polo<br \/>\nNaroa Rementeria<br \/>\nUxue Rojas<br \/>\nMikel San Emeterio<br \/>\nAlejandro Sierra<br \/>\nNicolas Sierra<br \/>\nAldara Usategui<br \/>\nNaroa Zaldua<\/p>\n","protected":false},"excerpt":{"rendered":"<p>BILBOKO KORALEKO HAURREN KORUA Kantua txiki-txikitatik bultzatzeko asmoz, Gorka Sierrak Haurren Korua sortu zuen, 1984an, eta gero, 1994an, Jose Luis Ormazabalek hartu zuen haren lekukoa. Era berean, zuzendari hauek izan ditu koruak: John Elliot Gardiner, Eric Whitacre, Mistoslav Rostropovich, Valeri Gu\u00e9rguiev, Erik Nielsen, Rafael Fr\u00fchbeck de Burgos, Juanjo Mena, Enrique Garc\u00eda Asensio, V\u00edctor Pablo P\u00e9rez, [&hellip;]<\/p>\n","protected":false},"author":6,"featured_media":0,"parent":2595,"menu_order":0,"comment_status":"open","ping_status":"open","template":"","meta":[],"_links":{"self":[{"href":"https:\/\/www.coraldebilbao.com\/eu\/wp-json\/wp\/v2\/pages\/2649"}],"collection":[{"href":"https:\/\/www.coraldebilbao.com\/eu\/wp-json\/wp\/v2\/pages"}],"about":[{"href":"https:\/\/www.coraldebilbao.com\/eu\/wp-json\/wp\/v2\/types\/page"}],"author":[{"embeddable":true,"href":"https:\/\/www.coraldebilbao.com\/eu\/wp-json\/wp\/v2\/users\/6"}],"replies":[{"embeddable":true,"href":"https:\/\/www.coraldebilbao.com\/eu\/wp-json\/wp\/v2\/comments?post=2649"}],"version-history":[{"count":7,"href":"https:\/\/www.coraldebilbao.com\/eu\/wp-json\/wp\/v2\/pages\/2649\/revisions"}],"predecessor-version":[{"id":22097,"href":"https:\/\/www.coraldebilbao.com\/eu\/wp-json\/wp\/v2\/pages\/2649\/revisions\/22097"}],"up":[{"embeddable":true,"href":"https:\/\/www.coraldebilbao.com\/eu\/wp-json\/wp\/v2\/pages\/2595"}],"wp:attachment":[{"href":"https:\/\/www.coraldebilbao.com\/eu\/wp-json\/wp\/v2\/media?parent=2649"}],"curies":[{"name":"wp","href":"https:\/\/api.w.org\/{rel}","templated":true}]}}