{"id":2638,"date":"2014-08-05T10:58:20","date_gmt":"2014-08-05T10:58:20","guid":{"rendered":"https:\/\/www.coraldebilbao.com\/coros\/coral-de-bilbao\/"},"modified":"2024-01-16T13:59:41","modified_gmt":"2024-01-16T12:59:41","slug":"coral-de-bilbao","status":"publish","type":"page","link":"https:\/\/www.coraldebilbao.com\/eu\/coros\/coral-de-bilbao\/","title":{"rendered":"Koru Sinfonikoa"},"content":{"rendered":"<img loading=\"lazy\" class=\"alignnone size-full wp-image-17655\" src=\"https:\/\/www.coraldebilbao.com\/wp-content\/uploads\/2018\/03\/sociedad-coral-de-bilbao.jpg\" alt=\"Sociedad Coral de Bilbao\" width=\"790\" height=\"266\" srcset=\"https:\/\/www.coraldebilbao.com\/wp-content\/uploads\/2018\/03\/sociedad-coral-de-bilbao.jpg 790w, https:\/\/www.coraldebilbao.com\/wp-content\/uploads\/2018\/03\/sociedad-coral-de-bilbao-300x101.jpg 300w, https:\/\/www.coraldebilbao.com\/wp-content\/uploads\/2018\/03\/sociedad-coral-de-bilbao-768x259.jpg 768w\" sizes=\"(max-width: 790px) 100vw, 790px\" \/>\n<p>&nbsp;<\/p>\n<h2>Bilboko Koral Elkartea<\/h2>\n<p>La SociedadCoral de Bilbao-Bilboko Koral Elkartea 1886an sortu zen, musika oro har eta korala zehazki garatzeko helburuarekin. Urteekin arrakasta, sari eta prestigio handia eskuratu ditu.<\/p>\n<p>Bere koruak zuzendu dituzten maisuen artean daude, hasiera bateanCleto Zabala, eta ondorenean Aureliano Valle, Jes\u00fasGuridi, Arturo Inchausti, Timoteo Urrengoechea, J. M. Olaizola, Modesto Arana, Rafael Fr\u00fchbeck de Burgos, Juan Cordero, Urbano Ruiz Laorden, Julen Ezkurra, Gorka Sierra, I\u00f1aki Moreno eta Joan Cabero. 2010ko irailetik Julio Gergelyda zuzendaria.<\/p>\n<p>Askotariko zuzendari handiekin kantatu du jendaurrean, hala nola Fern\u00e1ndezArb\u00f3s, P\u00e9rez Casas, WladimirGolscham, Jes\u00fasAr\u00e1mbarri, Lamote de Grignon, AtaulfoArgenta, JasechaHorenstein, Sir MalconSargent, Od\u00f3n Alonso, ColmanPearce, PatrickJuzeau, RosMarb\u00e1, Miguel Angel G\u00f3mezMart\u00ednez, MosheAtzmon, MstislavRostropovich, TheoAlc\u00e1ntara, MichelPlasson eta V\u00edctor Pablo P\u00e9rez.<\/p>\n<p><img loading=\"lazy\" class=\"alignright size-full wp-image-1530\" src=\"https:\/\/www.coraldebilbao.com\/wp-content\/uploads\/2014\/08\/coral-bilbao-concierto1.jpg\" alt=\"coral-bilbao-concierto\" width=\"400\" height=\"266\" \/>Espainian Wagnerren\u201cLa cena de losAp\u00f3stoles\u201d oratorioa, Brahmsen \u201cUn Requiem Alem\u00e1n\u201d, Mozarten \u201cV\u00edsperasSolmnes de Confesor\u201d, Verdiren \u201cRequiema\u201d, Mendelssohnen \u201cElias\u201d oratorioa, Smithen \u201cSalmoa\u201d, Francken \u201cLas Bienaventuranzas\u201d, Borodinen \u201cLas danzas del Pr\u00edncipe Igor\u201d, Orffen \u201cCarminaBurana\u201d. Vaughan.Williamsen \u201cHodie\u201d, Ligetiren \u201cRequiem\u201d eta Brittenen \u201cSinfonia de Primavera\u201d bezalako obra handiak estreinatu ditu. Mundu mailako estreinaldien artean Arambarriren \u201cCastilla\u201d poema, Escuderoren \u201cIlleta\u201d kantata, Gorka Sierraren \u201cGernika\u201d oratorioa eta Karmelo Bernaolaren \u201cEuskadi Euskarari Abestia\u201d obra nabarmentzen dira.<\/p>\n<p>Lirikaren eremuan ere jarduera zabala garatu da. Horien artean nabarmentzen dira Col\u00ednen \u201cMaitena\u201d opera, Usandizagaren \u201cMendi Mendiyan\u201d, Santos Intxaustiren \u201cLide eta Txidor\u201d Guridiren \u201cMirentxu\u201d eta \u201cAmaya\u201d eta Escuderoren \u201cGernika\u201d. 1991an MikisTheodorakisen \u201cMedea\u201d mundu mailako estreinaldian parte hartu zuten.<\/p>\n<p>Espainiar orkestra ia guztiekin batera egin dituzte emanaldiak, baita Moskuko Sinfonika, Portugalgo Orquesta &#8211; Radio Difusion, Burdeos &#8211; Aquitaniako Orkestra Nazionala, Capitole de Tolousekoa, Lyonekoa, Royal Philarmonic Orchestra, Budapesteko Orkestra Sinfonikoa, Berlingo Orkestra Sinfonikoa, Aquisgr\u00e1neko Orkestra Sinfonikoa, Pariseko Ganbara Orkestra, Lamoureux Orkestra, Orquesta Wiener Akademie, Szegedgo Orkestra Sinfonikoa, Tokyo Metropolitan SymphonicOrchestra eta BBC-ren Orkestra Sinfonikoarekin ere.<\/p>\n<p>Grabaketen artean, Cadaqu\u00e9s eta GianandreaNoseda Orkestrekin batera Granadosen \u201cGoyescas\u201d opera eta Bilboko SinfonikarekinGuridiren \u201cAmaya\u201d daude; Orchestre National du Capitole de Toulouse eta bere zuzendari MichelPlassonekin berriz, EMI zigiluak produzitutako eta euskal konpositoreei eskainitako CD-a.<\/p>\n<p>Editatu dituzten azkena lanak: NAXOS-entzako Malagako Orkestra Sinfonikoarekin eta bere zuzendari Alexander Rahbarirekin batera grabatutako Pucciniren \u201cTurandot\u201d opera; beste bat CLAVES-ekin, Euskadiko Orkestra Sinfonikoa eta bere zuzendari Cristian Mandealekin grabatutakoa, Pablo Sorozabalen obra ugari interpretatuz; MARO POLO-rekin, Euskadiko Orkestra Sinfonikoarekin eta bere zuzendariJuanjo MenarekinGuridiren \u201cElCaserio\u201d zarzuela; eta Espainiar Konstituzioaren XXV urteurrenaren ospakizunen harira, Senatuarentzako Kontzertua, a capella egindako sakra musika programa batekin. Era berean, DECCA-k F.Escuderoren \u201cGernika\u201d opera editatu du, Euskadiko Orkestra Sinfonikoarekin batera , baten bat aipatzearren.<\/p>\n<div class='dt-sc-hr '><\/div>\n<h2>Koralistak<\/h2>\n<p><strong>SOPRANOAK<\/strong><\/p>\n<p>Gemma Agirrezabala<\/p>\n<p><em>Haizea \u00c1lvarez<\/em><\/p>\n<p>Elisa Aurre<\/p>\n<p>Nerea Azkarate<\/p>\n<p>Ana Rosa Caballero<\/p>\n<p>Camelia Calvo<\/p>\n<p>Marta Delgado<\/p>\n<p>Sonia Delgado<\/p>\n<p>Maialen D\u00edez<\/p>\n<p>M\u00aa Eugenia Dorronsoro<\/p>\n<p>Pili F.-Villa<\/p>\n<p>Catalina Fontestad<\/p>\n<p>Nora Franco<\/p>\n<p>Marta Fuidio<\/p>\n<p>Azucena Garc\u00eda*<\/p>\n<p>Charo Geijo<\/p>\n<p>Loli Hern\u00e1ndez<\/p>\n<p>Swaantje Hinsch<\/p>\n<p>Patricia Intxaustegi<\/p>\n<p>Maria Kowalik<\/p>\n<p>Ana Laucirica<\/p>\n<p>Alazne L\u00f3pez<\/p>\n<p>Ana Teresa Mart\u00ednez<\/p>\n<p>Cristina Mendia<\/p>\n<p>M\u00aa Jes\u00fas Morales<\/p>\n<p>Larraitz Navas<\/p>\n<p>MariFeli Ormaetxea<\/p>\n<p>Gurutze Ormaetxea<\/p>\n<p>Itziar Ortega<\/p>\n<p>Josune Pastor<\/p>\n<p>Patricia Peinado<\/p>\n<p>Inma Pi\u00f1al<\/p>\n<p>Andrea Rodr\u00edguez<\/p>\n<p>Est\u00edbaliz S\u00e1nchez<\/p>\n<div class=\"dt-sc-clear\"><\/div>\n<p>&nbsp;<\/p>\n<p><strong>ALTUAK<\/strong><\/p>\n<p>Argi Abasolo<\/p>\n<p>Mercedes Almeida<\/p>\n<p>Loli Arribalzaga<\/p>\n<p>Koro Artola<\/p>\n<p>Elisa Aurre<\/p>\n<p>Itziar Bilbao<\/p>\n<p>In\u00e9s Caba\u00f1as<\/p>\n<p>Consuelo Caller<\/p>\n<p>Marilu Clemente<\/p>\n<p>Bego\u00f1a de Miguel<\/p>\n<p>Txaro Etxebarria<\/p>\n<p>Cecilia G\u00f3mez<\/p>\n<p>Asun G\u00f3mez<\/p>\n<p>Marisa Gomeza<\/p>\n<p>Cristina Gonz\u00e1lez<\/p>\n<p>Sof\u00eda Gorostiza<\/p>\n<p>Gurutze Lejarza<\/p>\n<p>Blanca M. de Luco<\/p>\n<p>Pilar Marcos<\/p>\n<p>Nerea Mart\u00ednez<\/p>\n<p>Marian M\u00e9ndez<\/p>\n<p>\u00c1ngeles Mu\u00f1oz<\/p>\n<p>Eba Ojanguren<\/p>\n<p>Bego\u00f1a Olano<\/p>\n<p>Elena Olano<\/p>\n<p>Izaskun Ozerin<\/p>\n<p>Cristina Pena<\/p>\n<p>Sonia Pert\u00ed\u00f1ez<\/p>\n<p>Luz Riancho<\/p>\n<p>Yolanda Riancho<\/p>\n<p>Paula Ruiz<\/p>\n<p>Marta San Ant\u00f3n<\/p>\n<p>Dori Sancho<\/p>\n<p>Alba Sanju\u00e1n*<\/p>\n<p>Loli Su\u00e1rez<\/p>\n<p>Nerea Ter\u00e1n<\/p>\n<p>M\u00aa Jos\u00e9 Zalbide<\/p>\n<div class=\"dt-sc-clear\"><\/div>\n<p>&nbsp;<\/p>\n<p><strong>TENOREAK\u00a0<\/strong><\/p>\n<p>Alberto Abete<\/p>\n<p>Iker Aguado<\/p>\n<p>Juan Altube<\/p>\n<p>Ander A\u00f1ibarro<\/p>\n<p>Ram\u00f3n Crespo<\/p>\n<p>Charly de Gisbert<\/p>\n<p>Aitor Elorrieta<\/p>\n<p>Fernando Estevez<\/p>\n<p>Jorge Estrade<\/p>\n<p>Jos\u00e9 Miguel Garc\u00eda<\/p>\n<p>Gerardo Gijarrubia<\/p>\n<p>Santi Gil<\/p>\n<p>Alberto Gonz\u00e1lez<\/p>\n<p>Gerardo Guijarrubia<\/p>\n<p>Jon Herrero<\/p>\n<p>I\u00f1aki Marcos<\/p>\n<p>Jordi Mart\u00ednez<\/p>\n<p><em>Aitor Mart\u00ednez<\/em><\/p>\n<p>Xabi Mendez<\/p>\n<p>Alfonso Mendizabal<\/p>\n<p>Juan Mor\u00e1n<\/p>\n<p><em>Enrique Osorio<\/em><\/p>\n<p>Yoan David Rodr\u00edguez<\/p>\n<p><em>Jon Tobalina<\/em><\/p>\n<p>David von Heeren<\/p>\n<div class=\"dt-sc-clear\"><\/div>\n<p>&nbsp;<\/p>\n<p><strong>BAXUAK<\/strong><\/p>\n<div class=\"dt-sc-clear\"><\/div>\n<p>I\u00f1aki Acero<\/p>\n<p>Jes\u00fas Arranz<\/p>\n<p>Sabas Balanzategi<\/p>\n<p>Aimar Bas\u00e1\u00f1ez<\/p>\n<p>Markos Basterretxea<\/p>\n<p>Josetxo Brey<\/p>\n<p>Txomin Chacartegui<\/p>\n<p>Ant\u00f3n Cortabitarte<\/p>\n<p>Santi Ercoreca<\/p>\n<p>Pepelu Fern\u00e1ndez<\/p>\n<p>Fernando Fern\u00e1ndez<\/p>\n<p>Jos\u00e9 Luis Gallego<\/p>\n<p>Txema Garay<\/p>\n<p><em>Julen Garc\u00eda<\/em><\/p>\n<p>Jos\u00e9 Manuel Hern\u00e1ndez<\/p>\n<p>Jaime Legorburu<\/p>\n<p>Aritz Lekerika<\/p>\n<p>Aurelio Marroqu\u00edn<\/p>\n<p>Fernando Mart\u00ednez*<\/p>\n<p>Niko Mendizabal<\/p>\n<p>Emilio Monle\u00f3n<\/p>\n<p>Iv\u00e1n P\u00e9rez-Yarza<\/p>\n<p>Gorka Pinillos<\/p>\n<p>Domingo Sanchez<\/p>\n<p>Urko Sangroniz<\/p>\n<p>Pello Teller\u00eda<\/p>\n<p>Juan Ignacio Zorrilla<\/p>\n<div class=\"dt-sc-clear\"><\/div>\n","protected":false},"excerpt":{"rendered":"<p>&nbsp; Bilboko Koral Elkartea La SociedadCoral de Bilbao-Bilboko Koral Elkartea 1886an sortu zen, musika oro har eta korala zehazki garatzeko helburuarekin. Urteekin arrakasta, sari eta prestigio handia eskuratu ditu. Bere koruak zuzendu dituzten maisuen artean daude, hasiera bateanCleto Zabala, eta ondorenean Aureliano Valle, Jes\u00fasGuridi, Arturo Inchausti, Timoteo Urrengoechea, J. M. Olaizola, Modesto Arana, Rafael Fr\u00fchbeck [&hellip;]<\/p>\n","protected":false},"author":6,"featured_media":0,"parent":2595,"menu_order":0,"comment_status":"open","ping_status":"open","template":"","meta":[],"_links":{"self":[{"href":"https:\/\/www.coraldebilbao.com\/eu\/wp-json\/wp\/v2\/pages\/2638"}],"collection":[{"href":"https:\/\/www.coraldebilbao.com\/eu\/wp-json\/wp\/v2\/pages"}],"about":[{"href":"https:\/\/www.coraldebilbao.com\/eu\/wp-json\/wp\/v2\/types\/page"}],"author":[{"embeddable":true,"href":"https:\/\/www.coraldebilbao.com\/eu\/wp-json\/wp\/v2\/users\/6"}],"replies":[{"embeddable":true,"href":"https:\/\/www.coraldebilbao.com\/eu\/wp-json\/wp\/v2\/comments?post=2638"}],"version-history":[{"count":7,"href":"https:\/\/www.coraldebilbao.com\/eu\/wp-json\/wp\/v2\/pages\/2638\/revisions"}],"predecessor-version":[{"id":24269,"href":"https:\/\/www.coraldebilbao.com\/eu\/wp-json\/wp\/v2\/pages\/2638\/revisions\/24269"}],"up":[{"embeddable":true,"href":"https:\/\/www.coraldebilbao.com\/eu\/wp-json\/wp\/v2\/pages\/2595"}],"wp:attachment":[{"href":"https:\/\/www.coraldebilbao.com\/eu\/wp-json\/wp\/v2\/media?parent=2638"}],"curies":[{"name":"wp","href":"https:\/\/api.w.org\/{rel}","templated":true}]}}