{"id":2595,"date":"2014-08-12T12:27:35","date_gmt":"2014-08-12T12:27:35","guid":{"rendered":"https:\/\/www.coraldebilbao.com\/coros-2\/"},"modified":"2014-12-12T10:48:19","modified_gmt":"2014-12-12T09:48:19","slug":"coros","status":"publish","type":"page","link":"https:\/\/www.coraldebilbao.com\/eu\/coros\/","title":{"rendered":"Koruak"},"content":{"rendered":"<script type=\"text\/javascript\">var lsjQuery = jQuery;lsjQuery(document).ready(function() {\r\nif(typeof lsjQuery.fn.layerSlider == \"undefined\") {\r\nif( window._layerSlider && window._layerSlider.showNotice) { \r\nwindow._layerSlider.showNotice('layerslider_5','jquery');\r\n}\r\n} else {\r\nlsjQuery(\"#layerslider_5\").layerSlider({sliderVersion: '', responsiveUnder: 0, layersContainer: 0, pauseOnHover: 'on', twoWaySlideshow: true, skin: 'noskin', yourLogoStyle: 'left: 10px; top: 10px;', skinsPath: 'https:\/\/www.coraldebilbao.com\/wp-content\/plugins\/LayerSlider\/static\/layerslider\/skins\/', type: 'responsive', showCircleTimer: false});\r\n}\r\n});\r\n<\/script><div id=\"layerslider_5\" class=\"ls-wp-container fitvidsignore\" style=\"width:790px;height:266px;margin:0 auto;\"><div class=\"ls-slide\" data-ls=\"duration:2000;transition2d:5;\"><img src=\"http:\/\/coraldebilbao.com\/wp-content\/uploads\/2014\/08\/coral-bilbao.jpg\" class=\"ls-bg\" alt=\"Slide background\" \/><\/div><div class=\"ls-slide\" data-ls=\"duration:2000;transition2d:5;\"><img src=\"http:\/\/coraldebilbao.com\/wp-content\/uploads\/2014\/08\/coral-euskeria.jpg\" class=\"ls-bg\" alt=\"Slide background\" \/><\/div><div class=\"ls-slide\" data-ls=\"duration:2000;transition2d:5;\"><img src=\"http:\/\/coraldebilbao.com\/wp-content\/uploads\/2014\/08\/coro-ninos.jpg\" class=\"ls-bg\" alt=\"Slide background\" \/><\/div><\/div>\n<div class='dt-sc-hr-invisible  '><\/div>\n<h2>Nork ez du Bilboko Korala entzuteko aukeraz gozatu? Zure ahotsa batu nahi diozu?  <\/h2>\n<h5>Bilboko Koral Elkartea Arte Ederretako Urrezko Dominarekin (1986), San Fernandoko Arte Ederretako Ohorezko Dominarekin (2005) eta Bilboko Hiriaren Urrezko Dominarekin (2007) saritua izan da. <\/h5>\n<p>Kantu koralaren lerro desberdindu bat daukagu, hiru koru formazio desberdinekin, haurrek, gazteek eta helduek musika koralaz baldintza paregabeetan gozatu dezaten.<br \/>\n<div class='dt-sc-hr-invisible  '><\/div>\n<div  class='column dt-sc-one-third   first' ><img loading=\"lazy\" class=\"aligncenter size-full wp-image-855\" src=\"https:\/\/www.coraldebilbao.com\/wp-content\/uploads\/2014\/08\/coro.png\" alt=\"Coral de Bilbao\" width=\"100\" height=\"66\" \/><div class='dt-sc-ico-content  type5'><h5><a href='https:\/\/www.coraldebilbao.com\/eu\/coros\/coral-de-bilbao\/' target=''> Bilboko Korala <\/a><\/h5><p>Bilboko Koral Elkartea 1886an sortu zen, musika oro har eta korala zehazki garatzeko helburuarekin. <\/p><\/div><\/div>\n<div  class='column dt-sc-one-third   ' ><img loading=\"lazy\" class=\"aligncenter size-full wp-image-855\" src=\"https:\/\/www.coraldebilbao.com\/wp-content\/uploads\/2014\/08\/coro.png\" alt=\"Euskeria Korua\" width=\"100\" height=\"66\" \/>\n<div class='dt-sc-ico-content  type5'><h5><a href='https:\/\/www.coraldebilbao.com\/eu\/coros\/coro-euskeria\/' target=''> Coro Euskeria <\/a><\/h5><p>Kontserbatorioko Koru edo haurren koruaren eta berezko Koral edo helduen koruaren tarteko urrats gisa eratu zen 1985ean. <\/p><\/div><\/div>\n<div  class='column dt-sc-one-third   ' ><img loading=\"lazy\" class=\"aligncenter size-full wp-image-855\" src=\"https:\/\/www.coraldebilbao.com\/wp-content\/uploads\/2014\/08\/coro.png\" alt=\"Coro Conservatorio Bilbao\" width=\"100\" height=\"66\" \/>\n<div class='dt-sc-ico-content  type5'><h5><a href='https:\/\/www.coraldebilbao.com\/eu\/coros\/coro-ninos\/' target=''> Coro Ni\u00f1os \/ Conservatorio <\/a><\/h5><p>Bilboko Koralaren Zuzendariak 1984ean eratua eta nagusiki Koral Elkarteko Kontserbatorioko ikasleek osatua. <\/p><\/div><\/div>\n<div class=\"dt-sc-hr-border\"><\/div>\n<div class='dt-sc-titled-box  red'><h6 class='dt-sc-titled-box-title' >  Koralista berrien izen ematea<\/h6><div class='dt-sc-titled-box-content'>Gure Koruetako batetan parte hartu nahi baduzu, formulario honen bidez zure datuak bidali itzazu: <\/p>\n<div role=\"form\" class=\"wpcf7\" id=\"wpcf7-f1868-o1\" lang=\"es-ES\" dir=\"ltr\">\n<div class=\"screen-reader-response\"><p role=\"status\" aria-live=\"polite\" aria-atomic=\"true\"><\/p> <ul><\/ul><\/div>\n<form action=\"\/eu\/wp-json\/wp\/v2\/pages\/2595#wpcf7-f1868-o1\" method=\"post\" class=\"wpcf7-form init\" novalidate=\"novalidate\" data-status=\"init\">\n<div style=\"display: none;\">\n<input type=\"hidden\" name=\"_wpcf7\" value=\"1868\" \/>\n<input type=\"hidden\" name=\"_wpcf7_version\" value=\"5.4\" \/>\n<input type=\"hidden\" name=\"_wpcf7_locale\" value=\"es_ES\" \/>\n<input type=\"hidden\" name=\"_wpcf7_unit_tag\" value=\"wpcf7-f1868-o1\" \/>\n<input type=\"hidden\" name=\"_wpcf7_container_post\" value=\"0\" \/>\n<input type=\"hidden\" name=\"_wpcf7_posted_data_hash\" value=\"\" \/>\n<input type=\"hidden\" name=\"_wpcf7cf_hidden_group_fields\" value=\"[]\" \/>\n<input type=\"hidden\" name=\"_wpcf7cf_hidden_groups\" value=\"[]\" \/>\n<input type=\"hidden\" name=\"_wpcf7cf_visible_groups\" value=\"[]\" \/>\n<input type=\"hidden\" name=\"_wpcf7cf_repeaters\" value=\"[]\" \/>\n<input type=\"hidden\" name=\"_wpcf7cf_steps\" value=\"{}\" \/>\n<input type=\"hidden\" name=\"_wpcf7cf_options\" value=\"{&quot;form_id&quot;:1868,&quot;conditions&quot;:[],&quot;settings&quot;:{&quot;animation&quot;:&quot;yes&quot;,&quot;animation_intime&quot;:200,&quot;animation_outtime&quot;:200,&quot;conditions_ui&quot;:&quot;normal&quot;,&quot;notice_dismissed&quot;:false,&quot;notice_dismissed_update-cf7-5.7.7&quot;:true}}\" \/>\n<input type=\"hidden\" name=\"idpedido\" value=\"C1776166370m\" \/>\n<input type=\"hidden\" name=\"_wpcf7_recaptcha_response\" value=\"\" \/>\n<\/div>\n<div style=\"margin-top:25px;\">\n<p style=\"width:65%;float:left;\">Nombre y Apellidos \/ <em>Izena eta Abizenak<\/em> :<span class=\"wpcf7-form-control-wrap your-name\"><input type=\"text\" name=\"your-name\" value=\"\" size=\"40\" class=\"wpcf7-form-control wpcf7-text wpcf7-validates-as-required\" aria-required=\"true\" aria-invalid=\"false\" \/><\/span> <\/p>\n<p style=\"width:30%;float:right;\">Fecha de Nacimiento \/ <em>Jaioteguna<\/em> :<span class=\"wpcf7-form-control-wrap text-150\"><input type=\"text\" name=\"text-150\" value=\"\" size=\"40\" class=\"wpcf7-form-control wpcf7-text wpcf7-validates-as-required\" aria-required=\"true\" aria-invalid=\"false\" \/><\/span><\/p>\n<p style=\"clear:both;width:48%;float:left;\">Tfno. M\u00f3vil \/ <em>Mugikorra<\/em> :<span class=\"wpcf7-form-control-wrap tel-130\"><input type=\"tel\" name=\"tel-130\" value=\"\" size=\"40\" class=\"wpcf7-form-control wpcf7-text wpcf7-tel wpcf7-validates-as-required wpcf7-validates-as-tel\" aria-required=\"true\" aria-invalid=\"false\" \/><\/span><\/p>\n<p style=\"width:48%;float:right;\"> <em>E-mail :<\/em><span class=\"wpcf7-form-control-wrap your-email\"><input type=\"email\" name=\"your-email\" value=\"\" size=\"40\" class=\"wpcf7-form-control wpcf7-text wpcf7-email wpcf7-validates-as-required wpcf7-validates-as-email\" aria-required=\"true\" aria-invalid=\"false\" \/><\/span> <\/p>\n<p style=\"clear:both;\">\u00bfHas pertenecido a otros coros? \/ <em>Beste koruren batean abestu duzu?  <\/em>:<span class=\"wpcf7-form-control-wrap textarea-786\"><textarea name=\"textarea-786\" cols=\"40\" rows=\"10\" class=\"wpcf7-form-control wpcf7-textarea\" aria-invalid=\"false\"><\/textarea><\/span><\/p>\n<p style=\"clear:both;\">Formaci\u00f3n musical (d\u00f3nde, duraci\u00f3n, etc.) \/ <em>Musika ikasketak (non, iraupena, etab.)  <\/em>:<span class=\"wpcf7-form-control-wrap textarea-269\"><textarea name=\"textarea-269\" cols=\"40\" rows=\"10\" class=\"wpcf7-form-control wpcf7-textarea\" aria-invalid=\"false\"><\/textarea><\/span><\/p>\n<p style=\"clear:both;\">\u00bfC\u00f3mo nos ha conocido? \/ <em>Nola ezagutu gaituzu?<\/em>:<span class=\"wpcf7-form-control-wrap text-910\"><input type=\"text\" name=\"text-910\" value=\"\" size=\"40\" class=\"wpcf7-form-control wpcf7-text wpcf7-validates-as-required\" aria-required=\"true\" aria-invalid=\"false\" \/><\/span><\/p>\n<\/div>\n<p><span class=\"wpcf7-form-control-wrap acceptance-373\"><span class=\"wpcf7-form-control wpcf7-acceptance\"><span class=\"wpcf7-list-item\"><input type=\"checkbox\" name=\"acceptance-373\" value=\"1\" aria-invalid=\"false\" checked=\"checked\" \/><\/span><\/span><\/span> Acepto la Pol\u00edtica de Privacidad<\/p>\n<p style=\"padding-bottom:10px;\"><input type=\"submit\" value=\"Enviar\" class=\"wpcf7-form-control wpcf7-submit\" \/><\/p>\n<div class=\"wpcf7-response-output\" aria-hidden=\"true\"><\/div><\/form><\/div><\/div><\/div>\n","protected":false},"excerpt":{"rendered":"<p>Nork ez du Bilboko Korala entzuteko aukeraz gozatu? Zure ahotsa batu nahi diozu? Bilboko Koral Elkartea Arte Ederretako Urrezko Dominarekin (1986), San Fernandoko Arte Ederretako Ohorezko Dominarekin (2005) eta Bilboko Hiriaren Urrezko Dominarekin (2007) saritua izan da. Kantu koralaren lerro desberdindu bat daukagu, hiru koru formazio desberdinekin, haurrek, gazteek eta helduek musika koralaz baldintza paregabeetan [&hellip;]<\/p>\n","protected":false},"author":6,"featured_media":0,"parent":0,"menu_order":0,"comment_status":"open","ping_status":"open","template":"","meta":[],"_links":{"self":[{"href":"https:\/\/www.coraldebilbao.com\/eu\/wp-json\/wp\/v2\/pages\/2595"}],"collection":[{"href":"https:\/\/www.coraldebilbao.com\/eu\/wp-json\/wp\/v2\/pages"}],"about":[{"href":"https:\/\/www.coraldebilbao.com\/eu\/wp-json\/wp\/v2\/types\/page"}],"author":[{"embeddable":true,"href":"https:\/\/www.coraldebilbao.com\/eu\/wp-json\/wp\/v2\/users\/6"}],"replies":[{"embeddable":true,"href":"https:\/\/www.coraldebilbao.com\/eu\/wp-json\/wp\/v2\/comments?post=2595"}],"version-history":[{"count":0,"href":"https:\/\/www.coraldebilbao.com\/eu\/wp-json\/wp\/v2\/pages\/2595\/revisions"}],"wp:attachment":[{"href":"https:\/\/www.coraldebilbao.com\/eu\/wp-json\/wp\/v2\/media?parent=2595"}],"curies":[{"name":"wp","href":"https:\/\/api.w.org\/{rel}","templated":true}]}}