{"id":22134,"date":"2022-06-01T12:00:26","date_gmt":"2022-06-01T10:00:26","guid":{"rendered":"https:\/\/www.coraldebilbao.com\/?page_id=22134"},"modified":"2022-10-26T12:44:01","modified_gmt":"2022-10-26T10:44:01","slug":"lide-ta-ixidor","status":"publish","type":"page","link":"https:\/\/www.coraldebilbao.com\/eu\/lide-ta-ixidor\/","title":{"rendered":"lidetaixidor"},"content":{"rendered":"<p>&nbsp;<\/p>\n<p><iframe title=\"YouTube video player\" src=\"https:\/\/www.youtube.com\/embed\/IPpOcl9Qhfc\" width=\"1275\" height=\"715\" frameborder=\"0\" allowfullscreen=\"allowfullscreen\"><span data-mce-type=\"bookmark\" style=\"display: inline-block; width: 0px; overflow: hidden; line-height: 0;\" class=\"mce_SELRES_start\">\ufeff<\/span><span data-mce-type=\"bookmark\" style=\"display: inline-block; width: 0px; overflow: hidden; line-height: 0;\" class=\"mce_SELRES_start\">\ufeff<\/span><span data-mce-type=\"bookmark\" style=\"display: inline-block; width: 0px; overflow: hidden; line-height: 0;\" class=\"mce_SELRES_start\">\ufeff<\/span><span data-mce-type=\"bookmark\" style=\"display: inline-block; width: 0px; overflow: hidden; line-height: 0;\" class=\"mce_SELRES_start\">\ufeff<\/span><\/iframe><\/p>\n<h1><\/h1>\n<h1 style=\"text-align: left;\">LIDE TA IXIDOR<\/h1>\n<div class=\"dt-sc-hr-border\"><\/div>\n<div  class='column dt-sc-one-half   first' ><h2><b>ERRESEINA HISTORIKOA<\/b><\/h2>\n<p>Santos Inchausti, Mungiako zuzendari eta konpositorea, Bilboko Koral Elkartearen jaiotzaren lekuko izan eta, 1898an, Aureliano Valleren agindupean, elkarteko zuzendariorde bilakatu zen. Haren\u00a0<i>Lide ta Ixidor<\/i>\u00a0lanak, koru-erakundeak eskatu zionak, ez ditu abertzaletasunaren ideariotik gertuko antzerki lirikoaren ohiko ezaugarriak; hain zuzen ere, testuko gaztelaniaren eta euskararen arteko nahastea &#8220;Bilboko dialektoa&#8221; zelakoaren adibide izan zen. Bere garaian, konposizioak kritikak eragin zituen, zenbaiten ustez libretoa pobrea zelako eta ez zuelako antzerkirako baldintzarik betetzen. Hala ere,\u00a0<i>premi\u00e9re<\/i>-aren ondoren, publikoak beste emanaldi bat eskaintzeko eskatu zuen, arratsaldeko ordutegian haurrentzat, eta erabateko arrakasta izan zuen. Estreinaldiaren ondoren beste hiru emanaldi egin ziren, eta hurrengo urtean berriz egon zen ikusgai, ziurrenik bi ekitalditara murriztuta, izandako oihartzun xumearen erakusle. Nolanahi ere, kritikak haurren koruen garrantzia nabarmendu zuen, bai eta Koral Elkarteko gazteek erakutsitako maila handia ere, bai alderdi musikalean bai dantzaren sinkronian bai Eloy Garayren jantzi eta dekoratuen aberastasunean.<\/p><\/div>\n<div  class='column dt-sc-one-half   ' ><h2><b>ARGUMENTUA<\/b><\/h2>\n<p>Istorioa Gabonetan gertatzen da, Bizkaiko Zubialde jauregitik gertuko baserri batean, eta, zalantzarik gabe, Humperdink-en H\u00e4nsel eta Gretel obran oinarrituta dago, Jesusen jaiotza eta Errege Magoen etorrera eta guzti. Lide eta Ixidor neba-arrebak bakarrik daude etxean, mahai-tresnak txikitu, eta afariko ardoa isuri dute. Gurasoek zein zigor jarriko dieten asmatu nahian dabiltzala, atso batek etxeko atea joko du; haurrek, sorgina delakoan, ez diote irekiko. Halere, atsoak etxean sartzen utz diezaioten konbentzituko ditu. Haren magalean lokartuta daudela, bat-batean jauregi batean agertuko dira neba-arrebak, jantzi dotore-dotoreak soinean. Gainera, ametsean hagaxka magiko bat dute, eta harekin opil handi-handi bat agerraraziko dute. Jaten hasiak direnean, tarta barrutik Satanito azalduko da, katu bihurtutako deabrua, neba-arrebei kalte egiteko asmoz. Ixidorrek hura uxatu, eta jauregira neba-arreben lagunak helduko dira. Haiek ere opila jaten hasiko dira, eta Satanito berriz agertuko. Ixidorrek berriro uxatuko du. Denak lorategian daudela, maitagarri urdin bat agertuko zaie, eta haren atzean Jesusen jaiotza eta Ekialdeko Erregeen etorrera. Orduan, Lide eta Ixidor esnatu eta berriro baserrian daudela jabetuko dira. Atsoarekin haserre daude, ez dutelako zer afaldu, baina hark lasaitu egingo ditu; antza denez, gurasoak itzultzen direnerako, mahaia jaki goxoz beteta egongo da. Lidek eta Ixidorrek eskerrak emango dizkiote.<\/p>\n<div class=\"dt-sc-hr-border\"><\/div><\/div>\n<div  class='column dt-sc-one-half   first' ><div id=\"attachment_22558\" style=\"width: 580px\" class=\"wp-caption aligncenter\"><img aria-describedby=\"caption-attachment-22558\" loading=\"lazy\" class=\"size-full wp-image-22558\" src=\"https:\/\/www.coraldebilbao.com\/wp-content\/uploads\/2022\/10\/Manuel-Losada-3.jpg\" alt=\"Cuadro de Manuel Losada Fiestas de Bilbao 1920 - 30\" width=\"570\" height=\"398\" srcset=\"https:\/\/www.coraldebilbao.com\/wp-content\/uploads\/2022\/10\/Manuel-Losada-3.jpg 570w, https:\/\/www.coraldebilbao.com\/wp-content\/uploads\/2022\/10\/Manuel-Losada-3-300x209.jpg 300w\" sizes=\"(max-width: 570px) 100vw, 570px\" \/><p id=\"caption-attachment-22558\" class=\"wp-caption-text\">Manuel-Losada,-Fiestas-de-Bilbao-(hacia-1920&#8212;1930).-C<\/p><\/div><\/div>\n<div  class='column dt-sc-one-half   ' ><h2><b>FITXA ARTISTIKOA<\/b><\/h2>\n<p><strong>Bilboko Koral Elkartea<\/strong><br aria-hidden=\"true\" \/><strong>Jose Luis Ormazabal<\/strong>, Haurren Koruaren zuzendaria<br aria-hidden=\"true\" \/><strong>Enrique Azurza<\/strong>, Koru Sinfonikoaren zuzendaria<br aria-hidden=\"true\" \/><strong>Euskadiko Orkestra<\/strong><br aria-hidden=\"true\" \/><strong>Juan Jos\u00e9 Oc\u00f3n<\/strong>, zuzendaria<br aria-hidden=\"true\" \/><strong>Marta Ubieta<\/strong>, sopranoa (Lide)<br aria-hidden=\"true\" \/><strong>Maite Maruri<\/strong>, mezzosopranoa (Ixidor)<br aria-hidden=\"true\" \/><strong>Olatz Saitua<\/strong>, sopranoa (Atsoa)<br aria-hidden=\"true\" \/><strong>Larraitz Navas<\/strong>, sopranoa (Maitagarria)<br aria-hidden=\"true\" \/><strong>Gorka Unamuno<\/strong>, tenorra (Satanito)<br aria-hidden=\"true\" \/><strong>Amaiur Zabaleta<\/strong> \/<strong> Aritz Lekerika<\/strong> \/ <strong>Loli Hern\u00e1ndez<\/strong>, errezitazioak<\/p>\n<p>&nbsp;<\/p><\/div>\n<div class=\"dt-sc-hr-border\"><\/div>\n<div  class='column dt-sc-one-half   first' ><p><b>Bilboko Koral Elkartea\u00a0<\/b>1886an sortu zen, musika sustatzeko helburuz, bereziki musika korala. Egun, hiru koru (haurrena, gazteena eta helduena), musika irakasteko zentro bat, eta eskola- eta gizarte-koruen sare bat biltzen ditu; proiektu honetan, 1.000 lagunek baino gehiagok parte hartzen dute. Euskal kultura kanpora zabaltzeko nahi argiarekin, Bilboko Koral Elkarteko taldeak Espainiako ia orkestra guztiekin eta nazioarteko orkestra nagusiekin batera aritu izan dira. Lurraldetik kanpoko ibilbide luzea euskal musikagileen lanari eskaintzen dion arreta bereziarekin uztartzen da, eta tokiko agertokietan ohiko taldea da. Hainbat sari jaso ditu bere lanagatik, hala nola Arte Ederren Merezimenduaren Urrezko Domina eta Bilbo Hiriko Urrezko Domina.<\/p>\n<p>&nbsp;<\/p>\n<p><b>Euskadiko Orkestra<\/b>\u00a01982an sortu zen, Eusko Jaurlaritzako Kultura Sailak herrialdeko orkestra gisa sustatuta, musika ondasun partekatua den gizartean, guztion ondare aberatsa, eta orkestra haren gordailua, zeinak, aldi berean, ondare hori dibulgatzeko eta sustatzeko konpromisoa duen. Egun, erreferentziako talde sinfonikoa da Estatu osoan, bere komunitatean izugarri finkatutako taldea; bere garaiko orkestra, zorroztasun-maila handi-handikoa eta garai guztietako musika sinfonikoaren hedapenarekin konpromiso tinkoa duena, baina euskal musikaren sorkuntzari eta hedapenari arreta berezia eskaintzen diona, hala gure mugen barruan nola kanpoan.<\/p>\n<p>&nbsp;<\/p>\n<p><b>Juan Jos\u00e9 Oc\u00f3n<\/b>\u00a0musikari donostiarrak pedagogiarekin uztartzen du orkestra-zuzendari jarduera. Oso konprometitua dago lurraldeko musikari gazteen prestakuntzarekin, Donostiako Udal Musika Eskolan irakaslea da, hiri horretako merezimenduaren domina ere badu, eta Musikeneko (Euskal Herriko Goi Mailako Musika Ikastegia) irakaslea eta, hogei urtez, EGOko (Euskal Herriko Gazte Orkestra) Zuzendari Artistiko Titularra izan da. Horrez gain, A Coru\u00f1ako Udal Bandako titularra izan da, eta Bilboko Udal Bandan, La Pamplonesa Bandan, Bilboko Orkestra Sinfonikoan, Euskadiko Orkestran, Galiziako Orkestra Sinfonikoan, Les Artseko Orkestran, Kanaria Handiko Orkestra Filarmonikoan, Bratislavako Orkestra Filarmonikoan, Moraviako Orkestra Filarmonikoan eta Letoniako Orkestra Nazionalean gonbidatua, besteak beste. Mundu korala ere ezagutzen du, eta euskal abesbatza nagusiak zuzendu izan ditu: Bilboko Koral Elkartea, Donostiako Orfeoia, Easo Abesbatza, Andra Mari Abesbatza, Landarbaso Abesbatza, etab.<\/p>\n<p>&nbsp;<\/p>\n<p><b>Marta Ubieta<\/b>\u00a0soprano bilbotarrak Bilboko Juan Cris\u00f3stomo Arriaga Kontserbatorioan egin zituen kantu- eta piano-ikasketak, non notarik onenak eta karrera amaierako kantu-saria eskuratu zituen. Abeslari-ibilbidea Anabe Hern\u00e1ndezekin hasi zuen, Bilboko Koral Elkartean -egun, espezialitateko irakaslea da bertan-, eta, ondoren, Italian Gianni Mastinorekin eta Frantzian M. Downing Whitesellekin jarraitu zuen. Lehiaketetan saritua izan da, eta La Caixa Fundazioaren eta Gran Teatro del Liceuren bekak jaso ditu. Kontzertu ugari ematen ditu lurralde espainiar osoan zehar, eta opera-agertokietan parte hartu ohi du, hala nola ABAOn, Madrilgo Errege Antzokian, Oviedoko Campoamorren, Valladolideko Calder\u00f3nen, Sevillako Maestranzan, Bilboko Arriagan, Bartzelonako Lizeoan, Donostiako Musika Hamabostaldian, Santanderko Nazioarteko Jaialdian, San Lorenzoko Jaialdian, Granadako Nazioarteko Jaialdian, etab. Orobat, Naxoserako eta Opus Arterako grabatu du, Juanjo Menaren eta Ivor Boltonen zuzendaritzapean, hurrenez hurren.<\/p>\n<p>&nbsp;<\/p><\/div>\n<div  class='column dt-sc-one-half   ' ><p>Plentziako\u00a0<b>Maite Maruri<\/b>\u00a0mezzosopranoak Bilboko Juan Cris\u00f3stomo Arriaga Kontserbatorioan hasi zituen musika-ikasketak, eta ESCM &#8211; Madrilgo Goi Mailako Kantu Eskolan jarraitu zuen ahots-hezkuntza. Ondoren, Felix Lavilla maisuarekin ikasten eta, besteak beste, Teresa Berganza eta Sophie Koch abeslarien maisu-eskolak jasotzen jarraitu zuen prestatzen. Logro\u00f1o Hiria Nazioarteko Kantu Lehiaketaren irabazlea izan da, eta Estatuko agertoki nagusietan aritu da, Madrilgo Teatro Realen, Bartzelonako Lizeoko Antzokian, Las Palmasko P\u00e9rez Galdos Antzokian, Bilboko Arriaga Antzokian eta Madrilgo Auditorium Nazionalean, kasurako, baita atzerrian ere, non Nizako Opera Antzokia eta Parisko Pleyel aretoa nabarmentzen diren. Era berean, bere ibilbidean, oratorio eta kontzertu ugaritan bakarlari parte hartu du, besteren artean Bilboko Orkestra Sinfonikoak eta OCNEk lagunduta.<\/p>\n<p>&nbsp;<\/p>\n<p><b>Olatz Saitua<\/b>\u00a0soprano bilbotarrak Deustuko Ikas-Ume eta Bilboko Koral Elkarteko abesbatzetako kide zela ekin zion bere ahots-ibilbideari, Bilboko Juan Cris\u00f3stomo Arriaga Kontserbatorioan gitarra- eta kantu-ikasketak egin bitartean. Deustuko Unibertsitatean Ekonomia eta Enpresa Zientzietan lizentziatu ondoren, kantu-ikasketak Carlo Bergonzirekin hedatu zituen, Sienako Accademia Chigianan eta Bussetoko Accademia Verdianan, eta Wilma Lippekin, berriz, Salzburgoko Mozarteumen, non opera-espezialitateko gradua eskuratu zuen. Hainbat denboraldiz, konpainia egonkorretako kidea izan zen: Salzburgoko Landestheater, Esssengo Aalto Theater, bai eta ekoizpen handietan ere, Gran Teatro del Liceun, Madrilgo Errege Antzokian, ABAOn, Oviedon, A Coru\u00f1an, Valladoliden, Tenerifen, Cosenzan, Jesin, Gelsenkirchenen, Florentzian edo Bonnen. Nabarmentzekoa da arlo sinfonikoan talde nagusiekin (Bilboko Udal Banda, BOS, Euskadiko Orkestra, ORTVE, OCNE) egin duen ibilbidea. Kantaldi ugari eskaini ditu pianoaz eta gitarraz lagunduta, eta euskal musikaz osatutako diskoak grabatu ditu.<\/p>\n<p>&nbsp;<\/p>\n<p>Galdakaoko\u00a0<b>Larraitz Navas<\/b>\u00a0sopranoak eskusoinu- eta kantu-gradu profesionala eskuratu zuen Bilboko Juan Cris\u00f3stomo Arriaga Musika Kontserbatorioan. Egun, Deustuko Unibertsitatean hezkuntza eta gizarte-laneko gradu bikoitza lortu ondoren, Bartzelonako Fundaci\u00f3 Conservatori Liceun jarraitzen ari da kantu-prestakuntza. Goi-mailako irakaskuntza hori Bizkaiko Foru Aldundiaren Musika Bekak eta Ferrer-Salat Bekak finantzatuta dago. Halaber, Euskadiko Musikari Gazteen Lehiaketan, A kategoriako bigarren saria eta B kategoriako ohorezko aipamena lortu ditu. Gaztea izan arren gizarte-arloko zereginak eta jardun artistikoa uztartzen ditu, eta nabarmengarriak dira Juan Cris\u00f3stomo Arriaga Kontserbatorioko orkestrarekin eta Bilboko Koral Elkartearekin batera bakarlari emandako kontzertuak, ABAO Txikiko eta M\u00e1s que \u00d3perako ekoizpenetan, TopLirik topaketan edo Musika-M\u00fasica Jaialdian parte hartu izana, Amadeus Bilbao Musika elkartean gazteen irakasle jardun izana, eta larrialdi humanitarioei aurre egiteko eta hala inoren kargura ez dauden adingabeak nola etxerik gabeko pertsonak hartzeko zentroetan egindako praktikak.<\/p><\/div>\n<div class=\"dt-sc-hr-border\"><\/div>\n<div  class='column dt-sc-one-half   first' ><p><img loading=\"lazy\" class=\"size-full wp-image-22521 aligncenter\" src=\"https:\/\/www.coraldebilbao.com\/wp-content\/uploads\/2022\/10\/lide-ta-ixidor.jpg\" alt=\"Lide ta Ixidor de la Coral de Bilbao\" width=\"450\" height=\"636\" srcset=\"https:\/\/www.coraldebilbao.com\/wp-content\/uploads\/2022\/10\/lide-ta-ixidor.jpg 450w, https:\/\/www.coraldebilbao.com\/wp-content\/uploads\/2022\/10\/lide-ta-ixidor-212x300.jpg 212w\" sizes=\"(max-width: 450px) 100vw, 450px\" \/><div class='dt-sc-ico-content  type2'><div class='icon'> <span class='fa fa-music'> <\/span> <\/div><h5><a href='#' target=''> LIBRETOA <\/a><\/h5><p>Libreto original<\/p>\n<a href='https:\/\/www.coraldebilbao.com\/wp-content\/uploads\/2022\/10\/LIDE-TA-IXIDOR-eus-cas.pdf' target='_blank'  class='dt-sc-button   small ' >PDF-A DESKARGATU<\/a><\/div><\/div>\n<div  class='column dt-sc-one-half   ' ><p>&nbsp;<\/p>\n<img loading=\"lazy\" class=\"alignnone size-full wp-image-22531\" src=\"https:\/\/www.coraldebilbao.com\/wp-content\/uploads\/2022\/10\/partitura-lide-ta-ixidor.jpg\" alt=\"Partitura Lide ta Ixidor\" width=\"510\" height=\"333\" srcset=\"https:\/\/www.coraldebilbao.com\/wp-content\/uploads\/2022\/10\/partitura-lide-ta-ixidor.jpg 510w, https:\/\/www.coraldebilbao.com\/wp-content\/uploads\/2022\/10\/partitura-lide-ta-ixidor-300x196.jpg 300w\" sizes=\"(max-width: 510px) 100vw, 510px\" \/>\n<div class='dt-sc-ico-content  type2'><div class='icon'> <span class='fa fa-music'> <\/span> <\/div><h5><a href='#' target=''> PARTITURA  <\/a><\/h5><a href='https:\/\/www.coraldebilbao.com\/wp-content\/uploads\/2022\/10\/00_Lide-ta-Ixidor_SCORE_compressed-1.pdf' target='_blank'  class='dt-sc-button   small ' >PDF-A DESKARGATU<\/a><\/div><\/div>\n<div class=\"dt-sc-hr-border\"><\/div>\n<div  class='dt-sc-callout-box type5 ' ><div class=\"column dt-sc-four-fifth first\"><h4>ARCHIVO FOTOGR\u00c1FICO EN FLICKR<\/h4>\n<h5>Fotos de los ensayos, presentaciones, conciertos&#8230;<\/h5><\/div><div class=\"column dt-sc-one-fifth\"><a href='https:\/\/www.flickr.com\/photos\/sociedadcoraldebilbao\/albums\/72177720299220928' class='dt-sc-button medium' target='_blank'>IKUSI<\/a><\/div><\/div>\n<div class=\"dt-sc-hr-border\"><\/div>\n<img loading=\"lazy\" class=\"size-full wp-image-22577 aligncenter\" src=\"https:\/\/www.coraldebilbao.com\/wp-content\/uploads\/2022\/10\/logos-patrocinadores-euskalopera-lide-ta-ixidor-3.jpg\" alt=\"Logos patrocinadores Lide ta Ixidor\" width=\"1000\" height=\"747\" srcset=\"https:\/\/www.coraldebilbao.com\/wp-content\/uploads\/2022\/10\/logos-patrocinadores-euskalopera-lide-ta-ixidor-3.jpg 1000w, https:\/\/www.coraldebilbao.com\/wp-content\/uploads\/2022\/10\/logos-patrocinadores-euskalopera-lide-ta-ixidor-3-300x224.jpg 300w, https:\/\/www.coraldebilbao.com\/wp-content\/uploads\/2022\/10\/logos-patrocinadores-euskalopera-lide-ta-ixidor-3-768x574.jpg 768w\" sizes=\"(max-width: 1000px) 100vw, 1000px\" \/>\n<p>&nbsp;<\/p>\n<div class=\"dt-sc-hr-border\"><\/div>\n<p>&nbsp;<\/p>\n","protected":false},"excerpt":{"rendered":"<p>&nbsp; \ufeff\ufeff\ufeff\ufeff LIDE TA IXIDOR &nbsp; &nbsp;<\/p>\n","protected":false},"author":6,"featured_media":0,"parent":0,"menu_order":0,"comment_status":"closed","ping_status":"closed","template":"","meta":[],"_links":{"self":[{"href":"https:\/\/www.coraldebilbao.com\/eu\/wp-json\/wp\/v2\/pages\/22134"}],"collection":[{"href":"https:\/\/www.coraldebilbao.com\/eu\/wp-json\/wp\/v2\/pages"}],"about":[{"href":"https:\/\/www.coraldebilbao.com\/eu\/wp-json\/wp\/v2\/types\/page"}],"author":[{"embeddable":true,"href":"https:\/\/www.coraldebilbao.com\/eu\/wp-json\/wp\/v2\/users\/6"}],"replies":[{"embeddable":true,"href":"https:\/\/www.coraldebilbao.com\/eu\/wp-json\/wp\/v2\/comments?post=22134"}],"version-history":[{"count":8,"href":"https:\/\/www.coraldebilbao.com\/eu\/wp-json\/wp\/v2\/pages\/22134\/revisions"}],"predecessor-version":[{"id":22602,"href":"https:\/\/www.coraldebilbao.com\/eu\/wp-json\/wp\/v2\/pages\/22134\/revisions\/22602"}],"wp:attachment":[{"href":"https:\/\/www.coraldebilbao.com\/eu\/wp-json\/wp\/v2\/media?parent=22134"}],"curies":[{"name":"wp","href":"https:\/\/api.w.org\/{rel}","templated":true}]}}