{"id":20111,"date":"2020-10-26T09:40:03","date_gmt":"2020-10-26T08:40:03","guid":{"rendered":"https:\/\/www.coraldebilbao.com\/?page_id=20111"},"modified":"2021-02-12T12:01:15","modified_gmt":"2021-02-12T11:01:15","slug":"bazkide-ongile","status":"publish","type":"page","link":"https:\/\/www.coraldebilbao.com\/eu\/bazkideak\/bazkide-ongile\/","title":{"rendered":"Bazkide Ongile"},"content":{"rendered":"<img loading=\"lazy\" class=\"size-full wp-image-20426 aligncenter\" src=\"https:\/\/www.coraldebilbao.com\/wp-content\/uploads\/2020\/11\/benefactores-de-la-coral-de.jpg\" alt=\"Benefactores de la sociedad coral de Bilbao\" width=\"790\" height=\"266\" srcset=\"https:\/\/www.coraldebilbao.com\/wp-content\/uploads\/2020\/11\/benefactores-de-la-coral-de.jpg 790w, https:\/\/www.coraldebilbao.com\/wp-content\/uploads\/2020\/11\/benefactores-de-la-coral-de-300x101.jpg 300w, https:\/\/www.coraldebilbao.com\/wp-content\/uploads\/2020\/11\/benefactores-de-la-coral-de-768x259.jpg 768w\" sizes=\"(max-width: 790px) 100vw, 790px\" \/>\n<h2>Zer esan nahi du Bilboko Koral Elkarteko bazkide izateak?<\/h2>\n<ul>\n<li>Musikak hunkitu egiten dituen pribilegiatu horietako bat zarela esan nahi du<\/li>\n<li>Musikaren garapena, bereziki koralarena, zaintzen duen erakunde bateko kide zarela<\/li>\n<li>Gure lurraldeko eta emanaldiak eskaintzen ditugun tokietako kultur-sareari ekarpena egiten diozula<\/li>\n<li>Zure laguntza ekonomikoa errenta-aitorpenean desgrabatu ahal izango duzula<\/li>\n<li>Informazioa jasoko duzula gure jardueraren eta ikus ditzakezun kontzertuen gainean, eta horietako batzuetan deskontuak izan ahalko dituzula<\/li>\n<\/ul>\n<h2>Bazkide ongilea Abantailak:<\/h2>\n<ul>\n<li>Entseguak ikusteko aukera<\/li>\n<li>Egoitzaren erabilera, erabilgarritasunaren arabera<\/li>\n<li>Kontzertuetarako gonbidapenak, erabilgarritasunaren arabera<\/li>\n<li>Deskontuak erakunde laguntzaileetan<\/li>\n<li>% 15eko deskontua musika-hastapen tailerrean (Musika Ikastetxea)<\/li>\n<li>Grabaketen eta urteko memoriaren bidalketa, eta bazkidearen izen-abizenak memorian<\/li>\n<\/ul>\n<div class='dt-sc-hr '><\/div>\n<h2>Zurekin k@ntatzen dugu!<\/h2>\n<div style=\"clear: both; padding-top: 25px; margin-bottom: 20px;\"><em>ELKARTEAREN helburuak ezagutzen ditudanez, bertako BAZKIDE ONGILE izan nahi dut. Horretarako urtean <span style=\"fon-size: 18px;\">180 euroko<\/span> kuota ordainduko dut.<\/em><\/div>\n<div role=\"form\" class=\"wpcf7\" id=\"wpcf7-f20096-o1\" lang=\"es-ES\" dir=\"ltr\">\n<div class=\"screen-reader-response\"><p role=\"status\" aria-live=\"polite\" aria-atomic=\"true\"><\/p> <ul><\/ul><\/div>\n<form action=\"\/eu\/wp-json\/wp\/v2\/pages\/20111#wpcf7-f20096-o1\" method=\"post\" class=\"wpcf7-form init wpcf7-acceptance-as-validation\" novalidate=\"novalidate\" data-status=\"init\">\n<div style=\"display: none;\">\n<input type=\"hidden\" name=\"_wpcf7\" value=\"20096\" \/>\n<input type=\"hidden\" name=\"_wpcf7_version\" value=\"5.4\" \/>\n<input type=\"hidden\" name=\"_wpcf7_locale\" value=\"es_ES\" \/>\n<input type=\"hidden\" name=\"_wpcf7_unit_tag\" value=\"wpcf7-f20096-o1\" \/>\n<input type=\"hidden\" name=\"_wpcf7_container_post\" value=\"0\" \/>\n<input type=\"hidden\" name=\"_wpcf7_posted_data_hash\" value=\"\" \/>\n<input type=\"hidden\" name=\"_wpcf7cf_hidden_group_fields\" value=\"[]\" \/>\n<input type=\"hidden\" name=\"_wpcf7cf_hidden_groups\" value=\"[]\" \/>\n<input type=\"hidden\" name=\"_wpcf7cf_visible_groups\" value=\"[]\" \/>\n<input type=\"hidden\" name=\"_wpcf7cf_repeaters\" value=\"[]\" \/>\n<input type=\"hidden\" name=\"_wpcf7cf_steps\" value=\"{}\" \/>\n<input type=\"hidden\" name=\"_wpcf7cf_options\" value=\"{&quot;form_id&quot;:20096,&quot;conditions&quot;:[{&quot;then_field&quot;:&quot;pagodomicilia&quot;,&quot;and_rules&quot;:[{&quot;if_field&quot;:&quot;formapago&quot;,&quot;operator&quot;:&quot;equals&quot;,&quot;if_value&quot;:&quot;Banku helbideratze&quot;}]},{&quot;then_field&quot;:&quot;pagotarjeta&quot;,&quot;and_rules&quot;:[{&quot;if_field&quot;:&quot;formapago&quot;,&quot;operator&quot;:&quot;equals&quot;,&quot;if_value&quot;:&quot;Kreditu-txartel&quot;}]},{&quot;then_field&quot;:&quot;pagobizum&quot;,&quot;and_rules&quot;:[{&quot;if_field&quot;:&quot;formapago&quot;,&quot;operator&quot;:&quot;equals&quot;,&quot;if_value&quot;:&quot;Bizum&quot;}]}],&quot;settings&quot;:{&quot;animation&quot;:&quot;yes&quot;,&quot;animation_intime&quot;:200,&quot;animation_outtime&quot;:200,&quot;conditions_ui&quot;:&quot;normal&quot;,&quot;notice_dismissed&quot;:false,&quot;notice_dismissed_update-cf7-5.7.7&quot;:true}}\" \/>\n<input type=\"hidden\" name=\"idpedido\" value=\"C1778847736s\" \/>\n<input type=\"hidden\" name=\"_wpcf7_recaptcha_response\" value=\"\" \/>\n<\/div>\n<div class=\"campoform\">Izena eta Abizenak*<span class=\"wpcf7-form-control-wrap nombre\"><input type=\"text\" name=\"nombre\" value=\"\" size=\"40\" class=\"wpcf7-form-control wpcf7-text wpcf7-validates-as-required\" id=\"nombre\" aria-required=\"true\" aria-invalid=\"false\" \/><\/span><\/div>\n<div class=\"campoform\">Helbidea*<span class=\"wpcf7-form-control-wrap direccion\"><input type=\"text\" name=\"direccion\" value=\"\" size=\"40\" class=\"wpcf7-form-control wpcf7-text wpcf7-validates-as-required\" aria-required=\"true\" aria-invalid=\"false\" \/><\/span><\/div>\n<div class=\"campoform\">\n<div class=\"twothirds\">Jaiotze-data* Ej: 00\/00\/0000<span class=\"wpcf7-form-control-wrap fechanacimiento\"><input type=\"text\" name=\"fechanacimiento\" value=\"\" size=\"40\" class=\"wpcf7-form-control wpcf7-text wpcf7-validates-as-required\" aria-required=\"true\" aria-invalid=\"false\" \/><\/span><\/div>\n<\/div>\n<div class=\"campoform\">\n<div class=\"twothirds\">Herria*<span class=\"wpcf7-form-control-wrap poblacion\"><input type=\"text\" name=\"poblacion\" value=\"\" size=\"2\" maxlength=\"80\" class=\"wpcf7-form-control wpcf7-text wpcf7-validates-as-required\" aria-required=\"true\" aria-invalid=\"false\" \/><\/span><\/div>\n<div class=\"third\">P.B.<span class=\"wpcf7-form-control-wrap codigopostal\"><input type=\"text\" name=\"codigopostal\" value=\"\" size=\"5\" maxlength=\"6\" class=\"wpcf7-form-control wpcf7-text\" aria-invalid=\"false\" \/><\/span><\/div>\n<\/div>\n<div class=\"campoform\">\n<div class=\"half\">N.A.N.<span class=\"wpcf7-form-control-wrap dni\"><input type=\"text\" name=\"dni\" value=\"\" size=\"10\" maxlength=\"10\" class=\"wpcf7-form-control wpcf7-text\" aria-invalid=\"false\" \/><\/span><\/div>\n<div class=\"half toright\">E-mail*<span class=\"wpcf7-form-control-wrap email\"><input type=\"email\" name=\"email\" value=\"\" size=\"40\" class=\"wpcf7-form-control wpcf7-text wpcf7-email wpcf7-validates-as-required wpcf7-validates-as-email\" aria-required=\"true\" aria-invalid=\"false\" \/><\/span> <\/div>\n<\/div>\n<div class=\"campoform\">\n<div class=\"half\">Telefonoa*<span class=\"wpcf7-form-control-wrap telefono\"><input type=\"tel\" name=\"telefono\" value=\"\" size=\"40\" class=\"wpcf7-form-control wpcf7-text wpcf7-tel wpcf7-validates-as-required wpcf7-validates-as-tel\" aria-required=\"true\" aria-invalid=\"false\" \/><\/span><\/div>\n<div class=\"half toright\">2 Telefonoa<span class=\"wpcf7-form-control-wrap telefono2\"><input type=\"tel\" name=\"telefono2\" value=\"\" size=\"40\" class=\"wpcf7-form-control wpcf7-text wpcf7-tel wpcf7-validates-as-tel\" aria-invalid=\"false\" \/><\/span><\/div>\n<\/div>\n<div class=\"campoform\">\n<h4 style=\"clear:both;width:96%;float:left; margin:20px 0 3px 0;\">Aukeratu nola nahi duzun ordainketa egin<\/h4>\n<div class=\"half\"><span class=\"wpcf7-form-control-wrap formapago\"><select name=\"formapago\" class=\"wpcf7-form-control wpcf7-select\" id=\"selformapago\" aria-invalid=\"false\"><option value=\"Banku helbideratze\">Banku helbideratze<\/option><option value=\"Kreditu-txartel\">Kreditu-txartel<\/option><option value=\"Bizum\">Bizum<\/option><\/select><\/span><\/div>\n<\/div>\n<input type=\"hidden\" name=\"importecuota\" value=\"180\" class=\"wpcf7-form-control wpcf7-hidden\" id=\"importecuota\" \/>\n<input type=\"hidden\" name=\"idioma\" value=\"eu\" class=\"wpcf7-form-control wpcf7-hidden\" \/>\n<div data-id=\"pagodomicilia\" data-orig_data_id=\"pagodomicilia\"  data-class=\"wpcf7cf_group\">\n<div class=\"campoform\">\n<div class=\"half\">Bankua edo Kutxa<span class=\"wpcf7-form-control-wrap banco\"><input type=\"text\" name=\"banco\" value=\"\" size=\"40\" class=\"wpcf7-form-control wpcf7-text\" aria-invalid=\"false\" \/><\/span><\/div>\n<div class=\"half toright\">Korronte zenbakia<span class=\"wpcf7-form-control-wrap numerocuenta\"><input type=\"text\" name=\"numerocuenta\" value=\"\" size=\"40\" class=\"wpcf7-form-control wpcf7-text\" aria-invalid=\"false\" \/><\/span><\/div>\n<\/div>\n<div class=\"campoform\">\n<div class=\"twothirds\">Titularraren Izena<span class=\"wpcf7-form-control-wrap titularcc\"><input type=\"text\" name=\"titularcc\" value=\"\" size=\"40\" class=\"wpcf7-form-control wpcf7-text\" aria-invalid=\"false\" \/><\/span><\/div>\n<\/div>\n<\/div>\n<div data-id=\"pagobizum\" data-orig_data_id=\"pagobizum\"  data-class=\"wpcf7cf_group\">\n<p style=\"clear:both;width:96%;float:left;margin:20px;\">Env\u00eda este formulario y espera unos segundos a que se muestre la p\u00e1gina de pago seguro de Kutxabank, donde podr\u00e1s hacer el pago con tu n\u00famero de tel\u00e9fono mediante Bizum.<\/p>\n<\/div>\n<div data-id=\"pagotarjeta\" data-orig_data_id=\"pagotarjeta\"  data-class=\"wpcf7cf_group\">\n<p style=\"clear:both;width:96%;float:left;margin:20px;\">Env\u00eda este formulario y espera unos segundos a que se muestre la p\u00e1gina de pago seguro de Kutxabank, donde podr\u00e1s hacer el pago con tu tarjeta.<\/p>\n<\/div>\n<div class=\"aceptar\">\n<p style=\"clear:both;width:96%;float:left;margin:10px 0;\"><span class=\"wpcf7-form-control-wrap acceptance-373\"><span class=\"wpcf7-form-control wpcf7-acceptance\"><span class=\"wpcf7-list-item\"><input type=\"checkbox\" name=\"acceptance-373\" value=\"1\" aria-invalid=\"false\" \/><\/span><\/span><\/span><a href=\"\/\/coraldebilbao.com\/?p=1503\" target=\"_blank\">Pribatutasun-politika<\/a> irakurri dut eta berariaz onartzen dut<\/div>\n<p><input type=\"submit\" value=\"Bidali\" class=\"wpcf7-form-control wpcf7-submit\" id=\"enviacuotasocios\" \/><\/p>\n<div class=\"wpcf7-response-output\" aria-hidden=\"true\"><\/div><\/form><\/div>\n<div id=\"resultado_fr\"><\/div>\n","protected":false},"excerpt":{"rendered":"<p>Zer esan nahi du Bilboko Koral Elkarteko bazkide izateak? Musikak hunkitu egiten dituen pribilegiatu horietako bat zarela esan nahi du Musikaren garapena, bereziki koralarena, zaintzen duen erakunde bateko kide zarela Gure lurraldeko eta emanaldiak eskaintzen ditugun tokietako kultur-sareari ekarpena egiten diozula Zure laguntza ekonomikoa errenta-aitorpenean desgrabatu ahal izango duzula Informazioa jasoko duzula gure jardueraren eta [&hellip;]<\/p>\n","protected":false},"author":6,"featured_media":0,"parent":2659,"menu_order":0,"comment_status":"closed","ping_status":"closed","template":"","meta":[],"_links":{"self":[{"href":"https:\/\/www.coraldebilbao.com\/eu\/wp-json\/wp\/v2\/pages\/20111"}],"collection":[{"href":"https:\/\/www.coraldebilbao.com\/eu\/wp-json\/wp\/v2\/pages"}],"about":[{"href":"https:\/\/www.coraldebilbao.com\/eu\/wp-json\/wp\/v2\/types\/page"}],"author":[{"embeddable":true,"href":"https:\/\/www.coraldebilbao.com\/eu\/wp-json\/wp\/v2\/users\/6"}],"replies":[{"embeddable":true,"href":"https:\/\/www.coraldebilbao.com\/eu\/wp-json\/wp\/v2\/comments?post=20111"}],"version-history":[{"count":11,"href":"https:\/\/www.coraldebilbao.com\/eu\/wp-json\/wp\/v2\/pages\/20111\/revisions"}],"predecessor-version":[{"id":20737,"href":"https:\/\/www.coraldebilbao.com\/eu\/wp-json\/wp\/v2\/pages\/20111\/revisions\/20737"}],"up":[{"embeddable":true,"href":"https:\/\/www.coraldebilbao.com\/eu\/wp-json\/wp\/v2\/pages\/2659"}],"wp:attachment":[{"href":"https:\/\/www.coraldebilbao.com\/eu\/wp-json\/wp\/v2\/media?parent=20111"}],"curies":[{"name":"wp","href":"https:\/\/api.w.org\/{rel}","templated":true}]}}