{"id":2373,"date":"2014-10-08T13:08:56","date_gmt":"2014-10-08T13:08:56","guid":{"rendered":"https:\/\/www.coraldebilbao.com\/quienes-somos\/ediciones-y-publicaciones\/"},"modified":"2025-06-27T10:39:07","modified_gmt":"2025-06-27T08:39:07","slug":"ediciones-y-publicaciones","status":"publish","type":"page","link":"https:\/\/www.coraldebilbao.com\/en\/quienes-somos\/ediciones-y-publicaciones\/","title":{"rendered":"Editions and Publications"},"content":{"rendered":"<h2>Editions and Publications<\/h2>\n<div  class='column dt-sc-one-half   first' ><div class='dt-sc-toggle-frame-set'><div class=\"dt-sc-toggle-frame\">\t<h5 class='dt-sc-toggle-accordion '><a href='#'>LIDE TA IXIDOR<\/a><\/h5>\t<div class=\"dt-sc-toggle-content\" style=\"display: none;\">\t\t<div class=\"block\"><img loading=\"lazy\" class=\"wp-image-25511 size-full alignright\" src=\"https:\/\/www.coraldebilbao.com\/wp-content\/uploads\/2025\/06\/lide-ta-ixidor-portada-2.jpg\" alt=\"Lide eta Ixidor\" width=\"150\" height=\"129\" \/><\/p>\n<h4>Lide ta Ixidor<\/h4>\n<p>Grabaci\u00f3n realizada en 2021\t\t<\/div>\t<\/div><\/div>\n<div  class='column dt-sc-one-half   first' ><\/div><div class='dt-sc-toggle-frame-set'><\/div><div class=\"dt-sc-toggle-frame\">\t<h5 class='dt-sc-toggle-accordion '><a href='#'>KANTA DAGIGUN DANOK<\/a><\/h5>\t<div class=\"dt-sc-toggle-content\" style=\"display: none;\">\t\t<div class=\"block\"><img loading=\"lazy\" class=\"wp-image-25517 size-full alignright\" src=\"https:\/\/www.coraldebilbao.com\/wp-content\/uploads\/2025\/06\/Kanta-dagigun-danok-portada.jpg\" alt=\"Kanta dagigun danok\" width=\"150\" height=\"113\" \/><\/p>\n<h4>Kanta dagigun danok<\/h4>\n<p>Grabaci\u00f3n realizada en 2021\t\t<\/div>\t<\/div><\/div>\n<div  class='column dt-sc-one-half   first' ><\/div><div class='dt-sc-toggle-frame-set'><\/div><div class=\"dt-sc-toggle-frame\">\t<h5 class='dt-sc-toggle-accordion '><a href='#'>MAITENA<\/a><\/h5>\t<div class=\"dt-sc-toggle-content\" style=\"display: none;\">\t\t<div class=\"block\"><img class=\"alignright\" src=\"https:\/\/www.coraldebilbao.com\/wp-content\/uploads\/2022\/06\/maitena-cover-coral-de-bilbao.jpg\" \/><\/p>\n<h4>Maitena<\/h4>\n<p>Grabaci\u00f3n realizada en 2020\t\t<\/div>\t<\/div><\/div>\n<div  class='column dt-sc-one-half   first' ><\/div><div class='dt-sc-toggle-frame-set'><\/div><div class=\"dt-sc-toggle-frame\">\t<h5 class='dt-sc-toggle-accordion '><a href='#'>ARGI HASTIAN<\/a><\/h5>\t<div class=\"dt-sc-toggle-content\" style=\"display: none;\">\t\t<div class=\"block\"><img class=\"alignright\" src=\"https:\/\/www.coraldebilbao.com\/wp-content\/uploads\/2022\/06\/argi-hastian-coral-de-bilbao.jpg\" \/><\/p>\n<h4>Argi hastian<\/h4>\n<p>Grabaci\u00f3n realizada en 2020\t\t<\/div>\t<\/div><\/div>\n<div class=\"dt-sc-toggle-frame\">\t<h5 class='dt-sc-toggle-accordion '><a href='#'>VELATIA<\/a><\/h5>\t<div class=\"dt-sc-toggle-content\" style=\"display: none;\">\t\t<div class=\"block\"><img loading=\"lazy\" class=\"alignright size-full wp-image-1798\" src=\"https:\/\/www.coraldebilbao.com\/wp-content\/uploads\/2014\/10\/velatia.jpg\" alt=\"velatia\" width=\"150\" height=\"136\" \/><\/p>\n<h4>VELATIA<\/h4>\n<p><strong>Various Authors<\/strong>\nSelected pieces of pop music. Exclusively edited by Velatia<\/p>\n<p>Piano: Anus Cividian \u2013 Guitar: Xabier M\u00e9ndez \u2013 Organ Hammond: Juan Ortiz \u2013 Coro Euskeria of the Bilbao Choir \u2013 Urko Sangr\u00f3niz, director<\/p>\n<p>Recorded in the rehearsal room of The choral Society of Bilbao from the 22nd to the 24th of June 2012.<\/p>\n<p>Dep. Legal Bi\/1886\/2012\t\t<\/div>\t<\/div><\/div>\n<div class=\"dt-sc-toggle-frame\">\t<h5 class='dt-sc-toggle-accordion '><a href='#'>125 Urte Kantuan<\/a><\/h5>\t<div class=\"dt-sc-toggle-content\" style=\"display: none;\">\t\t<div class=\"block\"><img loading=\"lazy\" class=\"alignright size-thumbnail wp-image-1791\" src=\"https:\/\/www.coraldebilbao.com\/wp-content\/uploads\/2014\/10\/125-Urte-Kantuan-150x150.jpg\" alt=\"125 Urte Kantuan\" width=\"150\" height=\"150\" \/><\/p>\n<h4>125 UrteKantuan\/ Singingthrough 125 years<\/h4>\n<p><strong>Various Authors<\/strong>\nA production created to commemorate the 125th anniversary of The Choral Society of Bilbao.<\/p>\n<p>The Bilbao Municipal Band \u2013 The Bilbao Choir, Coro Euskeria of the Bilbao Choir and the Conservatory Choir of the Bilbao Choir \u2013 I\u00f1akiUrkizu, director<\/p>\n<p>Recorded on the premises of EITB in Bilbao, June 2011\t\t<\/div>\t<\/div><\/div>\n<div class=\"dt-sc-toggle-frame\">\t<h5 class='dt-sc-toggle-accordion '><a href='#'>Christmas Concert BBVA<\/a><\/h5>\t<div class=\"dt-sc-toggle-content\" style=\"display: none;\">\t\t<div class=\"block\"><img loading=\"lazy\" class=\"alignright size-full wp-image-1807\" src=\"https:\/\/www.coraldebilbao.com\/wp-content\/uploads\/2014\/10\/concierto-navidad-bbva.jpg\" alt=\"concierto-navidad-bbva\" width=\"150\" height=\"134\" \/><\/p>\n<h4>Christmas Concert BBVA-125thanniversary of the Choral Society<\/h4>\n<p><strong>Various Authors<\/strong><\/p>\n<p>The Bilbao Municipal Band \u2013 The Bilbao Choir, Coro Euskeria of the Bilbao Choir and the Conservatory Choir of the Bilbao Choir \u2013 I\u00f1akiUrkizu, director<\/p>\n<p>Dep. Legal: BI-3181\/2011\nBBVA\t\t<\/div>\t<\/div><\/div>\n<div class=\"dt-sc-toggle-frame\">\t<h5 class='dt-sc-toggle-accordion '><a href='#'>Pablo Sorozabal<\/a><\/h5>\t<div class=\"dt-sc-toggle-content\" style=\"display: none;\">\t\t<div class=\"block\"><img loading=\"lazy\" class=\"alignright size-thumbnail wp-image-1779\" src=\"https:\/\/www.coraldebilbao.com\/wp-content\/uploads\/2014\/10\/21Sorozabal-150x150.jpg\" alt=\"21Sorozabal\" width=\"150\" height=\"150\" srcset=\"https:\/\/www.coraldebilbao.com\/wp-content\/uploads\/2014\/10\/21Sorozabal-150x150.jpg 150w, https:\/\/www.coraldebilbao.com\/wp-content\/uploads\/2014\/10\/21Sorozabal.jpg 190w\" sizes=\"(max-width: 150px) 100vw, 150px\" \/><\/p>\n<h4>Pablo Sorozabal<\/h4>\n<p><strong>Pablo Sorozabal (1897-1988)<\/strong>\n(Various works)<\/p>\n<p>Maite Arruabarrena, soprano \u2013 the Basque Symphony Orchestra \u2013 The Choral Society of Bilbao \u2013 Cristian Mandeal, director<\/p>\n<p>Basque Music Collection, Vol. VI\nClaves Records CD50-2205<\/p>\n<p>Rerelease: collection \u201cM\u00fasica Vasca-Euskal Musika\u201d\n2008 International Book Club\nDep. Legal S-1057-2008\t\t<\/div>\t<\/div><\/div>\n<div class=\"dt-sc-toggle-frame\">\t<h5 class='dt-sc-toggle-accordion '><a href='#'>KATIUSKA<\/a><\/h5>\t<div class=\"dt-sc-toggle-content\" style=\"display: none;\">\t\t<div class=\"block\"><img loading=\"lazy\" class=\"alignright size-thumbnail wp-image-1788\" src=\"https:\/\/www.coraldebilbao.com\/wp-content\/uploads\/2014\/10\/katiuska_edited-150x150.jpg\" alt=\"katiuska_edited\" width=\"150\" height=\"150\" \/><\/p>\n<h4>KATIUSKA<\/h4>\n<p><strong>Pablo Soroz\u00e1bal (1897-1988)<\/strong>\nZarzuela in an original play by Emilio Gonz\u00e1lez del Castillo and Manuel Martinalonso\nCritical editing by Pablo Sorozabal G\u00f3mez<\/p>\n<p>Katiuska: Maite Alberola, soprano \u2013 Pedro Starkof: \u00c1ngel Odena, baritone \u2013 Pr\u00edncipe Sergio: Jon Plazaola, tenor \u2013 Coronel Brunovich: Enrique Baquerizo, baritone \u2013 Olga: Milagros Mart\u00edn, soprano \u2013 Tatiana: Trinidad Iglesias, actress \u2013 Boni: MikeldiAtxalandabaso, tenor \u2013 Amadeo Pich: Lander Iglesias, actor<\/p>\n<p>The Symphony Orchestra of Bilbao \u2013 The Choral Society of Bilbao \u2013 David Gim\u00e9nez Carreras, musical director \u2013 Emilio Sagi, stage director<\/p>\n<p>A new production of the Arriaga Theatre in cooperation with theCalder\u00f3nTheatre in Valladolid, the CampoamorTheatre in Oviedo and the Spanish Theatre in Madrid\nRecorded in the Arriaga Theatre in Bilbao from 24th to the 29th of September 2008<\/p>\n<p>2009 Spanish Zarzuela foundation and authorization stamp SA01625<\/p>\n<p>Dep. Legal M-19657-2009- S.G.A.E.- DVD<\/p>\t\t<\/div>\t<\/div><\/div>\n<div class=\"dt-sc-toggle-frame\">\t<h5 class='dt-sc-toggle-accordion '><a href='#'>Music of the spheres<\/a><\/h5>\t<div class=\"dt-sc-toggle-content\" style=\"display: none;\">\t\t<div class=\"block\"><img loading=\"lazy\" class=\"alignright size-full wp-image-1786\" src=\"https:\/\/www.coraldebilbao.com\/wp-content\/uploads\/2014\/10\/Mike-Oldfield.jpg\" alt=\"Mike Oldfield\" width=\"160\" height=\"160\" srcset=\"https:\/\/www.coraldebilbao.com\/wp-content\/uploads\/2014\/10\/Mike-Oldfield.jpg 160w, https:\/\/www.coraldebilbao.com\/wp-content\/uploads\/2014\/10\/Mike-Oldfield-150x150.jpg 150w\" sizes=\"(max-width: 160px) 100vw, 160px\" \/><\/p>\n<h4>Music of the spheres<\/h4>\n<p><strong>Mikel Oldfield (1953-)<\/strong><\/p>\n<p>Available on CD for first time\n2 CD limited Edition\nCD 2 \u2013 Bonus Disc featuring \u201cLive at the Guggenheim\u201d performance (07.03.08)<\/p>\n<p>Hayley Westenra, soprano \u2013 Mikel Oldfield, guitar \u2013 The Symphony Orchestra of Vizcaya \u2013 The Choral Society of Bilbao (ladies choir) \u2013 Enrique Ugarte, director<\/p>\n<p>Mercury Records Limited under exclusive licence to Universal Music Classics and Jazz a division of Universal Operations Limited\nMade in EU. BIEM\/SABAM.00028947669708\nwww.mikeoldfield.com\t\t<\/div>\t<\/div><\/div>\n<div class=\"dt-sc-toggle-frame\">\t<h5 class='dt-sc-toggle-accordion '><a href='#'>GERNIKA<\/a><\/h5>\t<div class=\"dt-sc-toggle-content\" style=\"display: none;\">\t\t<div class=\"block\"><img loading=\"lazy\" class=\"alignright size-thumbnail wp-image-1776\" src=\"https:\/\/www.coraldebilbao.com\/wp-content\/uploads\/2014\/10\/gernika-150x150.jpg\" alt=\"gernika\" width=\"150\" height=\"150\" srcset=\"https:\/\/www.coraldebilbao.com\/wp-content\/uploads\/2014\/10\/gernika-150x150.jpg 150w, https:\/\/www.coraldebilbao.com\/wp-content\/uploads\/2014\/10\/gernika.jpg 190w\" sizes=\"(max-width: 150px) 100vw, 150px\" \/><\/p>\n<h4>Gernika, an opera in four acts<\/h4>\n<p><strong>Francisco Escudero (1912-2002)<\/strong><\/p>\n<p>Commisioned by The Choral Society of Bilbao in 1979\nLibreto: Francisco Escudero based it on a story by Luis Iriondo<\/p>\n<p>Gernika: Ana M\u00aa S\u00e1nchez, soprano \u2013 Podio: Manuel Lanza, baritone \u2013 Gogor: Gustavo Pe\u00f1a, tenor \u2013 Aitona: Alfonso Echevarr\u00eda, bass \u2013 Rey: Enrique Baquerizo, baritone \u2013 Publio: Fernando Cobo, tenor \u2013 Aitor\/Honor\u00edfico 2: Gorka Gerrikabeitia, tenor (*) \u2013 Aritz: Luis M\u00aa Uriarte, tenor (*) \u2013 Arkaitz: Jes\u00fas Arranz, (*) \u2013 Honorifico 1: Imanol Nebreda, tenor (*) \u2013 Heraldo\/Jefe de Tropa: UrkoSangroniz, baritone (*) \u2013 Monja: Loli Hern\u00e1ndez, soprano (*)\n(*) Components of the choir<\/p>\n<p>The Basque Symphony Orchestra \u2013 The Choral Society of Bilbao \u2013 Jos\u00e9 Ram\u00f3n Encinar, director\nRecorded in November and December 2007,at the headquarters of The Basque National Orchestra inMiram\u00f3n, Donostia-San Sebastian.<\/p>\n<p>DECCA 0028947667957. GERNIKA. Francisco Escudero 2 CDs\t\t<\/div>\t<\/div><\/div><\/div><\/div>\n<div  class='column dt-sc-one-half   ' ><div class='dt-sc-toggle-frame-set'><div class=\"dt-sc-toggle-frame\">\t<h5 class='dt-sc-toggle-accordion '><a href='#'>Arrupe<\/a><\/h5>\t<div class=\"dt-sc-toggle-content\" style=\"display: none;\">\t\t<div class=\"block\"><img loading=\"lazy\" class=\"alignright size-full wp-image-1783\" src=\"https:\/\/www.coraldebilbao.com\/wp-content\/uploads\/2014\/10\/arrupe.jpg\" alt=\"arrupe\" width=\"150\" height=\"150\" \/><\/p>\n<h4>Arrupe<\/h4>\n<p><strong>Gontzal Mend\u00edbil (1956-)<\/strong>\nArrupe, Ikuskizun Musikala\/Musical\nA production created to commemorate the centenary of the birth of Father Arrupe, superior General of the Jesuits.<\/p>\n<p>Gontzal Mendibil \u2013 Ludvig Symphony Orchestra \u2013 Orfe\u00f3n Donostiarra \u2013 the Conservatory Choir of the Bilbao Choir \u2013 Pascual Molongua \u2013 Ballet Igor Yebra \u2013 Beti Jai Alai Dantzak \u2013 Juanjo Oc\u00f3n, director<\/p>\n<p>KEINU Produkzioak LG\/DL BI 3063-07 2 CDs&amp;DVD\nEuskalduna Jauregian Zuzenean grabatua\/ Recorded at the Euskalduna Palace (14.11.07).\nwww.gontzalmendibil.com\nwww.pedroarrupe.net\t\t<\/div>\t<\/div><\/div>\n<div class=\"dt-sc-toggle-frame\">\t<h5 class='dt-sc-toggle-accordion '><a href='#'>A concertin the Church Of the Royal Convent of the Incarnation<\/a><\/h5>\t<div class=\"dt-sc-toggle-content\" style=\"display: none;\">\t\t<div class=\"block\"><img loading=\"lazy\" class=\"alignright size-full wp-image-1774\" src=\"https:\/\/www.coraldebilbao.com\/wp-content\/uploads\/2014\/10\/concierto-real-monasterio-de-la-encarnacion.jpg\" alt=\"concierto-real-monasterio-de-la-encarnacion\" width=\"150\" height=\"130\" \/><\/p>\n<h4>A concertin the Church Of the Royal Convent of the Incarnation<\/h4>\n<p>Offered by the senate with motivated by the XXV Anniversary of the Spanish Constitution<\/p>\n<p><strong>Various Authors<\/strong><\/p>\n<p>Organist, Gerardo Rif\u00f3n \u2013 The Choral Society of Bilbao \u2013 Gorka Sierra, director<\/p>\n<p>Recorded in the Church Of the Royal Convent of the Incarnation in Madrid, 31 October 2003\nStudio \u201cUncle Pete\u201d\t\t<\/div>\t<\/div><\/div>\n<div class=\"dt-sc-toggle-frame\">\t<h5 class='dt-sc-toggle-accordion '><a href='#'>TURANDOT<\/a><\/h5>\t<div class=\"dt-sc-toggle-content\" style=\"display: none;\">\t\t<div class=\"block\"><img loading=\"lazy\" class=\"alignright size-full wp-image-1759\" src=\"https:\/\/www.coraldebilbao.com\/wp-content\/uploads\/2014\/10\/cd-turandot.gif\" alt=\"cd-turandot\" width=\"120\" height=\"120\" \/><\/p>\n<h4>TURANDOT<\/h4>\n<p><strong>G. Puccini (1858-1924)<\/strong>\nAn opera in three acts<\/p>\n<p>Princess Turandot: Giovanna Casolla, soprano \u2013 Calaf: LandoBartolini, tenor \u2013 Liu: MasakoDeguci, soprano \u2013 El emperador: Francisco Heredia, tenor \u2013 Timur: Felipe Bou, bass \u2013 Ping: Armando Ariostini, baritone \u2013 Pang: Javier M\u00e1s, tenor \u2013 Pong: Vincen\u00e7 Esteve, tenor \u2013 Mandar\u00edn: Jos\u00e9 A. Garc\u00eda-Quijada, baritone \u2013 Pr\u00edncipe de Persia: Gorka Gerrikabeitia, tenor (*) \u2013 Sirvientas: Bego\u00f1a Lapatzaand Ola Revuelta, sopranos (*)\n(*) Choir Components<\/p>\n<p>The Malaga Philharmonic Orchestra \u2013 The Choir of Santa Maria de la Victoria \u2013 The Choral Society of Bilbao \u2013 Alexander Rahbari, director<\/p>\n<p>Recorded in the Miguel de Cervantes Municipal Theatre inMalaga, 26thand 27thofOctober 2001\nNAXOS-Collection of Opera Classics 8.660089-90 \/ 2 CDs<\/p>\n<p>2003 HNH International Ltd.\t\t<\/div>\t<\/div><\/div>\n<div class=\"dt-sc-toggle-frame\">\t<h5 class='dt-sc-toggle-accordion '><a href='#'>REQUIEM<\/a><\/h5>\t<div class=\"dt-sc-toggle-content\" style=\"display: none;\">\t\t<div class=\"block\"><img loading=\"lazy\" class=\"alignright size-full wp-image-1769\" src=\"https:\/\/www.coraldebilbao.com\/wp-content\/uploads\/2014\/10\/requiem1.jpg\" alt=\"requiem\" width=\"150\" height=\"132\" \/><\/p>\n<h4>REQUIEM<\/h4>\n<p><strong>Giuseppe Verdi (1813-1901)<\/strong>\nRequiem\nA Homaje to Alfredo Kraus<\/p>\n<p>Soprano: Carmen Ribera \u2013 Mezzo-soprano: Antonella Dalla Pozza \u2013 Tenor: Miguel Olano \u2013 Bass: Elia Todisco<\/p>\n<p>The Philharmonic Orchestra of Spain \u2013 The Choral Society of Bilbao \u2013 PascualOsa, director<\/p>\n<p>Recorded live in the Arriaga Theatre in Bilbao on September 10th 2001<\/p>\n<p>Alfredo KrausOmenaldia LCD-059 2 CDs\nEstudios TIO PETE \u2013 Dep. Legal BI-2710-01\t\t<\/div>\t<\/div><\/div>\n<div class=\"dt-sc-toggle-frame\">\t<h5 class='dt-sc-toggle-accordion '><a href='#'>The Hamlet<\/a><\/h5>\t<div class=\"dt-sc-toggle-content\" style=\"display: none;\">\t\t<div class=\"block\"><img loading=\"lazy\" class=\"alignright size-thumbnail wp-image-1765\" src=\"https:\/\/www.coraldebilbao.com\/wp-content\/uploads\/2014\/10\/El-Caserio-150x150.jpg\" alt=\"El-Caserio\" width=\"150\" height=\"150\" \/><\/p>\n<h4>The Hamlet<\/h4>\n<p><strong>Jes\u00fas Guridi (1886-1961)<\/strong>\nA lyrical comedy in three acts\nLibreto by Federico Romero and Guillermo Fern\u00e1ndez Shaw<\/p>\n<p>Santi: Vicente Sardinero, baritone \u2013 Ana Mari: Ana Rodrigo, soprano \u2013 Jos\u00e9 Miguel: Emilio S\u00e1nchez, tenor \u2013 Chom\u00edn: Felipe Nieto, tenor \u2013 Don Leoncio\/\u2026: Felipe Nieto, tenor \u2013 Eustasia\/\u2026: Mar\u00eda Jos\u00e9 Su\u00e1rez, soprano<\/p>\n<p>The Symphony Orchestra of Bilbao \u2013 The Choral Society of Bilbao \u2013 Juanjo Mena, director<\/p>\n<p>Recorded in the Jes\u00fasGuridiConservatory in Vitoria-Gasteizfrom the 20th to the 23rd of August 2001\nCollection: Basque Classics DEIA Euskal Klasikoak<\/p>\n<p>2003 Marco Polo &amp;Naxos Hisp\u00e1nica, S.L.\t\t<\/div>\t<\/div><\/div>\n<div class=\"dt-sc-toggle-frame\">\t<h5 class='dt-sc-toggle-accordion '><a href='#'>AMETS EGIN<\/a><\/h5>\t<div class=\"dt-sc-toggle-content\" style=\"display: none;\">\t\t<div class=\"block\"><img loading=\"lazy\" class=\"alignright size-full wp-image-1795\" src=\"https:\/\/www.coraldebilbao.com\/wp-content\/uploads\/2014\/10\/amets-egin.jpg\" alt=\"amets-egin\" width=\"150\" height=\"131\" \/><\/p>\n<h4>AMETS EGIN<\/h4>\n<p><strong>Various Authors<\/strong>\nSongs for a Musical Education<\/p>\n<p>The Conservatory Choir of Bilbao\nRecoreded betweenJune 2000 and March 2001, en los in the studios \u201cUncle Pete\u201d in Urduliz\nLCD-048 Dep. Legal Bi-1143-01\t\t<\/div>\t<\/div><\/div>\n<div class=\"dt-sc-toggle-frame\">\t<h5 class='dt-sc-toggle-accordion '><a href='#'>10 BASQUE MELODIES<\/a><\/h5>\t<div class=\"dt-sc-toggle-content\" style=\"display: none;\">\t\t<div class=\"block\"><img loading=\"lazy\" class=\"alignright size-full wp-image-1753\" src=\"https:\/\/www.coraldebilbao.com\/wp-content\/uploads\/2014\/10\/diez-melodias-vascas.gif\" alt=\"diez melodias vascas\" width=\"110\" height=\"110\" \/><\/p>\n<h4>10 BASQUE MELODIES<\/h4>\n<p><strong>Jes\u00fas Guridi (1886-1961)<\/strong>\n<strong>So sing the boys<\/strong><\/p>\n<p>The Bilbao Symphony Orchestra \u2013 The Conservatory Choir of The Bilbao Choir \u2013 Juanjo Mena, director<\/p>\n<p>Recorded in the Euskalduna Palace between the 26th and the 30th of June 2000\nPublished by Marco Plo&amp; Naxos Iberica, S.L. for DEIA\nCollection: Basque Classics DEIA EuskalKlasikoak\nDep. Legal Bi-48024-2000<\/p>\n<p>Rerelease: JES\u00daS GURIDI \u201cTen Basques Melodies-Thus sing the children\u201d\nSpanish Classics Collection 8.557110<\/p>\n<p>Reedici\u00f3n: JES\u00daS GURIDI \u201cTen Basques Melodies-Thus sing the children\u201d\nColecci\u00f3n Spanish Classics 8.557110\t\t<\/div>\t<\/div><\/div>\n<div class=\"dt-sc-toggle-frame\">\t<h5 class='dt-sc-toggle-accordion '><a href='#'>AGUR JAUNAK<\/a><\/h5>\t<div class=\"dt-sc-toggle-content\" style=\"display: none;\">\t\t<div class=\"block\"><img loading=\"lazy\" class=\"alignright size-thumbnail wp-image-1744\" src=\"https:\/\/www.coraldebilbao.com\/wp-content\/uploads\/2014\/10\/Agur-JAunak-150x150.jpg\" alt=\"Agur JAunak\" width=\"150\" height=\"150\" \/><\/p>\n<h4>AGUR JAUNAK-Musiques Basques<\/h4>\n<p><strong>Various Authors<\/strong><\/p>\n<p>OlatzSaitua, soprano \u2013 The Capitole de Toulouse Orchestra \u2013 The Choral Society of Bilbao \u2013 Michel Plasson, director<\/p>\n<p>Recorded in the Halle aux grains of Toulouse in December 1998<\/p>\n<p>EMI Classics \u2013 7243 5 56876 2 3 1999 EMI Records Ltd.\t\t<\/div>\t<\/div><\/div>\n<div class=\"dt-sc-toggle-frame\">\t<h5 class='dt-sc-toggle-accordion '><a href='#'>AMAYA<\/a><\/h5>\t<div class=\"dt-sc-toggle-content\" style=\"display: none;\">\t\t<div class=\"block\"><img loading=\"lazy\" class=\"alignright size-thumbnail wp-image-1749\" src=\"https:\/\/www.coraldebilbao.com\/wp-content\/uploads\/2014\/10\/amaya-150x150.jpg\" alt=\"amaya\" width=\"150\" height=\"150\" srcset=\"https:\/\/www.coraldebilbao.com\/wp-content\/uploads\/2014\/10\/amaya-150x150.jpg 150w, https:\/\/www.coraldebilbao.com\/wp-content\/uploads\/2014\/10\/amaya.jpg 250w\" sizes=\"(max-width: 150px) 100vw, 150px\" \/><\/p>\n<h4>AMAYA<\/h4>\n<p><strong>Jes\u00fas Guridi (1886-1961)<\/strong><\/p>\n<p>A lyrical drama in three acts with epilogue\nLibreto: based on the novel of the same name by Navarro Villosladatranslated into Spanish by Jos\u00e9 Mar\u00edaArroita-J\u00e1uregui.<\/p>\n<p>Amaya: Rebecca Copley, soprano \u2013 Amagoya: Marianne Cornetti, mezzo-soprano \u2013 Paula\/\u2026:ItxaroMentxaka, mezzo-soprano \u2013 Teodosio: Cesar Hern\u00e1ndez, tenor \u2013 Asier: Rosendo Flores, bass \u2013 Miguel\/\u2026: Carlos Conde, baritone \u2013 Escudero 1\/\u2026: Agenl Pazos, tenor \u2013 Un anciano\/\u2026: Gorka Robles, tenor<\/p>\n<p>The Bilbao Symphony Orchestra \u2013 The Choral Society of Bilbao \u2013 Theo Alc\u00e1ntara, director<\/p>\n<p>Recorded: Arriaga Theatre in Bilbao 20th to the 27th of June 1998\nNAXOS<\/p>\n<p>Dep. Legal B-47752-1999 2 CDs\t\t<\/div>\t<\/div><\/div>\n<div class=\"dt-sc-toggle-frame\">\t<h5 class='dt-sc-toggle-accordion '><a href='#'>GOYESCAS<\/a><\/h5>\t<div class=\"dt-sc-toggle-content\" style=\"display: none;\">\t\t<div class=\"block\"><img loading=\"lazy\" class=\"alignright size-full wp-image-1725\" src=\"https:\/\/www.coraldebilbao.com\/wp-content\/uploads\/2014\/10\/Goyescas.jpg\" alt=\"Goyescas\" width=\"89\" height=\"89\" \/><\/p>\n<h4>Goyescas o Los Majos Enamorados<\/h4>\n<p><strong>Enric Granados (1867-1916)<\/strong><\/p>\n<p>An opera in three acts\nLibretto by Fernando Periquet\nOrchestration revised by Albert Guinovart<\/p>\n<p>Rosario: Carmen Gonz\u00e1lez, soprano \u2013 Fernando: Josep Ruiz, tenor \u2013 Pepa: Maite Arruabarrena, mezzo-soprano \u2013 Paquiro: Alfonso Echevarria, bass<\/p>\n<p>The Cadaqu\u00e9s Orchestra \u2013 The Choral Society of Bilbao \u2013 Gianandrea Noseda, director<\/p>\n<p>Recorded in the Enric Granados Auditorium in Lleida commemorating the 700th anniversary of the University of Lleida, 21st and 22nd of April 1997<\/p>\n<p>TR 0002 \u2013 1997 TRIT\u00d3, S.L.<\/p>\n<p>Reedici\u00f3n Dep. legal B.34616-2007\t\t<\/div>\t<\/div><\/div>\n<div class=\"dt-sc-toggle-frame\">\t<h5 class='dt-sc-toggle-accordion '><a href='#'>Cantata-Divertimento<\/a><\/h5>\t<div class=\"dt-sc-toggle-content\" style=\"display: none;\">\t\t<div class=\"block\"><img loading=\"lazy\" class=\"alignright size-full wp-image-1712\" src=\"https:\/\/www.coraldebilbao.com\/wp-content\/uploads\/2014\/10\/Alegrias.jpg\" alt=\"Alegrias\" width=\"110\" height=\"110\" srcset=\"https:\/\/www.coraldebilbao.com\/wp-content\/uploads\/2014\/10\/Alegrias.jpg 160w, https:\/\/www.coraldebilbao.com\/wp-content\/uploads\/2014\/10\/Alegrias-150x150.jpg 150w\" sizes=\"(max-width: 110px) 100vw, 110px\" \/><\/p>\n<h4>Cantata-Divertimento<\/h4>\n<p><strong>Ant\u00f3n Garc\u00eda Abril (1933-)<\/strong><\/p>\n<p>Josefina Brivio, mezzo-soprano \u2013 David Abeij\u00f3n, reciter-child \u2013 The Symphony Orchestra of Galicia \u2013 V\u00edctor Pablo, director<\/p>\n<p>Recorded in the Palace of Congress-Auditorium in La Coru\u00f1a, in December 1995<\/p>\n<p>July 1997 Foundation Authorization 97032 7<\/p>\n<p>Rerelease: 2000 IberautorCultural Promotions, S.R.L.\t\t<\/div>\t<\/div><\/div>\n<div class=\"dt-sc-toggle-frame\">\t<h5 class='dt-sc-toggle-accordion '><a href='#'>HORODIAS<\/a><\/h5>\t<div class=\"dt-sc-toggle-content\" style=\"display: none;\">\t\t<div class=\"block\"><img loading=\"lazy\" class=\"alignright size-full wp-image-1701\" src=\"https:\/\/www.coraldebilbao.com\/wp-content\/uploads\/2014\/10\/Herodiade.jpg\" alt=\"Herodiade\" width=\"104\" height=\"90\" \/><\/p>\n<h4>HORODIAS<\/h4>\n<p><strong>Jules Massenet<\/strong>\nAn opera in four acts with libretto in French, written by Paul Millet and Henry Grumont, based on the novel of the same name by Gustave Flaubert<\/p>\n<p>Salome: CerrilStuder, soprano \u2013 H\u00e9rodiade: Nadine Dense, mezzo-soprano \u2013 Jean: Ben Heppner, tenor \u2013 H\u00e8rode: Thomas Hampson, baritone \u2013 Phanuel: Jos\u00e9 Van Dam, bass<\/p>\n<p>Choir Orchestra of Capitole de Toulouse \u2013 The choral Society of Bilbao \u2013 Michel Plasson, director<\/p>\n<p>Recorded at the Halle aux grains of Toulouse in December 1994\nEMI Classics \u2013 3 CDs B 0000252VI\nRerelease: Warner Classics in 2012\t\t<\/div>\t<\/div><\/div>\n<div  class='column dt-sc-one-half   first' ><\/div><div class='dt-sc-toggle-frame-set'><\/div><div class=\"dt-sc-toggle-frame\">\t<h5 class='dt-sc-toggle-accordion '><a href='#'>Misa Criolla<\/a><\/h5>\t<div class=\"dt-sc-toggle-content\" style=\"display: none;\">\t\t<div class=\"block\"><img loading=\"lazy\" class=\"alignright size-full wp-image-1695\" src=\"https:\/\/www.coraldebilbao.com\/wp-content\/uploads\/2014\/10\/Misa-Criolla.jpg\" alt=\"Misa Criolla\" width=\"90\" height=\"90\" \/><\/p>\n<h4>Misa Criolla-Our Christmas<\/h4>\n<p><strong>Ariel Ram\u00edrez<\/strong><\/p>\n<p>Jos\u00e9 Carreras, tenor \u2013 Percussion: Group Huancava \u2013 Piano: Ariel Ram\u00edrez<\/p>\n<p>Coral Salve de Laredo \u2013 The Choral Society of Bilbao<\/p>\n<p>Recorded at the Shrine of Good AppreciationinAmpueroin July 1987<\/p>\n<p>Phillips Digital Classics 420 955-1 \u2013 Lp. Album 1988\t\t<\/div>\t<\/div><\/div><\/div><\/div>\n","protected":false},"excerpt":{"rendered":"<p>Editions and Publications<\/p>\n","protected":false},"author":6,"featured_media":0,"parent":2329,"menu_order":4,"comment_status":"open","ping_status":"open","template":"","meta":[],"_links":{"self":[{"href":"https:\/\/www.coraldebilbao.com\/en\/wp-json\/wp\/v2\/pages\/2373"}],"collection":[{"href":"https:\/\/www.coraldebilbao.com\/en\/wp-json\/wp\/v2\/pages"}],"about":[{"href":"https:\/\/www.coraldebilbao.com\/en\/wp-json\/wp\/v2\/types\/page"}],"author":[{"embeddable":true,"href":"https:\/\/www.coraldebilbao.com\/en\/wp-json\/wp\/v2\/users\/6"}],"replies":[{"embeddable":true,"href":"https:\/\/www.coraldebilbao.com\/en\/wp-json\/wp\/v2\/comments?post=2373"}],"version-history":[{"count":2,"href":"https:\/\/www.coraldebilbao.com\/en\/wp-json\/wp\/v2\/pages\/2373\/revisions"}],"predecessor-version":[{"id":25522,"href":"https:\/\/www.coraldebilbao.com\/en\/wp-json\/wp\/v2\/pages\/2373\/revisions\/25522"}],"up":[{"embeddable":true,"href":"https:\/\/www.coraldebilbao.com\/en\/wp-json\/wp\/v2\/pages\/2329"}],"wp:attachment":[{"href":"https:\/\/www.coraldebilbao.com\/en\/wp-json\/wp\/v2\/media?parent=2373"}],"curies":[{"name":"wp","href":"https:\/\/api.w.org\/{rel}","templated":true}]}}