{"id":2359,"date":"2014-08-18T10:11:31","date_gmt":"2014-08-18T10:11:31","guid":{"rendered":"https:\/\/www.coraldebilbao.com\/quienes-somos\/historia\/"},"modified":"2014-12-10T14:08:38","modified_gmt":"2014-12-10T13:08:38","slug":"historia","status":"publish","type":"page","link":"https:\/\/www.coraldebilbao.com\/en\/quienes-somos\/historia\/","title":{"rendered":"History"},"content":{"rendered":"<h2>History<br \/>\n<em><img loading=\"lazy\" class=\"alignright size-full wp-image-1330\" src=\"https:\/\/www.coraldebilbao.com\/wp-content\/uploads\/2014\/08\/historia1.jpg\" alt=\"historia\" width=\"450\" height=\"301\" srcset=\"https:\/\/www.coraldebilbao.com\/wp-content\/uploads\/2014\/08\/historia1.jpg 450w, https:\/\/www.coraldebilbao.com\/wp-content\/uploads\/2014\/08\/historia1-300x200.jpg 300w\" sizes=\"(max-width: 450px) 100vw, 450px\" \/>1886-2014<\/em><\/h2>\n<h5>Founded as the Orfe\u00f3n Bilbaino in June 1886, and later renamed the Sociedad Coral de Bilbao on the 3rd of August that same year, it was formed with the aim of promoting awareness and spreading music in general, choir singing in particular<\/h5>\n<div class=\"dt-sc-clear\"><\/div>\n<div class='dt-sc-toggle-frame-set'><h5 class='dt-sc-toggle-accordion '><a href='#'>Early Performances<\/a><\/h5><div class=\"dt-sc-toggle-content\" style=\"display: none;\"><div class=\"block\"><a href=\"https:\/\/www.coraldebilbao.com\/wp-content\/uploads\/2014\/08\/1certamenes.jpg\"><img loading=\"lazy\" src=\"https:\/\/www.coraldebilbao.com\/wp-content\/uploads\/2014\/08\/1certamenes-300x161.jpg\" alt=\"1certamenes\" width=\"300\" height=\"161\" class=\"alignleft size-medium wp-image-1583\" srcset=\"https:\/\/www.coraldebilbao.com\/wp-content\/uploads\/2014\/08\/1certamenes-300x161.jpg 300w, https:\/\/www.coraldebilbao.com\/wp-content\/uploads\/2014\/08\/1certamenes.jpg 789w\" sizes=\"(max-width: 300px) 100vw, 300px\" \/><\/a>From its early beginnings it showed its promiseon a national and international stage, participating in the following events:<\/p>\n<p>&#8211; Grand International Music Competition, he City of San Sebastian (1886) <\/br>\n&#8211; The International Choir Competition in Madrid (1887) <\/br>\n&#8211; The International Choir Competition of the Basque Festivals in Gernika (1888) <\/br>\n&#8211; The International Choir Competition in Barcelona (1888) <\/br>\n&#8211; The International Choir Competition in Santander (1890) <\/br>\nGrand International Music Competition in San Sebastian (1890) <\/br>\n&#8211; Grand International Music Competition of Harmony Music, Fanfares and Choirsin San Juan de Luz (1891) <\/br>\n&#8211; Commemorative Competition for the 5th Centenary of the Discovery of America, Madrid (1892) <\/br>\n&#8211; The International Choir Competition at the Universal exposition in Barcelona (1892) <\/br>\n&#8211; Grand International Music Competition, of Harmony Music, Fanfares and students inla Ville de Biarritz (1893) <\/br>\n&#8211; The International competition of Choirs and Bands in Pamplona (1894) <\/br>\n&#8211; Grand National and International Music Competitionin la Ville de Marseille (1897) <\/br>\n&#8211; Grand International Music Competition, Choirs, Harmonies, Fanfares in la Ville de Bordeaux (1898) <\/br>\n&#8211; Grand International Music Competition in the City of San Sebastian (1902) <\/br>\n&#8211; Grand International Music Competitionin la Ville de Bordeaux (1904) <\/br>\n&#8211; The International Choral Competitionin la Ville de Verviers, Belguim (1905) <\/br>\nAchieving First Place in all.<\/div><\/div>\n<h5 class='dt-sc-toggle-accordion '><a href='#'>1905, the Promotion of the Basque Voice<\/a><\/h5><div class=\"dt-sc-toggle-content\" style=\"display: none;\"><div class=\"block\"><a href=\"http:\/\/coraldebilbao.com\/wp-content\/uploads\/2014\/08\/2lirica.jpg\"><img loading=\"lazy\" src=\"http:\/\/coraldebilbao.com\/wp-content\/uploads\/2014\/08\/2lirica-300x190.jpg\" alt=\"2lirica\" width=\"300\" height=\"190\" class=\"alignright size-medium wp-image-1586\" srcset=\"https:\/\/www.coraldebilbao.com\/wp-content\/uploads\/2014\/08\/2lirica-300x190.jpg 300w, https:\/\/www.coraldebilbao.com\/wp-content\/uploads\/2014\/08\/2lirica.jpg 800w\" sizes=\"(max-width: 300px) 100vw, 300px\" \/><\/a>\nSince 1905,the initial choir has incorporated, definitively and permanently the female voice, resulting in a mixed choir with 200 choristers, and bringing in a new era, and refuses to compete in competitions. During this period, the Choral Society of Bilbaoassumed responsibility of promoting Basque Operas, premiering:\n&#8211;\u00a0\u00a0\u00a0\u00a0\u00a0\u00a0 <em>Maitena<\/em>, de Charles Colin (1909)\n&#8211;\u00a0\u00a0\u00a0\u00a0\u00a0\u00a0 <em>Mendi Mendiyan<\/em>, by Jos\u00e9 M\u00aa Usandizaga (1910)\n&#8211;\u00a0\u00a0\u00a0\u00a0\u00a0\u00a0 <em>Lide ta Ixidor<\/em>, by Santos de Inchausti (1910)\n&#8211;\u00a0\u00a0\u00a0\u00a0\u00a0\u00a0 <em>Mirentxu<\/em>, by Jes\u00fas Guridi (1910)\n&#8211;\u00a0\u00a0\u00a0\u00a0\u00a0\u00a0 <em>Deboika<\/em>, by Jos\u00e9 Power and Pedro Mart\u00ednez (1914)\n&#8211;\u00a0\u00a0\u00a0\u00a0\u00a0\u00a0 <em>Amaya<\/em>, by Jes\u00fas Guridi (1920)<\/p>\n<p>Through our ups and downsand times of good and bad fortune, we aspire to our dreams of days of perfection.<\/p><\/div><\/div>\n<h5 class='dt-sc-toggle-accordion '><a href='#'>Directors<\/a><\/h5><div class=\"dt-sc-toggle-content\" style=\"display: none;\"><div class=\"block\"><a href=\"https:\/\/www.coraldebilbao.com\/wp-content\/uploads\/2014\/08\/3directores.jpg\"><img loading=\"lazy\" src=\"https:\/\/www.coraldebilbao.com\/wp-content\/uploads\/2014\/08\/3directores-300x199.jpg\" alt=\"3directores\" width=\"300\" height=\"199\" class=\"alignleft size-medium wp-image-1589\" srcset=\"https:\/\/www.coraldebilbao.com\/wp-content\/uploads\/2014\/08\/3directores-300x199.jpg 300w, https:\/\/www.coraldebilbao.com\/wp-content\/uploads\/2014\/08\/3directores.jpg 800w\" sizes=\"(max-width: 300px) 100vw, 300px\" \/><\/a>Those that have directed the Choral Society of Bilbao, amongst others, have been the maestros: Cleto Zavala, Aureliano Valle, Jes\u00fas Guridi, Arturo Inchausti, Jes\u00fas Ar\u00e1mbarri, Modesto Arana, Rafael Fr\u00fchbeck de Burgos, Gorka Sierra, I\u00f1aki Moreno, Joan Cabero y, en la actualidad, Julio Gergely.<\/p>\n<p>Sus coros han actuado a las \u00f3rdenes de directores de orquesta de reconocido prestigio internacional como: Ataulfo Argenta, Enrique Fern\u00e1ndez Arb\u00f3s, Bartolom\u00e9 P\u00e9rez Casas, Wladimir Golscham, Juan Lamote de Grignon, Jasecha Horenstein, Sir Malcom Sargent, Od\u00f3n Alonso, Enrique Garc\u00eda Asensio, Antoni Ros Marb\u00e1, Miguel \u00c1ngel G\u00f3mez Mart\u00ednez, Mstislav Rostropovich, Theo Alc\u00e1ntara, Michel Plasson, V\u00edctor Pablo P\u00e9rez, Jan Lathan-Koening, Aldo Ceccato, George Prete, John Nelson, Uriel Segal, Josep Pons, Arturo Tamayo, Jos\u00e9 Ram\u00f3n Encinar, Jerzy Semkow, Juanjo Mena, Yutaka Sado, Martin Haselb\u00f6ck, Michiyoshi Inoue, Christoph Spering and Jiri Belohlavek.<\/div><\/div>\n<h5 class='dt-sc-toggle-accordion '><a href='#'>Relevant Releases<\/a><\/h5><div class=\"dt-sc-toggle-content\" style=\"display: none;\"><div class=\"block\"><a href=\"https:\/\/www.coraldebilbao.com\/wp-content\/uploads\/2014\/08\/4estrenos.jpg\"><img loading=\"lazy\" src=\"http:\/\/coraldebilbao.com\/wp-content\/uploads\/2014\/08\/4estrenos-300x225.jpg\" alt=\"4estrenos\" width=\"300\" height=\"225\" class=\"alignright size-medium wp-image-1592\" srcset=\"https:\/\/www.coraldebilbao.com\/wp-content\/uploads\/2014\/08\/4estrenos-300x225.jpg 300w, https:\/\/www.coraldebilbao.com\/wp-content\/uploads\/2014\/08\/4estrenos.jpg 800w\" sizes=\"(max-width: 300px) 100vw, 300px\" \/><\/a>The Choral Society of Bilbao has premiered <strong>in Spain<\/strong>:<\/p>\n<p>&#8211;\u00a0\u00a0\u00a0\u00a0\u00a0\u00a0 <em>The Beautitudes <\/em>(1907),<em> Ruth <\/em>(1908),<em> Redemption <\/em>(1909),<em> Rebecca <\/em>(1909) and<em> Psyche <\/em>(1919), by C. Franck\n&#8211;\u00a0\u00a0\u00a0\u00a0\u00a0\u00a0 <em>Faust <\/em>(1908), by R. Schumann\n&#8211;\u00a0\u00a0\u00a0\u00a0\u00a0\u00a0 <em>Dinner of the Apostles <\/em>(1895),<em> Parsifal (fragments)<\/em> (1914), <em>The Master Singers (1916) (fragments)<\/em>, by R. Wagner\n&#8211;\u00a0\u00a0\u00a0\u00a0\u00a0\u00a0 <em>Song of The Spirits Over The Waters  <\/em>(1901), by F. Schubert\n&#8211;\u00a0\u00a0\u00a0\u00a0\u00a0\u00a0 <em>Christmas Oratorio (fragments) <\/em>(1901), by J. S. Bach\n&#8211;\u00a0\u00a0\u00a0\u00a0\u00a0\u00a0 <em>Olav Trygvason Norwiegen Mythology  <\/em>(1901), by E. Grieg\n&#8211;\u00a0\u00a0\u00a0\u00a0\u00a0\u00a0 <em>The Damnation of Fausto <\/em> (1909), by H. Berlioz\n&#8211;\u00a0\u00a0\u00a0\u00a0\u00a0\u00a0 <em>The Passion os St Matthew(fragments) <\/em>(1912), by J. S. Bach\n&#8211;\u00a0\u00a0\u00a0\u00a0\u00a0\u00a0 <em>A German Requiem <\/em>(1913), by J. Brahms\n&#8211;\u00a0\u00a0\u00a0\u00a0\u00a0\u00a0 <em>L\u2019Arlesienne <\/em>(1916), by G. Bizet\n&#8211;\u00a0\u00a0\u00a0\u00a0\u00a0\u00a0 <em>The Dance of Pr\u00ednce Igor <\/em>(1919), by A. Borodin\n&#8211;\u00a0\u00a0\u00a0\u00a0\u00a0\u00a0 <em>Requiem <\/em>(1934), by G. Verdi\n&#8211;\u00a0\u00a0\u00a0\u00a0\u00a0\u00a0 <em>Psalm XLVII <\/em> (1943), by F. Schmitt\n&#8211;\u00a0\u00a0\u00a0\u00a0\u00a0\u00a0 <em>El\u00edjah<\/em> (1953), by F. Mendelssohn\n&#8211;\u00a0\u00a0\u00a0\u00a0\u00a0\u00a0 <em>Solemn whispers of a Confessor  <\/em>(1956), by W. A. Mozart\n&#8211;\u00a0\u00a0\u00a0\u00a0\u00a0\u00a0 <em>Carmina Burana <\/em>(1960), by C. Orff\n&#8211;\u00a0\u00a0\u00a0\u00a0\u00a0\u00a0 <em>Hodie <\/em>(1997), by R.Vaughan-Williams\n&#8211;\u00a0\u00a0\u00a0\u00a0\u00a0\u00a0 <em>Requiem <\/em>(2003), by G. Ligeti\n&#8211;\u00a0\u00a0\u00a0\u00a0\u00a0\u00a0 <em>Spring Symphony <\/em>(2012), by B. Britten<\/p>\n<p>And on the <strong>world stage:<\/strong><\/p>\n<p>&#8211;\u00a0\u00a0\u00a0\u00a0\u00a0\u00a0 <em>Basque Paintings <\/em>(1931), by J. Guridi\n&#8211;\u00a0\u00a0\u00a0\u00a0\u00a0\u00a0 <em>Castilla (oratorio) <\/em>(1941), by J. Ar\u00e1mbarri\n&#8211;\u00a0\u00a0\u00a0\u00a0\u00a0\u00a0 <em>Illeta (cantata) <\/em>(1955) y<em> Gernika (\u00f3pera) <\/em>(1987), by F. Escudero\n&#8211;\u00a0\u00a0\u00a0\u00a0\u00a0\u00a0 <em>Gernika (oratorio) <\/em>(1990), by G. Sierra\n&#8211;\u00a0\u00a0\u00a0\u00a0\u00a0\u00a0 <em>Medea (\u00f3pera) <\/em>(1991), by M. Theodorakis\n&#8211;\u00a0\u00a0\u00a0\u00a0\u00a0\u00a0 <em>Euskadi. Euskarari Abestia <\/em>(1995), by C. A. Bernaola<\/p><\/div><\/div>\n<h5 class='dt-sc-toggle-accordion '><a href='#'>Great Orchestras<\/a><\/h5><div class=\"dt-sc-toggle-content\" style=\"display: none;\"><div class=\"block\"><a href=\"https:\/\/www.coraldebilbao.com\/wp-content\/uploads\/2014\/08\/5grandesorquestas.jpg\"><img loading=\"lazy\" src=\"https:\/\/www.coraldebilbao.com\/wp-content\/uploads\/2014\/08\/5grandesorquestas-300x209.jpg\" alt=\"5grandesorquestas\" width=\"300\" height=\"209\" class=\"alignleft size-medium wp-image-1595\" srcset=\"https:\/\/www.coraldebilbao.com\/wp-content\/uploads\/2014\/08\/5grandesorquestas-300x209.jpg 300w, https:\/\/www.coraldebilbao.com\/wp-content\/uploads\/2014\/08\/5grandesorquestas.jpg 800w\" sizes=\"(max-width: 300px) 100vw, 300px\" \/><\/a>Since 1986, when they toured Puerto Rico, accompanied by the National Orchestra of Puerto Rico, led by its ownerOd\u00f3n Alonso, they have intensified their participation in concerts and festivals, not only in Spain, but also in France, Portugal and Germany. They have performed together with almost every major orchestra in Spain, and abroad, such as, The Moscow Symphony Orchestra, Orchestra Radio-Diffusion Portuguesa, National Orchestra of Bordeaux Aquitania, National Orchestra du Capitole of Toulouse, Lyon, The Royal Philharmonic Orchestra, Budapest Symphony Orchestra, Berlin Philharmonic, Symphony Orchestra of Aachen, Ensemble InterCompetorian Paris, Orchestra Lamoureux, Orchestra Wiener Akademie, Szeged Symphony Orchestra, Tokyo Metropolitan Symphony Orchestra and the BBC Symphony Orchestra.In this list of international projects we must mention, in May of 2006 the put on several concerts in the Japanese capital, with the Metropolitan Symphony Orchestra in Tokyo.<\/div><\/div>\n<h5 class='dt-sc-toggle-accordion '><a href='#'>Recordings<\/a><\/h5><div class=\"dt-sc-toggle-content\" style=\"display: none;\"><div class=\"block\"><a href=\"https:\/\/www.coraldebilbao.com\/wp-content\/uploads\/2014\/08\/6grabaciones.jpg\"><img loading=\"lazy\" src=\"https:\/\/www.coraldebilbao.com\/wp-content\/uploads\/2014\/08\/6grabaciones-300x199.jpg\" alt=\"6grabaciones\" width=\"300\" height=\"199\" class=\"alignright size-medium wp-image-1598\" srcset=\"https:\/\/www.coraldebilbao.com\/wp-content\/uploads\/2014\/08\/6grabaciones-300x199.jpg 300w, https:\/\/www.coraldebilbao.com\/wp-content\/uploads\/2014\/08\/6grabaciones.jpg 800w\" sizes=\"(max-width: 300px) 100vw, 300px\" \/><\/a>The Choral Society of Bilbao has recorded the following discs:\n&#8211;       Misa Criolla by Ariel Ram\u00edrez, together with the Coral Salv\u00e9, the tenor Jos\u00e9 Carreras and our own Ariel Ram\u00edrez on piano. Director, Jos\u00e9 Luis Ocejo.<\/br>\n&#8211;       Herodiade de Massenett, with the National Orchestra of Capitole de Toulouse.Director, Michel Plasson. <\/br>\n&#8211;       Alegr\u00edas by A. Garc\u00eda Abril, with the Symphony Orchestra of Galicia. Director, V\u00edctor Pablo P\u00e9rez. <\/br>\n&#8211;       Goyescas by E. Granados, with the Ochestra of Cadaqu\u00e9s. Director, Gianandrea Noseda. <\/br>\n&#8211;       Agur Jaunak Music by various Basque Authors with the National of Capitole de Toulouse.Director, Michel Plasson. <\/br>\n&#8211;       Amaya by J. Guridiwith the Symphony Orchestra of Bilbao. Director, Theo Alc\u00e1ntara. <\/br>\n&#8211;       El Caser\u00edo by J. Guridiwith the Symphony Orchestra of Bilbao. Director, Juan Jos\u00e9 Mena. <\/br>\n&#8211;       So Sing the Boysby J. Guridi with the Symphony Orchestra of Bilbao. Director, Juan Jos\u00e9 Mena. <\/br>\n&#8211;       Soroz\u00e1bal Various Works by P. Soroz\u00e1bal with the Symphony Orchestra of the Basque Country. Director, Christian Mandeal. <\/br>\n&#8211;       Turandot by G. Puccini, with the Philharmonic Orchestra of M\u00e1laga. Director, Alexander Rahbari. <\/br>\n&#8211;        Concert to Commemorate the XXV anniversary of the Spanish Constitution (Spanish, European and South American church music). Director, Gorka Sierra. <\/br>\n&#8211;       Gernika by F. Escudero, with the Symphony Orchestra of the Basque Country. Director, Jos\u00e9 Ram\u00f3n Encinar. <\/br>\n&#8211;       Katiuska by Pablo Sorozabal (DVD) an Arriaga Theatre Production with the Symphony Orchestra of Bilbao. Director, David Gim\u00e9nez Carreras <\/br>\n&#8211;       125 Urte Kantuan-Singing through 125 years. Basque Music by various Authors with the Municipal Band of Bilbao. Director, I\u00f1aki Urkizu. <\/br>\n&#8211;       BBVA Christmas Concert. 125th Anniversary of the Choral Society of Bilbao. Basque Music by various Authors with the Municipal Band of Bilbao. Director, I\u00f1akiUrkizu. <\/br>\n&#8211;      Pop Music. Choir and piano versions of various pop music classics. Director, Urko Sangroniz <\/br><\/div><\/div>\n<h5 class='dt-sc-toggle-accordion '><a href='#'>Relevant awards<\/a><\/h5><div class=\"dt-sc-toggle-content\" style=\"display: none;\"><div class=\"block\"><a href=\"https:\/\/www.coraldebilbao.com\/wp-content\/uploads\/2014\/08\/7galardones.jpg\"><img loading=\"lazy\" src=\"https:\/\/www.coraldebilbao.com\/wp-content\/uploads\/2014\/08\/7galardones-300x199.jpg\" alt=\"7galardones\" width=\"300\" height=\"199\" class=\"alignleft size-medium wp-image-1601\" srcset=\"https:\/\/www.coraldebilbao.com\/wp-content\/uploads\/2014\/08\/7galardones-300x199.jpg 300w, https:\/\/www.coraldebilbao.com\/wp-content\/uploads\/2014\/08\/7galardones.jpg 800w\" sizes=\"(max-width: 300px) 100vw, 300px\" \/><\/a>The Choral Society has received in recent years the following <strong>awards<\/strong>:\n&#8211;       The Fine Arts Gold Medal of Merit (1986) \n&#8211;       The Chamber of Commerce Centenary Gold Medal, Industry and Seamanship of Bilbao (1986) \n&#8211;       The Gold Medal of the Federation of Choirs in Vizcaya (1986) \n&#8211;       The 50th Anniversary Medal of the Foundation of UNICEF (1996) \n&#8211;       Named a social Collective by The Bascongada Royal Society, Friends of the Country (1997) \n&#8211;       The Andr\u00e9s de Ma\u00f1aricua y NuereAward, awarded by the Diputaci\u00f3n Foral de Bizkaia (1998) \n&#8211;       Sabino Arana Foundation award, in the Society category (2001) \n&#8211;       UNICEF Medal (2003) \n&#8211;       The Medal of Honor at the Royal Academy of Fine Arts in San Fernando (2005) \n&#8211;       Omenaldia Ibilaldia-A homage to the fiestas of the Ikastolas of Vizcaya,for their continued workin Basque Folkmusic and Basque (2005) \n&#8211;       The Gold Medal of  la Villa de Bilbao (2007) \n&#8211;       \u201cAmbassadors of the Txakoli of Vizcaya\u201d, named so by the Consejo de Denominaci\u00f3n de Origen de Bizkaiko Txakolina (2007) \n&#8211;       Dama Bilbaina, awarded by the Bilbaina Society (2013)<\/div><\/div><\/div>\n","protected":false},"excerpt":{"rendered":"<p>History 1886-2014 Founded as the Orfe\u00f3n Bilbaino in June 1886, and later renamed the Sociedad Coral de Bilbao on the 3rd of August that same year, it was formed with the aim of promoting awareness and spreading music in general, choir singing in particular<\/p>\n","protected":false},"author":6,"featured_media":0,"parent":2329,"menu_order":1,"comment_status":"open","ping_status":"open","template":"","meta":[],"_links":{"self":[{"href":"https:\/\/www.coraldebilbao.com\/en\/wp-json\/wp\/v2\/pages\/2359"}],"collection":[{"href":"https:\/\/www.coraldebilbao.com\/en\/wp-json\/wp\/v2\/pages"}],"about":[{"href":"https:\/\/www.coraldebilbao.com\/en\/wp-json\/wp\/v2\/types\/page"}],"author":[{"embeddable":true,"href":"https:\/\/www.coraldebilbao.com\/en\/wp-json\/wp\/v2\/users\/6"}],"replies":[{"embeddable":true,"href":"https:\/\/www.coraldebilbao.com\/en\/wp-json\/wp\/v2\/comments?post=2359"}],"version-history":[{"count":0,"href":"https:\/\/www.coraldebilbao.com\/en\/wp-json\/wp\/v2\/pages\/2359\/revisions"}],"up":[{"embeddable":true,"href":"https:\/\/www.coraldebilbao.com\/en\/wp-json\/wp\/v2\/pages\/2329"}],"wp:attachment":[{"href":"https:\/\/www.coraldebilbao.com\/en\/wp-json\/wp\/v2\/media?parent=2359"}],"curies":[{"name":"wp","href":"https:\/\/api.w.org\/{rel}","templated":true}]}}